{"id":2508,"date":"2020-02-13T14:33:52","date_gmt":"2020-02-13T13:33:52","guid":{"rendered":"https:\/\/www.ingeneo.tech\/catalogos\/"},"modified":"2024-04-08T12:31:02","modified_gmt":"2024-04-08T10:31:02","slug":"brochures","status":"publish","type":"page","link":"https:\/\/www.ingeneo.tech\/en\/brochures\/","title":{"rendered":"Brochures"},"content":{"rendered":"\n<div class=\"wp-block-media-text alignwide is-stacked-on-mobile catalogo-img\" style=\"grid-template-columns:20% auto\"><figure class=\"wp-block-media-text__media\"><img loading=\"lazy\" decoding=\"async\" width=\"324\" height=\"642\" src=\"https:\/\/www.ingeneo.tech\/wp-content\/uploads\/2020\/02\/LOGO-CATALOGO-FRITAS-Y-ESMALTES.jpg\" alt=\"\" class=\"wp-image-2478 size-full\" srcset=\"https:\/\/www.ingeneo.tech\/wp-content\/uploads\/2020\/02\/LOGO-CATALOGO-FRITAS-Y-ESMALTES.jpg 324w, https:\/\/www.ingeneo.tech\/wp-content\/uploads\/2020\/02\/LOGO-CATALOGO-FRITAS-Y-ESMALTES-151x300.jpg 151w\" sizes=\"auto, (max-width: 324px) 100vw, 324px\" \/><\/figure><div class=\"wp-block-media-text__content\">\n<h4 class=\"wp-block-heading\"><strong>Frits and Glazes <\/strong><\/h4>\n\n\n\n<p>1,4MB<\/p>\n\n\n\n<p><a rel=\"noreferrer noopener\" aria-label=\" (se abre en una nueva pesta\u00f1a)\" href=\"https:\/\/www.ingeneo.tech\/wp-content\/uploads\/2020\/02\/INGENEO_FRITAS-Y-ESMALTES_FRITS-AND-GLAZES-WEB.pdf\" target=\"_blank\">Download PDF<\/a><\/p>\n<\/div><\/div>\n\n\n\n<hr class=\"wp-block-separator has-alpha-channel-opacity\"\/>\n\n\n\n<div class=\"wp-block-media-text alignwide catalogo-img\" style=\"grid-template-columns:20% auto\"><figure class=\"wp-block-media-text__media\"><img loading=\"lazy\" decoding=\"async\" width=\"497\" height=\"1024\" src=\"https:\/\/www.ingeneo.tech\/wp-content\/uploads\/2023\/05\/PORTADA-TRIPTICO-DEPURACION-DE-GASES-A3-V7_CEVISAMA_COLORES-497x1024.jpg\" alt=\"\" class=\"wp-image-6122 size-full\" srcset=\"https:\/\/www.ingeneo.tech\/wp-content\/uploads\/2023\/05\/PORTADA-TRIPTICO-DEPURACION-DE-GASES-A3-V7_CEVISAMA_COLORES-497x1024.jpg 497w, https:\/\/www.ingeneo.tech\/wp-content\/uploads\/2023\/05\/PORTADA-TRIPTICO-DEPURACION-DE-GASES-A3-V7_CEVISAMA_COLORES-146x300.jpg 146w, https:\/\/www.ingeneo.tech\/wp-content\/uploads\/2023\/05\/PORTADA-TRIPTICO-DEPURACION-DE-GASES-A3-V7_CEVISAMA_COLORES.jpg 545w\" sizes=\"auto, (max-width: 497px) 100vw, 497px\" \/><\/figure><div class=\"wp-block-media-text__content\">\n<h4 class=\"wp-block-heading\"><strong>Flue-Gas Cleaning<\/strong><\/h4>\n\n\n\n<p>1,5MB<\/p>\n\n\n\n<p><a href=\"https:\/\/www.ingeneo.tech\/wp-content\/uploads\/2020\/05\/TRIPTICO-DEPURACION-DE-GASES.pdf\" target=\"_blank\" rel=\"noreferrer noopener\" aria-label=\" (se abre en una nueva pesta\u00f1a)\">Download PDF<\/a><\/p>\n<\/div><\/div>\n\n\n\n<hr class=\"wp-block-separator has-alpha-channel-opacity\"\/>\n\n\n\n<div class=\"wp-block-media-text alignwide catalogo-img\" style=\"grid-template-columns:20% auto\"><figure class=\"wp-block-media-text__media\"><img loading=\"lazy\" decoding=\"async\" width=\"564\" height=\"1024\" src=\"https:\/\/www.ingeneo.tech\/wp-content\/uploads\/2020\/09\/WhatsApp-Image-2020-05-19-at-11.36.45-564x1024.jpeg\" alt=\"\" class=\"wp-image-2635 size-full\" srcset=\"https:\/\/www.ingeneo.tech\/wp-content\/uploads\/2020\/09\/WhatsApp-Image-2020-05-19-at-11.36.45-564x1024.jpeg 564w, https:\/\/www.ingeneo.tech\/wp-content\/uploads\/2020\/09\/WhatsApp-Image-2020-05-19-at-11.36.45-165x300.jpeg 165w, https:\/\/www.ingeneo.tech\/wp-content\/uploads\/2020\/09\/WhatsApp-Image-2020-05-19-at-11.36.45-768x1395.jpeg 768w, https:\/\/www.ingeneo.tech\/wp-content\/uploads\/2020\/09\/WhatsApp-Image-2020-05-19-at-11.36.45-846x1536.jpeg 846w, https:\/\/www.ingeneo.tech\/wp-content\/uploads\/2020\/09\/WhatsApp-Image-2020-05-19-at-11.36.45.jpeg 875w\" sizes=\"auto, (max-width: 564px) 100vw, 564px\" \/><\/figure><div class=\"wp-block-media-text__content\">\n<h4 class=\"wp-block-heading\"><strong>Steam Solutions<\/strong><\/h4>\n\n\n\n<p>8MB<\/p>\n\n\n\n<p><a href=\"https:\/\/www.ingeneo.tech\/wp-content\/uploads\/2020\/09\/Catalogo-Jumag-Ingeneo.pdf\" target=\"_blank\" rel=\"noreferrer noopener\">Download PDF<\/a><\/p>\n<\/div><\/div>\n\n\n\n<hr class=\"wp-block-separator has-alpha-channel-opacity\"\/>\n\n\n\n<div class=\"wp-block-media-text alignwide catalogo-img\" style=\"grid-template-columns:20% auto\"><figure class=\"wp-block-media-text__media\"><img loading=\"lazy\" decoding=\"async\" width=\"484\" height=\"1024\" src=\"https:\/\/www.ingeneo.tech\/wp-content\/uploads\/2023\/05\/PORTADA-TRIPTICO-RECUPERADORES-DE-CALOR-A3-V2-484x1024.jpg\" alt=\"\" class=\"wp-image-6110 size-full\"\/><\/figure><div class=\"wp-block-media-text__content\">\n<h4 class=\"wp-block-heading\"><strong>Heat Recuperators<\/strong><\/h4>\n\n\n\n<p>8MB<\/p>\n\n\n\n<p><a href=\"https:\/\/www.ingeneo.tech\/wp-content\/uploads\/2023\/05\/TRIPTICO-RECUPERADORES-DE-CALOR-A3-V3.pdf\" target=\"_blank\" rel=\"noreferrer noopener\">Download PDF<\/a><\/p>\n<\/div><\/div>\n\n\n\n<hr class=\"wp-block-separator has-alpha-channel-opacity\"\/>\n\n\n\n<div class=\"wp-block-media-text alignwide catalogo-img\" style=\"grid-template-columns:20% auto\"><figure class=\"wp-block-media-text__media\"><img loading=\"lazy\" decoding=\"async\" width=\"401\" height=\"842\" src=\"https:\/\/www.ingeneo.tech\/wp-content\/uploads\/2024\/04\/PORTADA-TRIPTICO-OXYECO.png\" alt=\"\" class=\"wp-image-6696 size-full\" srcset=\"https:\/\/www.ingeneo.tech\/wp-content\/uploads\/2024\/04\/PORTADA-TRIPTICO-OXYECO.png 401w, https:\/\/www.ingeneo.tech\/wp-content\/uploads\/2024\/04\/PORTADA-TRIPTICO-OXYECO-143x300.png 143w\" sizes=\"auto, (max-width: 401px) 100vw, 401px\" \/><\/figure><div class=\"wp-block-media-text__content\">\n<h4 class=\"wp-block-heading\"><strong>OXYECO High efficiency oxycombustion<\/strong><\/h4>\n\n\n\n<p>1,4 MB<\/p>\n\n\n\n<p><a href=\"https:\/\/www.ingeneo.tech\/wp-content\/uploads\/2024\/04\/TRIPTICO-OXICOMBUSTION-ALTA-EFICIENCIA-OXYECO.pdf\" target=\"_blank\" rel=\"noreferrer noopener\">Descargar PDF<\/a><\/p>\n<\/div><\/div>\n","protected":false},"excerpt":{"rendered":"<p>Frits and Glazes 1,4MB Download PDF Flue-Gas Cleaning 1,5MB Download PDF Steam Solutions 8MB Download PDF Heat Recuperators 8MB Download PDF OXYECO High efficiency oxycombustion 1,4 MB Descargar PDF<\/p>\n","protected":false},"author":1,"featured_media":0,"parent":0,"menu_order":0,"comment_status":"closed","ping_status":"closed","template":"","meta":{"footnotes":""},"class_list":["post-2508","page","type-page","status-publish","hentry"],"yoast_head":"<!-- This site is optimized with the Yoast SEO plugin v22.4 - https:\/\/yoast.com\/wordpress\/plugins\/seo\/ -->\n<title>Brochures - Ingeneo - Ingenier\u00eda, Hornos industriales, Equipos de combusti\u00f3n, Recuperadores de calor en Valencia<\/title>\n<meta name=\"robots\" content=\"index, follow, max-snippet:-1, max-image-preview:large, max-video-preview:-1\" \/>\n<link rel=\"canonical\" href=\"https:\/\/www.ingeneo.tech\/en\/brochures\/\" \/>\n<meta property=\"og:locale\" content=\"en_US\" \/>\n<meta property=\"og:type\" content=\"article\" \/>\n<meta property=\"og:title\" content=\"Brochures - Ingeneo - Ingenier\u00eda, Hornos industriales, Equipos de combusti\u00f3n, Recuperadores de calor en Valencia\" \/>\n<meta property=\"og:description\" content=\"Frits and Glazes 1,4MB Download PDF Flue-Gas Cleaning 1,5MB Download PDF Steam Solutions 8MB Download PDF Heat Recuperators 8MB Download PDF OXYECO High efficiency oxycombustion 1,4 MB Descargar PDF\" \/>\n<meta property=\"og:url\" content=\"https:\/\/www.ingeneo.tech\/en\/brochures\/\" \/>\n<meta property=\"og:site_name\" content=\"Ingeneo - Ingenier\u00eda, Hornos industriales, Equipos de combusti\u00f3n, Recuperadores de calor en Valencia\" \/>\n<meta property=\"article:modified_time\" content=\"2024-04-08T10:31:02+00:00\" \/>\n<meta property=\"og:image\" content=\"https:\/\/www.ingeneo.tech\/wp-content\/uploads\/2020\/02\/LOGO-CATALOGO-FRITAS-Y-ESMALTES.jpg\" \/>\n<meta name=\"twitter:card\" content=\"summary_large_image\" \/>\n<meta name=\"twitter:label1\" content=\"Est. reading time\" \/>\n\t<meta name=\"twitter:data1\" content=\"2 minutes\" \/>\n<script type=\"application\/ld+json\" class=\"yoast-schema-graph\">{\"@context\":\"https:\/\/schema.org\",\"@graph\":[{\"@type\":\"WebPage\",\"@id\":\"https:\/\/www.ingeneo.tech\/en\/brochures\/\",\"url\":\"https:\/\/www.ingeneo.tech\/en\/brochures\/\",\"name\":\"Brochures - Ingeneo - Ingenier\u00eda, Hornos industriales, Equipos de combusti\u00f3n, Recuperadores de calor en Valencia\",\"isPartOf\":{\"@id\":\"https:\/\/www.ingeneo.tech\/en\/#website\"},\"primaryImageOfPage\":{\"@id\":\"https:\/\/www.ingeneo.tech\/en\/brochures\/#primaryimage\"},\"image\":{\"@id\":\"https:\/\/www.ingeneo.tech\/en\/brochures\/#primaryimage\"},\"thumbnailUrl\":\"https:\/\/www.ingeneo.tech\/wp-content\/uploads\/2020\/02\/LOGO-CATALOGO-FRITAS-Y-ESMALTES.jpg\",\"datePublished\":\"2020-02-13T13:33:52+00:00\",\"dateModified\":\"2024-04-08T10:31:02+00:00\",\"breadcrumb\":{\"@id\":\"https:\/\/www.ingeneo.tech\/en\/brochures\/#breadcrumb\"},\"inLanguage\":\"en-US\",\"potentialAction\":[{\"@type\":\"ReadAction\",\"target\":[\"https:\/\/www.ingeneo.tech\/en\/brochures\/\"]}]},{\"@type\":\"ImageObject\",\"inLanguage\":\"en-US\",\"@id\":\"https:\/\/www.ingeneo.tech\/en\/brochures\/#primaryimage\",\"url\":\"https:\/\/www.ingeneo.tech\/wp-content\/uploads\/2020\/02\/LOGO-CATALOGO-FRITAS-Y-ESMALTES.jpg\",\"contentUrl\":\"https:\/\/www.ingeneo.tech\/wp-content\/uploads\/2020\/02\/LOGO-CATALOGO-FRITAS-Y-ESMALTES.jpg\"},{\"@type\":\"BreadcrumbList\",\"@id\":\"https:\/\/www.ingeneo.tech\/en\/brochures\/#breadcrumb\",\"itemListElement\":[{\"@type\":\"ListItem\",\"position\":1,\"name\":\"Portada\",\"item\":\"https:\/\/www.ingeneo.tech\/en\/\"},{\"@type\":\"ListItem\",\"position\":2,\"name\":\"Brochures\"}]},{\"@type\":\"WebSite\",\"@id\":\"https:\/\/www.ingeneo.tech\/en\/#website\",\"url\":\"https:\/\/www.ingeneo.tech\/en\/\",\"name\":\"Ingeneo - Ingenier\u00eda, Hornos industriales, Equipos de combusti\u00f3n, Recuperadores de calor en Valencia\",\"description\":\"Ingenier\u00eda, Hornos industriales, Equipos de combusti\u00f3n, Recuperadores de calor en Valencia\",\"potentialAction\":[{\"@type\":\"SearchAction\",\"target\":{\"@type\":\"EntryPoint\",\"urlTemplate\":\"https:\/\/www.ingeneo.tech\/en\/?s={search_term_string}\"},\"query-input\":\"required name=search_term_string\"}],\"inLanguage\":\"en-US\"}]}<\/script>\n<!-- \/ Yoast SEO plugin. -->","yoast_head_json":{"title":"Brochures - Ingeneo - Ingenier\u00eda, Hornos industriales, Equipos de combusti\u00f3n, Recuperadores de calor en Valencia","robots":{"index":"index","follow":"follow","max-snippet":"max-snippet:-1","max-image-preview":"max-image-preview:large","max-video-preview":"max-video-preview:-1"},"canonical":"https:\/\/www.ingeneo.tech\/en\/brochures\/","og_locale":"en_US","og_type":"article","og_title":"Brochures - Ingeneo - Ingenier\u00eda, Hornos industriales, Equipos de combusti\u00f3n, Recuperadores de calor en Valencia","og_description":"Frits and Glazes 1,4MB Download PDF Flue-Gas Cleaning 1,5MB Download PDF Steam Solutions 8MB Download PDF Heat Recuperators 8MB Download PDF OXYECO High efficiency oxycombustion 1,4 MB Descargar PDF","og_url":"https:\/\/www.ingeneo.tech\/en\/brochures\/","og_site_name":"Ingeneo - Ingenier\u00eda, Hornos industriales, Equipos de combusti\u00f3n, Recuperadores de calor en Valencia","article_modified_time":"2024-04-08T10:31:02+00:00","og_image":[{"url":"https:\/\/www.ingeneo.tech\/wp-content\/uploads\/2020\/02\/LOGO-CATALOGO-FRITAS-Y-ESMALTES.jpg"}],"twitter_card":"summary_large_image","twitter_misc":{"Est. reading time":"2 minutes"},"schema":{"@context":"https:\/\/schema.org","@graph":[{"@type":"WebPage","@id":"https:\/\/www.ingeneo.tech\/en\/brochures\/","url":"https:\/\/www.ingeneo.tech\/en\/brochures\/","name":"Brochures - Ingeneo - Ingenier\u00eda, Hornos industriales, Equipos de combusti\u00f3n, Recuperadores de calor en Valencia","isPartOf":{"@id":"https:\/\/www.ingeneo.tech\/en\/#website"},"primaryImageOfPage":{"@id":"https:\/\/www.ingeneo.tech\/en\/brochures\/#primaryimage"},"image":{"@id":"https:\/\/www.ingeneo.tech\/en\/brochures\/#primaryimage"},"thumbnailUrl":"https:\/\/www.ingeneo.tech\/wp-content\/uploads\/2020\/02\/LOGO-CATALOGO-FRITAS-Y-ESMALTES.jpg","datePublished":"2020-02-13T13:33:52+00:00","dateModified":"2024-04-08T10:31:02+00:00","breadcrumb":{"@id":"https:\/\/www.ingeneo.tech\/en\/brochures\/#breadcrumb"},"inLanguage":"en-US","potentialAction":[{"@type":"ReadAction","target":["https:\/\/www.ingeneo.tech\/en\/brochures\/"]}]},{"@type":"ImageObject","inLanguage":"en-US","@id":"https:\/\/www.ingeneo.tech\/en\/brochures\/#primaryimage","url":"https:\/\/www.ingeneo.tech\/wp-content\/uploads\/2020\/02\/LOGO-CATALOGO-FRITAS-Y-ESMALTES.jpg","contentUrl":"https:\/\/www.ingeneo.tech\/wp-content\/uploads\/2020\/02\/LOGO-CATALOGO-FRITAS-Y-ESMALTES.jpg"},{"@type":"BreadcrumbList","@id":"https:\/\/www.ingeneo.tech\/en\/brochures\/#breadcrumb","itemListElement":[{"@type":"ListItem","position":1,"name":"Portada","item":"https:\/\/www.ingeneo.tech\/en\/"},{"@type":"ListItem","position":2,"name":"Brochures"}]},{"@type":"WebSite","@id":"https:\/\/www.ingeneo.tech\/en\/#website","url":"https:\/\/www.ingeneo.tech\/en\/","name":"Ingeneo - Ingenier\u00eda, Hornos industriales, Equipos de combusti\u00f3n, Recuperadores de calor en Valencia","description":"Ingenier\u00eda, Hornos industriales, Equipos de combusti\u00f3n, Recuperadores de calor en Valencia","potentialAction":[{"@type":"SearchAction","target":{"@type":"EntryPoint","urlTemplate":"https:\/\/www.ingeneo.tech\/en\/?s={search_term_string}"},"query-input":"required name=search_term_string"}],"inLanguage":"en-US"}]}},"_links":{"self":[{"href":"https:\/\/www.ingeneo.tech\/en\/wp-json\/wp\/v2\/pages\/2508","targetHints":{"allow":["GET"]}}],"collection":[{"href":"https:\/\/www.ingeneo.tech\/en\/wp-json\/wp\/v2\/pages"}],"about":[{"href":"https:\/\/www.ingeneo.tech\/en\/wp-json\/wp\/v2\/types\/page"}],"author":[{"embeddable":true,"href":"https:\/\/www.ingeneo.tech\/en\/wp-json\/wp\/v2\/users\/1"}],"replies":[{"embeddable":true,"href":"https:\/\/www.ingeneo.tech\/en\/wp-json\/wp\/v2\/comments?post=2508"}],"version-history":[{"count":14,"href":"https:\/\/www.ingeneo.tech\/en\/wp-json\/wp\/v2\/pages\/2508\/revisions"}],"predecessor-version":[{"id":6713,"href":"https:\/\/www.ingeneo.tech\/en\/wp-json\/wp\/v2\/pages\/2508\/revisions\/6713"}],"wp:attachment":[{"href":"https:\/\/www.ingeneo.tech\/en\/wp-json\/wp\/v2\/media?parent=2508"}],"curies":[{"name":"wp","href":"https:\/\/api.w.org\/{rel}","templated":true}]}}