{"id":2353,"date":"2019-11-10T21:10:39","date_gmt":"2019-11-10T20:10:39","guid":{"rendered":"https:\/\/www.ingeneo.tech\/tratamiento-de-covs\/"},"modified":"2020-01-21T12:13:03","modified_gmt":"2020-01-21T11:13:03","slug":"voc-emissions","status":"publish","type":"page","link":"https:\/\/www.ingeneo.tech\/en\/voc-emissions\/","title":{"rendered":"VOC Emissions"},"content":{"rendered":"\n<div class=\"wp-block-columns is-layout-flex wp-container-core-columns-is-layout-9d6595d7 wp-block-columns-is-layout-flex\">\n<div class=\"wp-block-column is-layout-flow wp-block-column-is-layout-flow\"><div id=\"new-royalslider-27\" class=\"royalSlider new-royalslider-27 rsDefaultInv rs-image-gallery\" style=\"width:100%;height:600px;;\" data-rs-options='{&quot;template&quot;:&quot;default&quot;,&quot;image_generation&quot;:{&quot;lazyLoading&quot;:&quot;true&quot;,&quot;imageWidth&quot;:&quot;&quot;,&quot;imageHeight&quot;:&quot;&quot;,&quot;thumbImageWidth&quot;:96,&quot;thumbImageHeight&quot;:72},&quot;thumbs&quot;:{&quot;paddingBottom&quot;:4,&quot;thumbWidth&quot;:96,&quot;thumbHeight&quot;:72,&quot;appendSpan&quot;:&quot;true&quot;},&quot;autoPlay&quot;:{&quot;enabled&quot;:&quot;true&quot;},&quot;fullscreen&quot;:{&quot;enabled&quot;:&quot;true&quot;,&quot;nativeFS&quot;:&quot;true&quot;},&quot;video&quot;:[],&quot;block&quot;:{&quot;moveOffset&quot;:20,&quot;speed&quot;:400,&quot;delay&quot;:200},&quot;width&quot;:&quot;100%&quot;,&quot;height&quot;:600,&quot;autoScaleSlider&quot;:&quot;true&quot;,&quot;autoScaleSliderWidth&quot;:960,&quot;autoScaleSliderHeight&quot;:850,&quot;imageScaleMode&quot;:&quot;fit&quot;,&quot;controlNavigation&quot;:&quot;thumbnails&quot;,&quot;arrowsNavHideOnTouch&quot;:&quot;true&quot;,&quot;globalCaptionInside&quot;:&quot;true&quot;,&quot;keyboardNavEnabled&quot;:&quot;true&quot;,&quot;fadeinLoadedSlide&quot;:&quot;false&quot;}'>\n<div class=\"rsContent\">\n  <a class=\"rsImg\" href=\"https:\/\/www.ingeneo.tech\/wp-content\/uploads\/2019\/12\/WhatsApp-Image-2019-12-03-at-10.20.57.jpeg\" data-rsBigImg=\"https:\/\/www.ingeneo.tech\/wp-content\/uploads\/2019\/12\/WhatsApp-Image-2019-12-03-at-10.20.57.jpeg\">WhatsApp Image 2019-12-03 at 10.20.57<\/a>\n  <div class=\"rsTmb\"><img decoding=\"async\" src=\"https:\/\/www.ingeneo.tech\/wp-content\/uploads\/2019\/12\/WhatsApp-Image-2019-12-03-at-10.20.57-96x72.jpeg\" alt=\"\" \/><\/div>\n  \n  \n<\/div>\n<div class=\"rsContent\">\n  <a class=\"rsImg\" href=\"https:\/\/www.ingeneo.tech\/wp-content\/uploads\/2019\/10\/Ingeneo_camaras_oxidacion_termica-e1573469524194.png\" data-rsBigImg=\"https:\/\/www.ingeneo.tech\/wp-content\/uploads\/2019\/10\/Ingeneo_camaras_oxidacion_termica-e1573469524194.png\">Ingeneo_camaras_oxidacion_termica<\/a>\n  <div class=\"rsTmb\"><img decoding=\"async\" src=\"https:\/\/www.ingeneo.tech\/wp-content\/uploads\/2019\/10\/Ingeneo_camaras_oxidacion_termica-e1573469524194-96x72.png\" alt=\"\" \/><\/div>\n  \n  \n<\/div>\n<div class=\"rsContent\">\n  <a class=\"rsImg\" href=\"https:\/\/www.ingeneo.tech\/wp-content\/uploads\/2019\/10\/Ingeneo_filtro_de_mangas-e1573414336742-678x1024.png\" data-rsBigImg=\"https:\/\/www.ingeneo.tech\/wp-content\/uploads\/2019\/10\/Ingeneo_filtro_de_mangas-e1573414336742.png\">Ingeneo_filtro_de_mangas<\/a>\n  <div class=\"rsTmb\"><img decoding=\"async\" src=\"https:\/\/www.ingeneo.tech\/wp-content\/uploads\/2019\/10\/Ingeneo_filtro_de_mangas-e1573414336742-96x72.png\" alt=\"\" \/><\/div>\n  \n  \n<\/div>\n\n<\/div>\n\n<\/div>\n\n\n\n<div class=\"wp-block-column is-layout-flow wp-block-column-is-layout-flow\">\n<p><\/p>\n\n\n\n<p><em>\u201dVolatile organic compounds (VOCs) are those organic compounds that, at room temperature, are either in the gas state or are very volatile liquids. Formally, VOC is considered to be any organic compound that at 20\u00baC has a vapor pressure equal to or greater than 0.01 kPa, or equivalent volatility under the particular conditions of use \u201d<\/em>.<\/p>\n\n\n\n<p>These compounds can be found, in general, in any type of industry that uses solvents of any kind either or in which we simply contact a gaseous stream at temperature enough to evaporate or dissolve in that stream the organics contained in the material.<\/p>\n<\/div>\n<\/div>\n\n\n\n<p>INGENEO team designs and builds Regenerative Thermal Oxidation (RTO) equipment which is a elimination or &#8220;destructive&#8221; process for VOCs, since they transform these VOCs into inert substances.<\/p>\n\n\n\n<p>Ingeneo produces <a href=\"https:\/\/www.ingeneo.tech\/en\/thermal-oxidation\/\">thermal oxidation chambers<\/a>, <a href=\"https:\/\/www.ingeneo.tech\/en\/refractory-materials-supply\/\">supplies and installs refractory materials<\/a> and <a href=\"https:\/\/www.ingeneo.tech\/en\/bag-filter\/\">sleeve filters<\/a>.<\/p>\n","protected":false},"excerpt":{"rendered":"<p>\u201dVolatile organic compounds (VOCs) are those organic compounds that, at room temperature, are either in the gas state or are very volatile liquids. Formally, VOC is considered to be any organic compound that at 20\u00baC has a vapor pressure equal to or greater than 0.01 kPa, or equivalent volatility under the particular conditions of use<\/p>\n","protected":false},"author":1,"featured_media":0,"parent":0,"menu_order":0,"comment_status":"closed","ping_status":"closed","template":"","meta":{"footnotes":""},"class_list":["post-2353","page","type-page","status-publish","hentry"],"yoast_head":"<!-- This site is optimized with the Yoast SEO plugin v22.4 - https:\/\/yoast.com\/wordpress\/plugins\/seo\/ -->\n<title>VOC Emissions - Ingeneo - Ingenier\u00eda, Hornos industriales, Equipos de combusti\u00f3n, Recuperadores de calor en Valencia<\/title>\n<meta name=\"robots\" content=\"index, follow, max-snippet:-1, max-image-preview:large, max-video-preview:-1\" \/>\n<link rel=\"canonical\" href=\"https:\/\/www.ingeneo.tech\/en\/voc-emissions\/\" \/>\n<meta property=\"og:locale\" content=\"en_US\" \/>\n<meta property=\"og:type\" content=\"article\" \/>\n<meta property=\"og:title\" content=\"VOC Emissions - Ingeneo - Ingenier\u00eda, Hornos industriales, Equipos de combusti\u00f3n, Recuperadores de calor en Valencia\" \/>\n<meta property=\"og:description\" content=\"\u201dVolatile organic compounds (VOCs) are those organic compounds that, at room temperature, are either in the gas state or are very volatile liquids. Formally, VOC is considered to be any organic compound that at 20\u00baC has a vapor pressure equal to or greater than 0.01 kPa, or equivalent volatility under the particular conditions of use\" \/>\n<meta property=\"og:url\" content=\"https:\/\/www.ingeneo.tech\/en\/voc-emissions\/\" \/>\n<meta property=\"og:site_name\" content=\"Ingeneo - Ingenier\u00eda, Hornos industriales, Equipos de combusti\u00f3n, Recuperadores de calor en Valencia\" \/>\n<meta property=\"article:modified_time\" content=\"2020-01-21T11:13:03+00:00\" \/>\n<meta name=\"twitter:card\" content=\"summary_large_image\" \/>\n<meta name=\"twitter:label1\" content=\"Est. reading time\" \/>\n\t<meta name=\"twitter:data1\" content=\"1 minute\" \/>\n<script type=\"application\/ld+json\" class=\"yoast-schema-graph\">{\"@context\":\"https:\/\/schema.org\",\"@graph\":[{\"@type\":\"WebPage\",\"@id\":\"https:\/\/www.ingeneo.tech\/en\/voc-emissions\/\",\"url\":\"https:\/\/www.ingeneo.tech\/en\/voc-emissions\/\",\"name\":\"VOC Emissions - Ingeneo - Ingenier\u00eda, Hornos industriales, Equipos de combusti\u00f3n, Recuperadores de calor en Valencia\",\"isPartOf\":{\"@id\":\"https:\/\/www.ingeneo.tech\/en\/#website\"},\"datePublished\":\"2019-11-10T20:10:39+00:00\",\"dateModified\":\"2020-01-21T11:13:03+00:00\",\"breadcrumb\":{\"@id\":\"https:\/\/www.ingeneo.tech\/en\/voc-emissions\/#breadcrumb\"},\"inLanguage\":\"en-US\",\"potentialAction\":[{\"@type\":\"ReadAction\",\"target\":[\"https:\/\/www.ingeneo.tech\/en\/voc-emissions\/\"]}]},{\"@type\":\"BreadcrumbList\",\"@id\":\"https:\/\/www.ingeneo.tech\/en\/voc-emissions\/#breadcrumb\",\"itemListElement\":[{\"@type\":\"ListItem\",\"position\":1,\"name\":\"Portada\",\"item\":\"https:\/\/www.ingeneo.tech\/en\/\"},{\"@type\":\"ListItem\",\"position\":2,\"name\":\"VOC Emissions\"}]},{\"@type\":\"WebSite\",\"@id\":\"https:\/\/www.ingeneo.tech\/en\/#website\",\"url\":\"https:\/\/www.ingeneo.tech\/en\/\",\"name\":\"Ingeneo - Ingenier\u00eda, Hornos industriales, Equipos de combusti\u00f3n, Recuperadores de calor en Valencia\",\"description\":\"Ingenier\u00eda, Hornos industriales, Equipos de combusti\u00f3n, Recuperadores de calor en Valencia\",\"potentialAction\":[{\"@type\":\"SearchAction\",\"target\":{\"@type\":\"EntryPoint\",\"urlTemplate\":\"https:\/\/www.ingeneo.tech\/en\/?s={search_term_string}\"},\"query-input\":\"required name=search_term_string\"}],\"inLanguage\":\"en-US\"}]}<\/script>\n<!-- \/ Yoast SEO plugin. -->","yoast_head_json":{"title":"VOC Emissions - Ingeneo - Ingenier\u00eda, Hornos industriales, Equipos de combusti\u00f3n, Recuperadores de calor en Valencia","robots":{"index":"index","follow":"follow","max-snippet":"max-snippet:-1","max-image-preview":"max-image-preview:large","max-video-preview":"max-video-preview:-1"},"canonical":"https:\/\/www.ingeneo.tech\/en\/voc-emissions\/","og_locale":"en_US","og_type":"article","og_title":"VOC Emissions - Ingeneo - Ingenier\u00eda, Hornos industriales, Equipos de combusti\u00f3n, Recuperadores de calor en Valencia","og_description":"\u201dVolatile organic compounds (VOCs) are those organic compounds that, at room temperature, are either in the gas state or are very volatile liquids. Formally, VOC is considered to be any organic compound that at 20\u00baC has a vapor pressure equal to or greater than 0.01 kPa, or equivalent volatility under the particular conditions of use","og_url":"https:\/\/www.ingeneo.tech\/en\/voc-emissions\/","og_site_name":"Ingeneo - Ingenier\u00eda, Hornos industriales, Equipos de combusti\u00f3n, Recuperadores de calor en Valencia","article_modified_time":"2020-01-21T11:13:03+00:00","twitter_card":"summary_large_image","twitter_misc":{"Est. reading time":"1 minute"},"schema":{"@context":"https:\/\/schema.org","@graph":[{"@type":"WebPage","@id":"https:\/\/www.ingeneo.tech\/en\/voc-emissions\/","url":"https:\/\/www.ingeneo.tech\/en\/voc-emissions\/","name":"VOC Emissions - Ingeneo - Ingenier\u00eda, Hornos industriales, Equipos de combusti\u00f3n, Recuperadores de calor en Valencia","isPartOf":{"@id":"https:\/\/www.ingeneo.tech\/en\/#website"},"datePublished":"2019-11-10T20:10:39+00:00","dateModified":"2020-01-21T11:13:03+00:00","breadcrumb":{"@id":"https:\/\/www.ingeneo.tech\/en\/voc-emissions\/#breadcrumb"},"inLanguage":"en-US","potentialAction":[{"@type":"ReadAction","target":["https:\/\/www.ingeneo.tech\/en\/voc-emissions\/"]}]},{"@type":"BreadcrumbList","@id":"https:\/\/www.ingeneo.tech\/en\/voc-emissions\/#breadcrumb","itemListElement":[{"@type":"ListItem","position":1,"name":"Portada","item":"https:\/\/www.ingeneo.tech\/en\/"},{"@type":"ListItem","position":2,"name":"VOC Emissions"}]},{"@type":"WebSite","@id":"https:\/\/www.ingeneo.tech\/en\/#website","url":"https:\/\/www.ingeneo.tech\/en\/","name":"Ingeneo - Ingenier\u00eda, Hornos industriales, Equipos de combusti\u00f3n, Recuperadores de calor en Valencia","description":"Ingenier\u00eda, Hornos industriales, Equipos de combusti\u00f3n, Recuperadores de calor en Valencia","potentialAction":[{"@type":"SearchAction","target":{"@type":"EntryPoint","urlTemplate":"https:\/\/www.ingeneo.tech\/en\/?s={search_term_string}"},"query-input":"required name=search_term_string"}],"inLanguage":"en-US"}]}},"_links":{"self":[{"href":"https:\/\/www.ingeneo.tech\/en\/wp-json\/wp\/v2\/pages\/2353","targetHints":{"allow":["GET"]}}],"collection":[{"href":"https:\/\/www.ingeneo.tech\/en\/wp-json\/wp\/v2\/pages"}],"about":[{"href":"https:\/\/www.ingeneo.tech\/en\/wp-json\/wp\/v2\/types\/page"}],"author":[{"embeddable":true,"href":"https:\/\/www.ingeneo.tech\/en\/wp-json\/wp\/v2\/users\/1"}],"replies":[{"embeddable":true,"href":"https:\/\/www.ingeneo.tech\/en\/wp-json\/wp\/v2\/comments?post=2353"}],"version-history":[{"count":3,"href":"https:\/\/www.ingeneo.tech\/en\/wp-json\/wp\/v2\/pages\/2353\/revisions"}],"predecessor-version":[{"id":2441,"href":"https:\/\/www.ingeneo.tech\/en\/wp-json\/wp\/v2\/pages\/2353\/revisions\/2441"}],"wp:attachment":[{"href":"https:\/\/www.ingeneo.tech\/en\/wp-json\/wp\/v2\/media?parent=2353"}],"curies":[{"name":"wp","href":"https:\/\/api.w.org\/{rel}","templated":true}]}}