{"id":2345,"date":"2019-11-10T21:01:01","date_gmt":"2019-11-10T20:01:01","guid":{"rendered":"https:\/\/www.ingeneo.tech\/secado-de-orujo-de-uva\/"},"modified":"2020-01-21T08:15:05","modified_gmt":"2020-01-21T07:15:05","slug":"grape-pomace-drying","status":"publish","type":"page","link":"https:\/\/www.ingeneo.tech\/en\/grape-pomace-drying\/","title":{"rendered":"Grape Pomace Drying"},"content":{"rendered":"\n<div class=\"wp-block-columns is-layout-flex wp-container-core-columns-is-layout-9d6595d7 wp-block-columns-is-layout-flex\">\n<div class=\"wp-block-column is-layout-flow wp-block-column-is-layout-flow\"><div id=\"new-royalslider-23\" class=\"royalSlider new-royalslider-23 rsDefaultInv rs-image-gallery\" style=\"width:100%;height:600px;;\" data-rs-options='{&quot;template&quot;:&quot;default&quot;,&quot;image_generation&quot;:{&quot;lazyLoading&quot;:&quot;true&quot;,&quot;imageWidth&quot;:&quot;&quot;,&quot;imageHeight&quot;:&quot;&quot;,&quot;thumbImageWidth&quot;:96,&quot;thumbImageHeight&quot;:72},&quot;thumbs&quot;:{&quot;paddingBottom&quot;:4,&quot;thumbWidth&quot;:96,&quot;thumbHeight&quot;:72,&quot;appendSpan&quot;:&quot;true&quot;},&quot;autoPlay&quot;:{&quot;enabled&quot;:&quot;true&quot;},&quot;fullscreen&quot;:{&quot;enabled&quot;:&quot;true&quot;,&quot;nativeFS&quot;:&quot;true&quot;},&quot;video&quot;:[],&quot;block&quot;:{&quot;moveOffset&quot;:20,&quot;speed&quot;:400,&quot;delay&quot;:200},&quot;width&quot;:&quot;100%&quot;,&quot;height&quot;:600,&quot;autoScaleSlider&quot;:&quot;true&quot;,&quot;autoScaleSliderWidth&quot;:960,&quot;autoScaleSliderHeight&quot;:850,&quot;imageScaleMode&quot;:&quot;fit&quot;,&quot;controlNavigation&quot;:&quot;thumbnails&quot;,&quot;arrowsNavHideOnTouch&quot;:&quot;true&quot;,&quot;globalCaptionInside&quot;:&quot;true&quot;,&quot;keyboardNavEnabled&quot;:&quot;true&quot;,&quot;fadeinLoadedSlide&quot;:&quot;false&quot;}'>\n<div class=\"rsContent\">\n  <a class=\"rsImg\" href=\"https:\/\/www.ingeneo.tech\/wp-content\/uploads\/2019\/12\/Sector_Orujo_Uva.jpeg\" data-rsBigImg=\"https:\/\/www.ingeneo.tech\/wp-content\/uploads\/2019\/12\/Sector_Orujo_Uva.jpeg\">Sector_Orujo_Uva<\/a>\n  <div class=\"rsTmb\"><img decoding=\"async\" src=\"https:\/\/www.ingeneo.tech\/wp-content\/uploads\/2019\/12\/Sector_Orujo_Uva-96x72.jpeg\" alt=\"\" \/><\/div>\n  \n  \n<\/div>\n<div class=\"rsContent\">\n  <a class=\"rsImg\" href=\"https:\/\/www.ingeneo.tech\/wp-content\/uploads\/2019\/12\/HornoBiomasa_Generacion_Gases_Calientes-1024x801.jpeg\" data-rsBigImg=\"https:\/\/www.ingeneo.tech\/wp-content\/uploads\/2019\/12\/HornoBiomasa_Generacion_Gases_Calientes.jpeg\">HornoBiomasa_Generacion_Gases_Calientes<\/a>\n  <div class=\"rsTmb\"><img decoding=\"async\" src=\"https:\/\/www.ingeneo.tech\/wp-content\/uploads\/2019\/12\/HornoBiomasa_Generacion_Gases_Calientes-96x72.jpeg\" alt=\"\" \/><\/div>\n  \n  \n<\/div>\n\n<\/div>\n\n<\/div>\n\n\n\n<div class=\"wp-block-column is-layout-flow wp-block-column-is-layout-flow\">\n<p>Our technical and commercial team provides experience and knowledge for the maintenance and turnkey projects of furnaces and combustion chamber for&nbsp; grape pomace drying with grape pips. We can also perform the maintenance of your boilers for steam production.<\/p>\n<\/div>\n<\/div>\n\n\n\n<p>Ingeneo equipment which can be used in this sector are <a href=\"https:\/\/www.ingeneo.tech\/en\/biomass-furnaces\/\">biomass furnaces<\/a>,\u00a0<a href=\"https:\/\/www.ingeneo.tech\/en\/combustion-equipments\/\">combustion equipment<\/a>,\u00a0<a href=\"https:\/\/www.ingeneo.tech\/en\/refractory-materials-supply\/\">supply and installation of refractory materials<\/a>,\u00a0<a href=\"https:\/\/www.ingeneo.tech\/en\/bag-filter\/\">sleeve filters<\/a>,\u00a0<a href=\"https:\/\/www.ingeneo.tech\/en\/ceramic-filters\/\">ceramic filters<\/a>,\u00a0<a href=\"https:\/\/www.ingeneo.tech\/en\/cyclone-dust-collectors\/\">cyclones<\/a>\u00a0and\u00a0<a href=\"https:\/\/www.ingeneo.tech\/en\/thermal-oxidation\/\">thermal oxidation chambers<\/a>.<\/p>\n","protected":false},"excerpt":{"rendered":"<p>Our technical and commercial team provides experience and knowledge for the maintenance and turnkey projects of furnaces and combustion chamber for&nbsp; grape pomace drying with grape pips. We can also perform the maintenance of your boilers for steam production. Ingeneo equipment which can be used in this sector are biomass furnaces,\u00a0combustion equipment,\u00a0supply and installation of<\/p>\n","protected":false},"author":1,"featured_media":0,"parent":0,"menu_order":0,"comment_status":"closed","ping_status":"closed","template":"","meta":{"footnotes":""},"class_list":["post-2345","page","type-page","status-publish","hentry"],"yoast_head":"<!-- This site is optimized with the Yoast SEO plugin v22.4 - https:\/\/yoast.com\/wordpress\/plugins\/seo\/ -->\n<title>Grape Pomace Drying - Ingeneo - Ingenier\u00eda, Hornos industriales, Equipos de combusti\u00f3n, Recuperadores de calor en Valencia<\/title>\n<meta name=\"robots\" content=\"index, follow, max-snippet:-1, max-image-preview:large, max-video-preview:-1\" \/>\n<link rel=\"canonical\" href=\"https:\/\/www.ingeneo.tech\/en\/grape-pomace-drying\/\" \/>\n<meta property=\"og:locale\" content=\"en_US\" \/>\n<meta property=\"og:type\" content=\"article\" \/>\n<meta property=\"og:title\" content=\"Grape Pomace Drying - Ingeneo - Ingenier\u00eda, Hornos industriales, Equipos de combusti\u00f3n, Recuperadores de calor en Valencia\" \/>\n<meta property=\"og:description\" content=\"Our technical and commercial team provides experience and knowledge for the maintenance and turnkey projects of furnaces and combustion chamber for&nbsp; grape pomace drying with grape pips. We can also perform the maintenance of your boilers for steam production. Ingeneo equipment which can be used in this sector are biomass furnaces,\u00a0combustion equipment,\u00a0supply and installation of\" \/>\n<meta property=\"og:url\" content=\"https:\/\/www.ingeneo.tech\/en\/grape-pomace-drying\/\" \/>\n<meta property=\"og:site_name\" content=\"Ingeneo - Ingenier\u00eda, Hornos industriales, Equipos de combusti\u00f3n, Recuperadores de calor en Valencia\" \/>\n<meta property=\"article:modified_time\" content=\"2020-01-21T07:15:05+00:00\" \/>\n<meta name=\"twitter:card\" content=\"summary_large_image\" \/>\n<script type=\"application\/ld+json\" class=\"yoast-schema-graph\">{\"@context\":\"https:\/\/schema.org\",\"@graph\":[{\"@type\":\"WebPage\",\"@id\":\"https:\/\/www.ingeneo.tech\/en\/grape-pomace-drying\/\",\"url\":\"https:\/\/www.ingeneo.tech\/en\/grape-pomace-drying\/\",\"name\":\"Grape Pomace Drying - Ingeneo - Ingenier\u00eda, Hornos industriales, Equipos de combusti\u00f3n, Recuperadores de calor en Valencia\",\"isPartOf\":{\"@id\":\"https:\/\/www.ingeneo.tech\/en\/#website\"},\"datePublished\":\"2019-11-10T20:01:01+00:00\",\"dateModified\":\"2020-01-21T07:15:05+00:00\",\"breadcrumb\":{\"@id\":\"https:\/\/www.ingeneo.tech\/en\/grape-pomace-drying\/#breadcrumb\"},\"inLanguage\":\"en-US\",\"potentialAction\":[{\"@type\":\"ReadAction\",\"target\":[\"https:\/\/www.ingeneo.tech\/en\/grape-pomace-drying\/\"]}]},{\"@type\":\"BreadcrumbList\",\"@id\":\"https:\/\/www.ingeneo.tech\/en\/grape-pomace-drying\/#breadcrumb\",\"itemListElement\":[{\"@type\":\"ListItem\",\"position\":1,\"name\":\"Portada\",\"item\":\"https:\/\/www.ingeneo.tech\/en\/\"},{\"@type\":\"ListItem\",\"position\":2,\"name\":\"Grape Pomace Drying\"}]},{\"@type\":\"WebSite\",\"@id\":\"https:\/\/www.ingeneo.tech\/en\/#website\",\"url\":\"https:\/\/www.ingeneo.tech\/en\/\",\"name\":\"Ingeneo - Ingenier\u00eda, Hornos industriales, Equipos de combusti\u00f3n, Recuperadores de calor en Valencia\",\"description\":\"Ingenier\u00eda, Hornos industriales, Equipos de combusti\u00f3n, Recuperadores de calor en Valencia\",\"potentialAction\":[{\"@type\":\"SearchAction\",\"target\":{\"@type\":\"EntryPoint\",\"urlTemplate\":\"https:\/\/www.ingeneo.tech\/en\/?s={search_term_string}\"},\"query-input\":\"required name=search_term_string\"}],\"inLanguage\":\"en-US\"}]}<\/script>\n<!-- \/ Yoast SEO plugin. -->","yoast_head_json":{"title":"Grape Pomace Drying - Ingeneo - Ingenier\u00eda, Hornos industriales, Equipos de combusti\u00f3n, Recuperadores de calor en Valencia","robots":{"index":"index","follow":"follow","max-snippet":"max-snippet:-1","max-image-preview":"max-image-preview:large","max-video-preview":"max-video-preview:-1"},"canonical":"https:\/\/www.ingeneo.tech\/en\/grape-pomace-drying\/","og_locale":"en_US","og_type":"article","og_title":"Grape Pomace Drying - Ingeneo - Ingenier\u00eda, Hornos industriales, Equipos de combusti\u00f3n, Recuperadores de calor en Valencia","og_description":"Our technical and commercial team provides experience and knowledge for the maintenance and turnkey projects of furnaces and combustion chamber for&nbsp; grape pomace drying with grape pips. We can also perform the maintenance of your boilers for steam production. Ingeneo equipment which can be used in this sector are biomass furnaces,\u00a0combustion equipment,\u00a0supply and installation of","og_url":"https:\/\/www.ingeneo.tech\/en\/grape-pomace-drying\/","og_site_name":"Ingeneo - Ingenier\u00eda, Hornos industriales, Equipos de combusti\u00f3n, Recuperadores de calor en Valencia","article_modified_time":"2020-01-21T07:15:05+00:00","twitter_card":"summary_large_image","schema":{"@context":"https:\/\/schema.org","@graph":[{"@type":"WebPage","@id":"https:\/\/www.ingeneo.tech\/en\/grape-pomace-drying\/","url":"https:\/\/www.ingeneo.tech\/en\/grape-pomace-drying\/","name":"Grape Pomace Drying - Ingeneo - Ingenier\u00eda, Hornos industriales, Equipos de combusti\u00f3n, Recuperadores de calor en Valencia","isPartOf":{"@id":"https:\/\/www.ingeneo.tech\/en\/#website"},"datePublished":"2019-11-10T20:01:01+00:00","dateModified":"2020-01-21T07:15:05+00:00","breadcrumb":{"@id":"https:\/\/www.ingeneo.tech\/en\/grape-pomace-drying\/#breadcrumb"},"inLanguage":"en-US","potentialAction":[{"@type":"ReadAction","target":["https:\/\/www.ingeneo.tech\/en\/grape-pomace-drying\/"]}]},{"@type":"BreadcrumbList","@id":"https:\/\/www.ingeneo.tech\/en\/grape-pomace-drying\/#breadcrumb","itemListElement":[{"@type":"ListItem","position":1,"name":"Portada","item":"https:\/\/www.ingeneo.tech\/en\/"},{"@type":"ListItem","position":2,"name":"Grape Pomace Drying"}]},{"@type":"WebSite","@id":"https:\/\/www.ingeneo.tech\/en\/#website","url":"https:\/\/www.ingeneo.tech\/en\/","name":"Ingeneo - Ingenier\u00eda, Hornos industriales, Equipos de combusti\u00f3n, Recuperadores de calor en Valencia","description":"Ingenier\u00eda, Hornos industriales, Equipos de combusti\u00f3n, Recuperadores de calor en Valencia","potentialAction":[{"@type":"SearchAction","target":{"@type":"EntryPoint","urlTemplate":"https:\/\/www.ingeneo.tech\/en\/?s={search_term_string}"},"query-input":"required name=search_term_string"}],"inLanguage":"en-US"}]}},"_links":{"self":[{"href":"https:\/\/www.ingeneo.tech\/en\/wp-json\/wp\/v2\/pages\/2345","targetHints":{"allow":["GET"]}}],"collection":[{"href":"https:\/\/www.ingeneo.tech\/en\/wp-json\/wp\/v2\/pages"}],"about":[{"href":"https:\/\/www.ingeneo.tech\/en\/wp-json\/wp\/v2\/types\/page"}],"author":[{"embeddable":true,"href":"https:\/\/www.ingeneo.tech\/en\/wp-json\/wp\/v2\/users\/1"}],"replies":[{"embeddable":true,"href":"https:\/\/www.ingeneo.tech\/en\/wp-json\/wp\/v2\/comments?post=2345"}],"version-history":[{"count":2,"href":"https:\/\/www.ingeneo.tech\/en\/wp-json\/wp\/v2\/pages\/2345\/revisions"}],"predecessor-version":[{"id":2392,"href":"https:\/\/www.ingeneo.tech\/en\/wp-json\/wp\/v2\/pages\/2345\/revisions\/2392"}],"wp:attachment":[{"href":"https:\/\/www.ingeneo.tech\/en\/wp-json\/wp\/v2\/media?parent=2345"}],"curies":[{"name":"wp","href":"https:\/\/api.w.org\/{rel}","templated":true}]}}