{"id":2332,"date":"2019-11-10T21:07:29","date_gmt":"2019-11-10T20:07:29","guid":{"rendered":"https:\/\/www.ingeneo.tech\/medioambiental\/"},"modified":"2020-01-21T12:13:54","modified_gmt":"2020-01-21T11:13:54","slug":"environmental","status":"publish","type":"page","link":"https:\/\/www.ingeneo.tech\/en\/environmental\/","title":{"rendered":"Environmental"},"content":{"rendered":"\n<div class=\"wp-block-columns is-layout-flex wp-container-core-columns-is-layout-9d6595d7 wp-block-columns-is-layout-flex\">\n<div class=\"wp-block-column is-vertically-aligned-center is-layout-flow wp-block-column-is-layout-flow\">\n<div class=\"wp-block-image\"><figure class=\"aligncenter size-large\"><a href=\"https:\/\/www.ingeneo.tech\/en\/gas-effluent-treatment\/\"><img loading=\"lazy\" decoding=\"async\" width=\"200\" height=\"200\" src=\"https:\/\/www.ingeneo.tech\/wp-content\/uploads\/2019\/12\/DepuracionEfluentesICO.png\" alt=\"\" class=\"wp-image-1960\" srcset=\"https:\/\/www.ingeneo.tech\/wp-content\/uploads\/2019\/12\/DepuracionEfluentesICO.png 200w, https:\/\/www.ingeneo.tech\/wp-content\/uploads\/2019\/12\/DepuracionEfluentesICO-150x150.png 150w\" sizes=\"auto, (max-width: 200px) 100vw, 200px\" \/><\/a><figcaption><a href=\"https:\/\/www.ingeneo.tech\/en\/gas-effluent-treatment\/\">Gas Effluent Treatment<\/a><\/figcaption><\/figure><\/div>\n<\/div>\n\n\n\n<div class=\"wp-block-column is-vertically-aligned-center is-layout-flow wp-block-column-is-layout-flow\">\n<div class=\"wp-block-image\"><figure class=\"aligncenter size-large\"><a href=\"https:\/\/www.ingeneo.tech\/en\/waste-treatment-recovery\/\"><img loading=\"lazy\" decoding=\"async\" width=\"200\" height=\"200\" src=\"https:\/\/www.ingeneo.tech\/wp-content\/uploads\/2019\/12\/TratamientoyValoracionResiduosIco.png\" alt=\"\" class=\"wp-image-1955\" srcset=\"https:\/\/www.ingeneo.tech\/wp-content\/uploads\/2019\/12\/TratamientoyValoracionResiduosIco.png 200w, https:\/\/www.ingeneo.tech\/wp-content\/uploads\/2019\/12\/TratamientoyValoracionResiduosIco-150x150.png 150w\" sizes=\"auto, (max-width: 200px) 100vw, 200px\" \/><\/a><figcaption><a href=\"https:\/\/www.ingeneo.tech\/en\/waste-treatment-recovery\/\">Waste Treatment and Recovery<\/a><\/figcaption><\/figure><\/div>\n<\/div>\n<\/div>\n\n\n\n<div class=\"wp-block-columns are-vertically-aligned-center is-layout-flex wp-container-core-columns-is-layout-9d6595d7 wp-block-columns-is-layout-flex\">\n<div class=\"wp-block-column is-vertically-aligned-center is-layout-flow wp-block-column-is-layout-flow\">\n<div class=\"wp-block-image\"><figure class=\"aligncenter size-large\"><a href=\"https:\/\/www.ingeneo.tech\/en\/voc-emissions\/\"><img loading=\"lazy\" decoding=\"async\" width=\"200\" height=\"200\" src=\"https:\/\/www.ingeneo.tech\/wp-content\/uploads\/2019\/12\/COVsIco.jpeg\" alt=\"\" class=\"wp-image-1957\" srcset=\"https:\/\/www.ingeneo.tech\/wp-content\/uploads\/2019\/12\/COVsIco.jpeg 200w, https:\/\/www.ingeneo.tech\/wp-content\/uploads\/2019\/12\/COVsIco-150x150.jpeg 150w\" sizes=\"auto, (max-width: 200px) 100vw, 200px\" \/><\/a><figcaption><a href=\"https:\/\/www.ingeneo.tech\/en\/voc-emissions\">VOC Emissions<\/a><\/figcaption><\/figure><\/div>\n<\/div>\n\n\n\n<div class=\"wp-block-column is-vertically-aligned-center is-layout-flow wp-block-column-is-layout-flow\">\n<div class=\"wp-block-image\"><figure class=\"aligncenter size-large\"><a href=\"https:\/\/www.ingeneo.tech\/en\/regrigerator-treatment\/\"><img loading=\"lazy\" decoding=\"async\" width=\"200\" height=\"200\" src=\"https:\/\/www.ingeneo.tech\/wp-content\/uploads\/2019\/12\/FrigorificosIco.jpeg\" alt=\"\" class=\"wp-image-1956\" srcset=\"https:\/\/www.ingeneo.tech\/wp-content\/uploads\/2019\/12\/FrigorificosIco.jpeg 200w, https:\/\/www.ingeneo.tech\/wp-content\/uploads\/2019\/12\/FrigorificosIco-150x150.jpeg 150w\" sizes=\"auto, (max-width: 200px) 100vw, 200px\" \/><\/a><figcaption><a href=\"https:\/\/www.ingeneo.tech\/en\/regrigerator-treatment\/\">Refrigerator &#8211; Refrigerants Treatment<\/a><\/figcaption><\/figure><\/div>\n<\/div>\n<\/div>\n","protected":false},"excerpt":{"rendered":"Gas Effluent Treatment Waste Treatment and Recovery VOC Emissions Refrigerator - Refrigerants Treatment","protected":false},"author":1,"featured_media":0,"parent":0,"menu_order":0,"comment_status":"closed","ping_status":"closed","template":"","meta":{"footnotes":""},"class_list":["post-2332","page","type-page","status-publish","hentry"],"yoast_head":"<!-- This site is optimized with the Yoast SEO plugin v22.4 - https:\/\/yoast.com\/wordpress\/plugins\/seo\/ -->\n<title>Environmental - Ingeneo - Ingenier\u00eda, Hornos industriales, Equipos de combusti\u00f3n, Recuperadores de calor en Valencia<\/title>\n<meta name=\"robots\" content=\"index, follow, max-snippet:-1, max-image-preview:large, max-video-preview:-1\" \/>\n<link rel=\"canonical\" href=\"https:\/\/www.ingeneo.tech\/en\/environmental\/\" \/>\n<meta property=\"og:locale\" content=\"en_US\" \/>\n<meta property=\"og:type\" content=\"article\" \/>\n<meta property=\"og:title\" content=\"Environmental - Ingeneo - Ingenier\u00eda, Hornos industriales, Equipos de combusti\u00f3n, Recuperadores de calor en Valencia\" \/>\n<meta property=\"og:url\" content=\"https:\/\/www.ingeneo.tech\/en\/environmental\/\" \/>\n<meta property=\"og:site_name\" content=\"Ingeneo - Ingenier\u00eda, Hornos industriales, Equipos de combusti\u00f3n, Recuperadores de calor en Valencia\" \/>\n<meta property=\"article:modified_time\" content=\"2020-01-21T11:13:54+00:00\" \/>\n<meta property=\"og:image\" content=\"https:\/\/www.ingeneo.tech\/wp-content\/uploads\/2019\/12\/DepuracionEfluentesICO.png\" \/>\n<meta name=\"twitter:card\" content=\"summary_large_image\" \/>\n<script type=\"application\/ld+json\" class=\"yoast-schema-graph\">{\"@context\":\"https:\/\/schema.org\",\"@graph\":[{\"@type\":\"WebPage\",\"@id\":\"https:\/\/www.ingeneo.tech\/en\/environmental\/\",\"url\":\"https:\/\/www.ingeneo.tech\/en\/environmental\/\",\"name\":\"Environmental - Ingeneo - Ingenier\u00eda, Hornos industriales, Equipos de combusti\u00f3n, Recuperadores de calor en Valencia\",\"isPartOf\":{\"@id\":\"https:\/\/www.ingeneo.tech\/en\/#website\"},\"primaryImageOfPage\":{\"@id\":\"https:\/\/www.ingeneo.tech\/en\/environmental\/#primaryimage\"},\"image\":{\"@id\":\"https:\/\/www.ingeneo.tech\/en\/environmental\/#primaryimage\"},\"thumbnailUrl\":\"https:\/\/www.ingeneo.tech\/wp-content\/uploads\/2019\/12\/DepuracionEfluentesICO.png\",\"datePublished\":\"2019-11-10T20:07:29+00:00\",\"dateModified\":\"2020-01-21T11:13:54+00:00\",\"breadcrumb\":{\"@id\":\"https:\/\/www.ingeneo.tech\/en\/environmental\/#breadcrumb\"},\"inLanguage\":\"en-US\",\"potentialAction\":[{\"@type\":\"ReadAction\",\"target\":[\"https:\/\/www.ingeneo.tech\/en\/environmental\/\"]}]},{\"@type\":\"ImageObject\",\"inLanguage\":\"en-US\",\"@id\":\"https:\/\/www.ingeneo.tech\/en\/environmental\/#primaryimage\",\"url\":\"https:\/\/www.ingeneo.tech\/wp-content\/uploads\/2019\/12\/DepuracionEfluentesICO.png\",\"contentUrl\":\"https:\/\/www.ingeneo.tech\/wp-content\/uploads\/2019\/12\/DepuracionEfluentesICO.png\"},{\"@type\":\"BreadcrumbList\",\"@id\":\"https:\/\/www.ingeneo.tech\/en\/environmental\/#breadcrumb\",\"itemListElement\":[{\"@type\":\"ListItem\",\"position\":1,\"name\":\"Portada\",\"item\":\"https:\/\/www.ingeneo.tech\/en\/\"},{\"@type\":\"ListItem\",\"position\":2,\"name\":\"Environmental\"}]},{\"@type\":\"WebSite\",\"@id\":\"https:\/\/www.ingeneo.tech\/en\/#website\",\"url\":\"https:\/\/www.ingeneo.tech\/en\/\",\"name\":\"Ingeneo - Ingenier\u00eda, Hornos industriales, Equipos de combusti\u00f3n, Recuperadores de calor en Valencia\",\"description\":\"Ingenier\u00eda, Hornos industriales, Equipos de combusti\u00f3n, Recuperadores de calor en Valencia\",\"potentialAction\":[{\"@type\":\"SearchAction\",\"target\":{\"@type\":\"EntryPoint\",\"urlTemplate\":\"https:\/\/www.ingeneo.tech\/en\/?s={search_term_string}\"},\"query-input\":\"required name=search_term_string\"}],\"inLanguage\":\"en-US\"}]}<\/script>\n<!-- \/ Yoast SEO plugin. -->","yoast_head_json":{"title":"Environmental - Ingeneo - Ingenier\u00eda, Hornos industriales, Equipos de combusti\u00f3n, Recuperadores de calor en Valencia","robots":{"index":"index","follow":"follow","max-snippet":"max-snippet:-1","max-image-preview":"max-image-preview:large","max-video-preview":"max-video-preview:-1"},"canonical":"https:\/\/www.ingeneo.tech\/en\/environmental\/","og_locale":"en_US","og_type":"article","og_title":"Environmental - Ingeneo - Ingenier\u00eda, Hornos industriales, Equipos de combusti\u00f3n, Recuperadores de calor en Valencia","og_url":"https:\/\/www.ingeneo.tech\/en\/environmental\/","og_site_name":"Ingeneo - Ingenier\u00eda, Hornos industriales, Equipos de combusti\u00f3n, Recuperadores de calor en Valencia","article_modified_time":"2020-01-21T11:13:54+00:00","og_image":[{"url":"https:\/\/www.ingeneo.tech\/wp-content\/uploads\/2019\/12\/DepuracionEfluentesICO.png"}],"twitter_card":"summary_large_image","schema":{"@context":"https:\/\/schema.org","@graph":[{"@type":"WebPage","@id":"https:\/\/www.ingeneo.tech\/en\/environmental\/","url":"https:\/\/www.ingeneo.tech\/en\/environmental\/","name":"Environmental - Ingeneo - Ingenier\u00eda, Hornos industriales, Equipos de combusti\u00f3n, Recuperadores de calor en Valencia","isPartOf":{"@id":"https:\/\/www.ingeneo.tech\/en\/#website"},"primaryImageOfPage":{"@id":"https:\/\/www.ingeneo.tech\/en\/environmental\/#primaryimage"},"image":{"@id":"https:\/\/www.ingeneo.tech\/en\/environmental\/#primaryimage"},"thumbnailUrl":"https:\/\/www.ingeneo.tech\/wp-content\/uploads\/2019\/12\/DepuracionEfluentesICO.png","datePublished":"2019-11-10T20:07:29+00:00","dateModified":"2020-01-21T11:13:54+00:00","breadcrumb":{"@id":"https:\/\/www.ingeneo.tech\/en\/environmental\/#breadcrumb"},"inLanguage":"en-US","potentialAction":[{"@type":"ReadAction","target":["https:\/\/www.ingeneo.tech\/en\/environmental\/"]}]},{"@type":"ImageObject","inLanguage":"en-US","@id":"https:\/\/www.ingeneo.tech\/en\/environmental\/#primaryimage","url":"https:\/\/www.ingeneo.tech\/wp-content\/uploads\/2019\/12\/DepuracionEfluentesICO.png","contentUrl":"https:\/\/www.ingeneo.tech\/wp-content\/uploads\/2019\/12\/DepuracionEfluentesICO.png"},{"@type":"BreadcrumbList","@id":"https:\/\/www.ingeneo.tech\/en\/environmental\/#breadcrumb","itemListElement":[{"@type":"ListItem","position":1,"name":"Portada","item":"https:\/\/www.ingeneo.tech\/en\/"},{"@type":"ListItem","position":2,"name":"Environmental"}]},{"@type":"WebSite","@id":"https:\/\/www.ingeneo.tech\/en\/#website","url":"https:\/\/www.ingeneo.tech\/en\/","name":"Ingeneo - Ingenier\u00eda, Hornos industriales, Equipos de combusti\u00f3n, Recuperadores de calor en Valencia","description":"Ingenier\u00eda, Hornos industriales, Equipos de combusti\u00f3n, Recuperadores de calor en Valencia","potentialAction":[{"@type":"SearchAction","target":{"@type":"EntryPoint","urlTemplate":"https:\/\/www.ingeneo.tech\/en\/?s={search_term_string}"},"query-input":"required name=search_term_string"}],"inLanguage":"en-US"}]}},"_links":{"self":[{"href":"https:\/\/www.ingeneo.tech\/en\/wp-json\/wp\/v2\/pages\/2332","targetHints":{"allow":["GET"]}}],"collection":[{"href":"https:\/\/www.ingeneo.tech\/en\/wp-json\/wp\/v2\/pages"}],"about":[{"href":"https:\/\/www.ingeneo.tech\/en\/wp-json\/wp\/v2\/types\/page"}],"author":[{"embeddable":true,"href":"https:\/\/www.ingeneo.tech\/en\/wp-json\/wp\/v2\/users\/1"}],"replies":[{"embeddable":true,"href":"https:\/\/www.ingeneo.tech\/en\/wp-json\/wp\/v2\/comments?post=2332"}],"version-history":[{"count":5,"href":"https:\/\/www.ingeneo.tech\/en\/wp-json\/wp\/v2\/pages\/2332\/revisions"}],"predecessor-version":[{"id":2442,"href":"https:\/\/www.ingeneo.tech\/en\/wp-json\/wp\/v2\/pages\/2332\/revisions\/2442"}],"wp:attachment":[{"href":"https:\/\/www.ingeneo.tech\/en\/wp-json\/wp\/v2\/media?parent=2332"}],"curies":[{"name":"wp","href":"https:\/\/api.w.org\/{rel}","templated":true}]}}