{"id":2330,"date":"2019-11-10T20:58:46","date_gmt":"2019-11-10T19:58:46","guid":{"rendered":"https:\/\/www.ingeneo.tech\/generacion-de-gases-calientes-para-secado\/"},"modified":"2020-01-20T22:17:16","modified_gmt":"2020-01-20T21:17:16","slug":"hot-gas-generation","status":"publish","type":"page","link":"https:\/\/www.ingeneo.tech\/en\/hot-gas-generation\/","title":{"rendered":"Hot Gas Generation"},"content":{"rendered":"\n<p>Hot gas generation&nbsp; for drying is based on a combustion chamber, which covers the calorific-energy demands of the process with its combustion gases, and at whose outlet a dilution system is coupled with air, either at room temperature, or preheated by exchange to meet the volumetric or flow demands of hot gases.<\/p>\n\n\n\n<p>These equipments are usually installed in sectors that demand hot gases for drying processes and can be used with fuels, natural gas, or different types of biomass such as pellets, orujillo, granilla grape, pruning, etc.<\/p>\n\n\n\n<div class=\"wp-block-columns is-layout-flex wp-container-core-columns-is-layout-9d6595d7 wp-block-columns-is-layout-flex\">\n<div class=\"wp-block-column is-vertically-aligned-top is-layout-flow wp-block-column-is-layout-flow\">\n<div class=\"wp-block-image\"><figure class=\"aligncenter size-large\"><a href=\"https:\/\/www.ingeneo.tech\/en\/olive-pomace-drying\/\"><img loading=\"lazy\" decoding=\"async\" width=\"200\" height=\"200\" src=\"https:\/\/www.ingeneo.tech\/wp-content\/uploads\/2019\/12\/Sector_Orujo_OlivaIco.jpeg\" alt=\"\" class=\"wp-image-1949\" srcset=\"https:\/\/www.ingeneo.tech\/wp-content\/uploads\/2019\/12\/Sector_Orujo_OlivaIco.jpeg 200w, https:\/\/www.ingeneo.tech\/wp-content\/uploads\/2019\/12\/Sector_Orujo_OlivaIco-150x150.jpeg 150w\" sizes=\"auto, (max-width: 200px) 100vw, 200px\" \/><\/a><figcaption><a href=\"https:\/\/www.ingeneo.tech\/en\/olive-pomace-drying\/\">Olive Pomace Drying<\/a><\/figcaption><\/figure><\/div>\n<\/div>\n\n\n\n<div class=\"wp-block-column is-vertically-aligned-top is-layout-flow wp-block-column-is-layout-flow\">\n<div class=\"wp-block-image\"><figure class=\"aligncenter size-large\"><a href=\"https:\/\/www.ingeneo.tech\/en\/grape-pomace-drying\/\"><img loading=\"lazy\" decoding=\"async\" width=\"200\" height=\"200\" src=\"https:\/\/www.ingeneo.tech\/wp-content\/uploads\/2019\/12\/Sector_Orujo_UvaIco.jpeg\" alt=\"\" class=\"wp-image-1948\" srcset=\"https:\/\/www.ingeneo.tech\/wp-content\/uploads\/2019\/12\/Sector_Orujo_UvaIco.jpeg 200w, https:\/\/www.ingeneo.tech\/wp-content\/uploads\/2019\/12\/Sector_Orujo_UvaIco-150x150.jpeg 150w\" sizes=\"auto, (max-width: 200px) 100vw, 200px\" \/><\/a><figcaption><a href=\"https:\/\/www.ingeneo.tech\/en\/grape-pomace-drying\/\">Grape Pomace Drying<\/a><\/figcaption><\/figure><\/div>\n<\/div>\n\n\n\n<div class=\"wp-block-column is-vertically-aligned-top is-layout-flow wp-block-column-is-layout-flow\">\n<div class=\"wp-block-image\"><figure class=\"aligncenter size-large\"><a href=\"https:\/\/www.ingeneo.tech\/en\/alfalfa-cereal-drying\/\"><img loading=\"lazy\" decoding=\"async\" width=\"200\" height=\"200\" src=\"https:\/\/www.ingeneo.tech\/wp-content\/uploads\/2019\/12\/AlfalfaIco.jpeg\" alt=\"\" class=\"wp-image-1947\" srcset=\"https:\/\/www.ingeneo.tech\/wp-content\/uploads\/2019\/12\/AlfalfaIco.jpeg 200w, https:\/\/www.ingeneo.tech\/wp-content\/uploads\/2019\/12\/AlfalfaIco-150x150.jpeg 150w\" sizes=\"auto, (max-width: 200px) 100vw, 200px\" \/><\/a><figcaption><a href=\"https:\/\/www.ingeneo.tech\/en\/alfalfa-cereal-drying\/\">Alfalfa and Cereal Drying<\/a><\/figcaption><\/figure><\/div>\n<\/div>\n<\/div>\n","protected":false},"excerpt":{"rendered":"<p>Hot gas generation&nbsp; for drying is based on a combustion chamber, which covers the calorific-energy demands of the process with its combustion gases, and at whose outlet a dilution system is coupled with air, either at room temperature, or preheated by exchange to meet the volumetric or flow demands of hot gases. These equipments are<\/p>\n","protected":false},"author":1,"featured_media":0,"parent":0,"menu_order":0,"comment_status":"closed","ping_status":"closed","template":"","meta":{"footnotes":""},"class_list":["post-2330","page","type-page","status-publish","hentry"],"yoast_head":"<!-- This site is optimized with the Yoast SEO plugin v22.4 - https:\/\/yoast.com\/wordpress\/plugins\/seo\/ -->\n<title>Hot Gas Generation - Ingeneo - Ingenier\u00eda, Hornos industriales, Equipos de combusti\u00f3n, Recuperadores de calor en Valencia<\/title>\n<meta name=\"robots\" content=\"index, follow, max-snippet:-1, max-image-preview:large, max-video-preview:-1\" \/>\n<link rel=\"canonical\" href=\"https:\/\/www.ingeneo.tech\/en\/hot-gas-generation\/\" \/>\n<meta property=\"og:locale\" content=\"en_US\" \/>\n<meta property=\"og:type\" content=\"article\" \/>\n<meta property=\"og:title\" content=\"Hot Gas Generation - Ingeneo - Ingenier\u00eda, Hornos industriales, Equipos de combusti\u00f3n, Recuperadores de calor en Valencia\" \/>\n<meta property=\"og:description\" content=\"Hot gas generation&nbsp; for drying is based on a combustion chamber, which covers the calorific-energy demands of the process with its combustion gases, and at whose outlet a dilution system is coupled with air, either at room temperature, or preheated by exchange to meet the volumetric or flow demands of hot gases. These equipments are\" \/>\n<meta property=\"og:url\" content=\"https:\/\/www.ingeneo.tech\/en\/hot-gas-generation\/\" \/>\n<meta property=\"og:site_name\" content=\"Ingeneo - Ingenier\u00eda, Hornos industriales, Equipos de combusti\u00f3n, Recuperadores de calor en Valencia\" \/>\n<meta property=\"article:modified_time\" content=\"2020-01-20T21:17:16+00:00\" \/>\n<meta property=\"og:image\" content=\"https:\/\/www.ingeneo.tech\/wp-content\/uploads\/2019\/12\/Sector_Orujo_OlivaIco.jpeg\" \/>\n<meta name=\"twitter:card\" content=\"summary_large_image\" \/>\n<script type=\"application\/ld+json\" class=\"yoast-schema-graph\">{\"@context\":\"https:\/\/schema.org\",\"@graph\":[{\"@type\":\"WebPage\",\"@id\":\"https:\/\/www.ingeneo.tech\/en\/hot-gas-generation\/\",\"url\":\"https:\/\/www.ingeneo.tech\/en\/hot-gas-generation\/\",\"name\":\"Hot Gas Generation - Ingeneo - Ingenier\u00eda, Hornos industriales, Equipos de combusti\u00f3n, Recuperadores de calor en Valencia\",\"isPartOf\":{\"@id\":\"https:\/\/www.ingeneo.tech\/en\/#website\"},\"primaryImageOfPage\":{\"@id\":\"https:\/\/www.ingeneo.tech\/en\/hot-gas-generation\/#primaryimage\"},\"image\":{\"@id\":\"https:\/\/www.ingeneo.tech\/en\/hot-gas-generation\/#primaryimage\"},\"thumbnailUrl\":\"https:\/\/www.ingeneo.tech\/wp-content\/uploads\/2019\/12\/Sector_Orujo_OlivaIco.jpeg\",\"datePublished\":\"2019-11-10T19:58:46+00:00\",\"dateModified\":\"2020-01-20T21:17:16+00:00\",\"breadcrumb\":{\"@id\":\"https:\/\/www.ingeneo.tech\/en\/hot-gas-generation\/#breadcrumb\"},\"inLanguage\":\"en-US\",\"potentialAction\":[{\"@type\":\"ReadAction\",\"target\":[\"https:\/\/www.ingeneo.tech\/en\/hot-gas-generation\/\"]}]},{\"@type\":\"ImageObject\",\"inLanguage\":\"en-US\",\"@id\":\"https:\/\/www.ingeneo.tech\/en\/hot-gas-generation\/#primaryimage\",\"url\":\"https:\/\/www.ingeneo.tech\/wp-content\/uploads\/2019\/12\/Sector_Orujo_OlivaIco.jpeg\",\"contentUrl\":\"https:\/\/www.ingeneo.tech\/wp-content\/uploads\/2019\/12\/Sector_Orujo_OlivaIco.jpeg\"},{\"@type\":\"BreadcrumbList\",\"@id\":\"https:\/\/www.ingeneo.tech\/en\/hot-gas-generation\/#breadcrumb\",\"itemListElement\":[{\"@type\":\"ListItem\",\"position\":1,\"name\":\"Portada\",\"item\":\"https:\/\/www.ingeneo.tech\/en\/\"},{\"@type\":\"ListItem\",\"position\":2,\"name\":\"Hot Gas Generation\"}]},{\"@type\":\"WebSite\",\"@id\":\"https:\/\/www.ingeneo.tech\/en\/#website\",\"url\":\"https:\/\/www.ingeneo.tech\/en\/\",\"name\":\"Ingeneo - Ingenier\u00eda, Hornos industriales, Equipos de combusti\u00f3n, Recuperadores de calor en Valencia\",\"description\":\"Ingenier\u00eda, Hornos industriales, Equipos de combusti\u00f3n, Recuperadores de calor en Valencia\",\"potentialAction\":[{\"@type\":\"SearchAction\",\"target\":{\"@type\":\"EntryPoint\",\"urlTemplate\":\"https:\/\/www.ingeneo.tech\/en\/?s={search_term_string}\"},\"query-input\":\"required name=search_term_string\"}],\"inLanguage\":\"en-US\"}]}<\/script>\n<!-- \/ Yoast SEO plugin. -->","yoast_head_json":{"title":"Hot Gas Generation - Ingeneo - Ingenier\u00eda, Hornos industriales, Equipos de combusti\u00f3n, Recuperadores de calor en Valencia","robots":{"index":"index","follow":"follow","max-snippet":"max-snippet:-1","max-image-preview":"max-image-preview:large","max-video-preview":"max-video-preview:-1"},"canonical":"https:\/\/www.ingeneo.tech\/en\/hot-gas-generation\/","og_locale":"en_US","og_type":"article","og_title":"Hot Gas Generation - Ingeneo - Ingenier\u00eda, Hornos industriales, Equipos de combusti\u00f3n, Recuperadores de calor en Valencia","og_description":"Hot gas generation&nbsp; for drying is based on a combustion chamber, which covers the calorific-energy demands of the process with its combustion gases, and at whose outlet a dilution system is coupled with air, either at room temperature, or preheated by exchange to meet the volumetric or flow demands of hot gases. These equipments are","og_url":"https:\/\/www.ingeneo.tech\/en\/hot-gas-generation\/","og_site_name":"Ingeneo - Ingenier\u00eda, Hornos industriales, Equipos de combusti\u00f3n, Recuperadores de calor en Valencia","article_modified_time":"2020-01-20T21:17:16+00:00","og_image":[{"url":"https:\/\/www.ingeneo.tech\/wp-content\/uploads\/2019\/12\/Sector_Orujo_OlivaIco.jpeg"}],"twitter_card":"summary_large_image","schema":{"@context":"https:\/\/schema.org","@graph":[{"@type":"WebPage","@id":"https:\/\/www.ingeneo.tech\/en\/hot-gas-generation\/","url":"https:\/\/www.ingeneo.tech\/en\/hot-gas-generation\/","name":"Hot Gas Generation - Ingeneo - Ingenier\u00eda, Hornos industriales, Equipos de combusti\u00f3n, Recuperadores de calor en Valencia","isPartOf":{"@id":"https:\/\/www.ingeneo.tech\/en\/#website"},"primaryImageOfPage":{"@id":"https:\/\/www.ingeneo.tech\/en\/hot-gas-generation\/#primaryimage"},"image":{"@id":"https:\/\/www.ingeneo.tech\/en\/hot-gas-generation\/#primaryimage"},"thumbnailUrl":"https:\/\/www.ingeneo.tech\/wp-content\/uploads\/2019\/12\/Sector_Orujo_OlivaIco.jpeg","datePublished":"2019-11-10T19:58:46+00:00","dateModified":"2020-01-20T21:17:16+00:00","breadcrumb":{"@id":"https:\/\/www.ingeneo.tech\/en\/hot-gas-generation\/#breadcrumb"},"inLanguage":"en-US","potentialAction":[{"@type":"ReadAction","target":["https:\/\/www.ingeneo.tech\/en\/hot-gas-generation\/"]}]},{"@type":"ImageObject","inLanguage":"en-US","@id":"https:\/\/www.ingeneo.tech\/en\/hot-gas-generation\/#primaryimage","url":"https:\/\/www.ingeneo.tech\/wp-content\/uploads\/2019\/12\/Sector_Orujo_OlivaIco.jpeg","contentUrl":"https:\/\/www.ingeneo.tech\/wp-content\/uploads\/2019\/12\/Sector_Orujo_OlivaIco.jpeg"},{"@type":"BreadcrumbList","@id":"https:\/\/www.ingeneo.tech\/en\/hot-gas-generation\/#breadcrumb","itemListElement":[{"@type":"ListItem","position":1,"name":"Portada","item":"https:\/\/www.ingeneo.tech\/en\/"},{"@type":"ListItem","position":2,"name":"Hot Gas Generation"}]},{"@type":"WebSite","@id":"https:\/\/www.ingeneo.tech\/en\/#website","url":"https:\/\/www.ingeneo.tech\/en\/","name":"Ingeneo - Ingenier\u00eda, Hornos industriales, Equipos de combusti\u00f3n, Recuperadores de calor en Valencia","description":"Ingenier\u00eda, Hornos industriales, Equipos de combusti\u00f3n, Recuperadores de calor en Valencia","potentialAction":[{"@type":"SearchAction","target":{"@type":"EntryPoint","urlTemplate":"https:\/\/www.ingeneo.tech\/en\/?s={search_term_string}"},"query-input":"required name=search_term_string"}],"inLanguage":"en-US"}]}},"_links":{"self":[{"href":"https:\/\/www.ingeneo.tech\/en\/wp-json\/wp\/v2\/pages\/2330","targetHints":{"allow":["GET"]}}],"collection":[{"href":"https:\/\/www.ingeneo.tech\/en\/wp-json\/wp\/v2\/pages"}],"about":[{"href":"https:\/\/www.ingeneo.tech\/en\/wp-json\/wp\/v2\/types\/page"}],"author":[{"embeddable":true,"href":"https:\/\/www.ingeneo.tech\/en\/wp-json\/wp\/v2\/users\/1"}],"replies":[{"embeddable":true,"href":"https:\/\/www.ingeneo.tech\/en\/wp-json\/wp\/v2\/comments?post=2330"}],"version-history":[{"count":2,"href":"https:\/\/www.ingeneo.tech\/en\/wp-json\/wp\/v2\/pages\/2330\/revisions"}],"predecessor-version":[{"id":2382,"href":"https:\/\/www.ingeneo.tech\/en\/wp-json\/wp\/v2\/pages\/2330\/revisions\/2382"}],"wp:attachment":[{"href":"https:\/\/www.ingeneo.tech\/en\/wp-json\/wp\/v2\/media?parent=2330"}],"curies":[{"name":"wp","href":"https:\/\/api.w.org\/{rel}","templated":true}]}}