{"id":2321,"date":"2019-11-10T20:39:11","date_gmt":"2019-11-10T19:39:11","guid":{"rendered":"https:\/\/www.ingeneo.tech\/fritas-esmaltes-y-colores-ceramicos\/"},"modified":"2020-01-24T09:52:04","modified_gmt":"2020-01-24T08:52:04","slug":"frits-glazes-ceramic-pigments","status":"publish","type":"page","link":"https:\/\/www.ingeneo.tech\/en\/frits-glazes-ceramic-pigments\/","title":{"rendered":"Frits, Glazes and Ceramic Pigments"},"content":{"rendered":"\n<div class=\"wp-block-columns is-layout-flex wp-container-core-columns-is-layout-9d6595d7 wp-block-columns-is-layout-flex\">\n<div class=\"wp-block-column is-layout-flow wp-block-column-is-layout-flow\"><div id=\"new-royalslider-17\" class=\"royalSlider new-royalslider-17 rsDefaultInv rs-image-gallery\" style=\"width:100%;height:600px;;\" data-rs-options='{&quot;template&quot;:&quot;default&quot;,&quot;image_generation&quot;:{&quot;lazyLoading&quot;:&quot;true&quot;,&quot;imageWidth&quot;:&quot;&quot;,&quot;imageHeight&quot;:&quot;&quot;,&quot;thumbImageWidth&quot;:96,&quot;thumbImageHeight&quot;:72},&quot;thumbs&quot;:{&quot;paddingBottom&quot;:4,&quot;thumbWidth&quot;:96,&quot;thumbHeight&quot;:72,&quot;appendSpan&quot;:&quot;true&quot;},&quot;autoPlay&quot;:{&quot;enabled&quot;:&quot;true&quot;},&quot;fullscreen&quot;:{&quot;enabled&quot;:&quot;true&quot;,&quot;nativeFS&quot;:&quot;true&quot;},&quot;video&quot;:[],&quot;block&quot;:{&quot;moveOffset&quot;:20,&quot;speed&quot;:400,&quot;delay&quot;:200},&quot;width&quot;:&quot;100%&quot;,&quot;height&quot;:600,&quot;autoScaleSlider&quot;:&quot;true&quot;,&quot;autoScaleSliderWidth&quot;:960,&quot;autoScaleSliderHeight&quot;:850,&quot;imageScaleMode&quot;:&quot;fit&quot;,&quot;controlNavigation&quot;:&quot;thumbnails&quot;,&quot;arrowsNavHideOnTouch&quot;:&quot;true&quot;,&quot;globalCaptionInside&quot;:&quot;true&quot;,&quot;keyboardNavEnabled&quot;:&quot;true&quot;,&quot;fadeinLoadedSlide&quot;:&quot;false&quot;}'>\n<div class=\"rsContent\">\n  <a class=\"rsImg\" href=\"https:\/\/www.ingeneo.tech\/wp-content\/uploads\/2019\/12\/IMG-20191126-WA0004-768x1024.jpg\" data-rsBigImg=\"https:\/\/www.ingeneo.tech\/wp-content\/uploads\/2019\/12\/IMG-20191126-WA0004.jpg\">IMG-20191126-WA0004<\/a>\n  <div class=\"rsTmb\"><img decoding=\"async\" src=\"https:\/\/www.ingeneo.tech\/wp-content\/uploads\/2019\/12\/IMG-20191126-WA0004-96x72.jpg\" alt=\"\" \/><\/div>\n  \n  \n<\/div>\n<div class=\"rsContent\">\n  <a class=\"rsImg\" href=\"https:\/\/www.ingeneo.tech\/wp-content\/uploads\/2019\/12\/20191121_105831-576x1024.jpg\" data-rsBigImg=\"https:\/\/www.ingeneo.tech\/wp-content\/uploads\/2019\/12\/20191121_105831-scaled.jpg\">20191121_105831<\/a>\n  <div class=\"rsTmb\"><img decoding=\"async\" src=\"https:\/\/www.ingeneo.tech\/wp-content\/uploads\/2019\/12\/20191121_105831-scaled-96x72.jpg\" alt=\"\" \/><\/div>\n  \n  \n<\/div>\n<div class=\"rsContent\">\n  <a class=\"rsImg\" href=\"https:\/\/www.ingeneo.tech\/wp-content\/uploads\/2019\/10\/Ingeneo_Transporte_y_manipulacion_de_solidos_almacenamiento.png\" data-rsBigImg=\"https:\/\/www.ingeneo.tech\/wp-content\/uploads\/2019\/10\/Ingeneo_Transporte_y_manipulacion_de_solidos_almacenamiento.png\">Ingeneo_Transporte_y_manipulacion_de_solidos_almacenamiento<\/a>\n  <div class=\"rsTmb\"><img decoding=\"async\" src=\"https:\/\/www.ingeneo.tech\/wp-content\/uploads\/2019\/10\/Ingeneo_Transporte_y_manipulacion_de_solidos_almacenamiento-96x72.png\" alt=\"\" \/><\/div>\n  \n  \n<\/div>\n<div class=\"rsContent\">\n  <a class=\"rsImg\" href=\"https:\/\/www.ingeneo.tech\/wp-content\/uploads\/2019\/11\/HORNO-DE-FRITA-1024x698.jpg\" data-rsBigImg=\"https:\/\/www.ingeneo.tech\/wp-content\/uploads\/2019\/11\/HORNO-DE-FRITA.jpg\">HORNO-DE-FRITA<\/a>\n  <div class=\"rsTmb\"><img decoding=\"async\" src=\"https:\/\/www.ingeneo.tech\/wp-content\/uploads\/2019\/11\/HORNO-DE-FRITA-96x72.jpg\" alt=\"\" \/><\/div>\n  \n  \n<\/div>\n<div class=\"rsContent\">\n  <a class=\"rsImg\" href=\"https:\/\/www.ingeneo.tech\/wp-content\/uploads\/2019\/11\/RECUPERADOR-DE-CALOR-POR-RADIACIO\u0301N.jpg\" data-rsBigImg=\"https:\/\/www.ingeneo.tech\/wp-content\/uploads\/2019\/11\/RECUPERADOR-DE-CALOR-POR-RADIACIO\u0301N.jpg\">RECUPERADOR-DE-CALOR-POR-RADIACIO\u0301N<\/a>\n  <div class=\"rsTmb\"><img decoding=\"async\" src=\"https:\/\/www.ingeneo.tech\/wp-content\/uploads\/2019\/11\/RECUPERADOR-DE-CALOR-POR-RADIACIO\u0301N-96x72.jpg\" alt=\"\" \/><\/div>\n  \n  \n<\/div>\n\n<\/div>\n\n<\/div>\n\n\n\n<div class=\"wp-block-column is-layout-flow wp-block-column-is-layout-flow\">\n<p>Ingeneo\u2019s team has extensive experience in the design and construction of equipment for frits and ceramic colors, both in combustion, furnaces, heat recuperatos, muffles or transport and handling of solids.<\/p>\n<\/div>\n<\/div>\n\n\n\n<p>The equipment produced by Ingeneo which can be used in this sector are <a href=\"https:\/\/www.ingeneo.tech\/en\/frit-furnaces\/\">frits kilns<\/a>, <a href=\"https:\/\/www.ingeneo.tech\/en\/combustion-equipments\/\">combustion equipment<\/a>, <a href=\"https:\/\/www.ingeneo.tech\/en\/radiative-heat-recuperators\/\">radiation recuperators<\/a>, <a href=\"https:\/\/www.ingeneo.tech\/en\/solid-conveying-and-handling\/\">solids conveying and handling of solids<\/a>, and <a href=\"https:\/\/www.ingeneo.tech\/en\/refractory-materials-supply\/\">supply and installation of refractory materials<\/a>.<\/p>\n","protected":false},"excerpt":{"rendered":"<p>Ingeneo\u2019s team has extensive experience in the design and construction of equipment for frits and ceramic colors, both in combustion, furnaces, heat recuperatos, muffles or transport and handling of solids. The equipment produced by Ingeneo which can be used in this sector are frits kilns, combustion equipment, radiation recuperators, solids conveying and handling of solids,<\/p>\n","protected":false},"author":1,"featured_media":0,"parent":0,"menu_order":0,"comment_status":"closed","ping_status":"closed","template":"","meta":{"footnotes":""},"class_list":["post-2321","page","type-page","status-publish","hentry"],"yoast_head":"<!-- This site is optimized with the Yoast SEO plugin v22.4 - https:\/\/yoast.com\/wordpress\/plugins\/seo\/ -->\n<title>Frits, Glazes and Ceramic Pigments - Ingeneo - Ingenier\u00eda, Hornos industriales, Equipos de combusti\u00f3n, Recuperadores de calor en Valencia<\/title>\n<meta name=\"robots\" content=\"index, follow, max-snippet:-1, max-image-preview:large, max-video-preview:-1\" \/>\n<link rel=\"canonical\" href=\"https:\/\/www.ingeneo.tech\/en\/frits-glazes-ceramic-pigments\/\" \/>\n<meta property=\"og:locale\" content=\"en_US\" \/>\n<meta property=\"og:type\" content=\"article\" \/>\n<meta property=\"og:title\" content=\"Frits, Glazes and Ceramic Pigments - Ingeneo - Ingenier\u00eda, Hornos industriales, Equipos de combusti\u00f3n, Recuperadores de calor en Valencia\" \/>\n<meta property=\"og:description\" content=\"Ingeneo\u2019s team has extensive experience in the design and construction of equipment for frits and ceramic colors, both in combustion, furnaces, heat recuperatos, muffles or transport and handling of solids. The equipment produced by Ingeneo which can be used in this sector are frits kilns, combustion equipment, radiation recuperators, solids conveying and handling of solids,\" \/>\n<meta property=\"og:url\" content=\"https:\/\/www.ingeneo.tech\/en\/frits-glazes-ceramic-pigments\/\" \/>\n<meta property=\"og:site_name\" content=\"Ingeneo - Ingenier\u00eda, Hornos industriales, Equipos de combusti\u00f3n, Recuperadores de calor en Valencia\" \/>\n<meta property=\"article:modified_time\" content=\"2020-01-24T08:52:04+00:00\" \/>\n<meta name=\"twitter:card\" content=\"summary_large_image\" \/>\n<script type=\"application\/ld+json\" class=\"yoast-schema-graph\">{\"@context\":\"https:\/\/schema.org\",\"@graph\":[{\"@type\":\"WebPage\",\"@id\":\"https:\/\/www.ingeneo.tech\/en\/frits-glazes-ceramic-pigments\/\",\"url\":\"https:\/\/www.ingeneo.tech\/en\/frits-glazes-ceramic-pigments\/\",\"name\":\"Frits, Glazes and Ceramic Pigments - Ingeneo - Ingenier\u00eda, Hornos industriales, Equipos de combusti\u00f3n, Recuperadores de calor en Valencia\",\"isPartOf\":{\"@id\":\"https:\/\/www.ingeneo.tech\/en\/#website\"},\"datePublished\":\"2019-11-10T19:39:11+00:00\",\"dateModified\":\"2020-01-24T08:52:04+00:00\",\"breadcrumb\":{\"@id\":\"https:\/\/www.ingeneo.tech\/en\/frits-glazes-ceramic-pigments\/#breadcrumb\"},\"inLanguage\":\"en-US\",\"potentialAction\":[{\"@type\":\"ReadAction\",\"target\":[\"https:\/\/www.ingeneo.tech\/en\/frits-glazes-ceramic-pigments\/\"]}]},{\"@type\":\"BreadcrumbList\",\"@id\":\"https:\/\/www.ingeneo.tech\/en\/frits-glazes-ceramic-pigments\/#breadcrumb\",\"itemListElement\":[{\"@type\":\"ListItem\",\"position\":1,\"name\":\"Portada\",\"item\":\"https:\/\/www.ingeneo.tech\/en\/\"},{\"@type\":\"ListItem\",\"position\":2,\"name\":\"Frits, Glazes and Ceramic Pigments\"}]},{\"@type\":\"WebSite\",\"@id\":\"https:\/\/www.ingeneo.tech\/en\/#website\",\"url\":\"https:\/\/www.ingeneo.tech\/en\/\",\"name\":\"Ingeneo - Ingenier\u00eda, Hornos industriales, Equipos de combusti\u00f3n, Recuperadores de calor en Valencia\",\"description\":\"Ingenier\u00eda, Hornos industriales, Equipos de combusti\u00f3n, Recuperadores de calor en Valencia\",\"potentialAction\":[{\"@type\":\"SearchAction\",\"target\":{\"@type\":\"EntryPoint\",\"urlTemplate\":\"https:\/\/www.ingeneo.tech\/en\/?s={search_term_string}\"},\"query-input\":\"required name=search_term_string\"}],\"inLanguage\":\"en-US\"}]}<\/script>\n<!-- \/ Yoast SEO plugin. -->","yoast_head_json":{"title":"Frits, Glazes and Ceramic Pigments - Ingeneo - Ingenier\u00eda, Hornos industriales, Equipos de combusti\u00f3n, Recuperadores de calor en Valencia","robots":{"index":"index","follow":"follow","max-snippet":"max-snippet:-1","max-image-preview":"max-image-preview:large","max-video-preview":"max-video-preview:-1"},"canonical":"https:\/\/www.ingeneo.tech\/en\/frits-glazes-ceramic-pigments\/","og_locale":"en_US","og_type":"article","og_title":"Frits, Glazes and Ceramic Pigments - Ingeneo - Ingenier\u00eda, Hornos industriales, Equipos de combusti\u00f3n, Recuperadores de calor en Valencia","og_description":"Ingeneo\u2019s team has extensive experience in the design and construction of equipment for frits and ceramic colors, both in combustion, furnaces, heat recuperatos, muffles or transport and handling of solids. The equipment produced by Ingeneo which can be used in this sector are frits kilns, combustion equipment, radiation recuperators, solids conveying and handling of solids,","og_url":"https:\/\/www.ingeneo.tech\/en\/frits-glazes-ceramic-pigments\/","og_site_name":"Ingeneo - Ingenier\u00eda, Hornos industriales, Equipos de combusti\u00f3n, Recuperadores de calor en Valencia","article_modified_time":"2020-01-24T08:52:04+00:00","twitter_card":"summary_large_image","schema":{"@context":"https:\/\/schema.org","@graph":[{"@type":"WebPage","@id":"https:\/\/www.ingeneo.tech\/en\/frits-glazes-ceramic-pigments\/","url":"https:\/\/www.ingeneo.tech\/en\/frits-glazes-ceramic-pigments\/","name":"Frits, Glazes and Ceramic Pigments - Ingeneo - Ingenier\u00eda, Hornos industriales, Equipos de combusti\u00f3n, Recuperadores de calor en Valencia","isPartOf":{"@id":"https:\/\/www.ingeneo.tech\/en\/#website"},"datePublished":"2019-11-10T19:39:11+00:00","dateModified":"2020-01-24T08:52:04+00:00","breadcrumb":{"@id":"https:\/\/www.ingeneo.tech\/en\/frits-glazes-ceramic-pigments\/#breadcrumb"},"inLanguage":"en-US","potentialAction":[{"@type":"ReadAction","target":["https:\/\/www.ingeneo.tech\/en\/frits-glazes-ceramic-pigments\/"]}]},{"@type":"BreadcrumbList","@id":"https:\/\/www.ingeneo.tech\/en\/frits-glazes-ceramic-pigments\/#breadcrumb","itemListElement":[{"@type":"ListItem","position":1,"name":"Portada","item":"https:\/\/www.ingeneo.tech\/en\/"},{"@type":"ListItem","position":2,"name":"Frits, Glazes and Ceramic Pigments"}]},{"@type":"WebSite","@id":"https:\/\/www.ingeneo.tech\/en\/#website","url":"https:\/\/www.ingeneo.tech\/en\/","name":"Ingeneo - Ingenier\u00eda, Hornos industriales, Equipos de combusti\u00f3n, Recuperadores de calor en Valencia","description":"Ingenier\u00eda, Hornos industriales, Equipos de combusti\u00f3n, Recuperadores de calor en Valencia","potentialAction":[{"@type":"SearchAction","target":{"@type":"EntryPoint","urlTemplate":"https:\/\/www.ingeneo.tech\/en\/?s={search_term_string}"},"query-input":"required name=search_term_string"}],"inLanguage":"en-US"}]}},"_links":{"self":[{"href":"https:\/\/www.ingeneo.tech\/en\/wp-json\/wp\/v2\/pages\/2321","targetHints":{"allow":["GET"]}}],"collection":[{"href":"https:\/\/www.ingeneo.tech\/en\/wp-json\/wp\/v2\/pages"}],"about":[{"href":"https:\/\/www.ingeneo.tech\/en\/wp-json\/wp\/v2\/types\/page"}],"author":[{"embeddable":true,"href":"https:\/\/www.ingeneo.tech\/en\/wp-json\/wp\/v2\/users\/1"}],"replies":[{"embeddable":true,"href":"https:\/\/www.ingeneo.tech\/en\/wp-json\/wp\/v2\/comments?post=2321"}],"version-history":[{"count":5,"href":"https:\/\/www.ingeneo.tech\/en\/wp-json\/wp\/v2\/pages\/2321\/revisions"}],"predecessor-version":[{"id":2461,"href":"https:\/\/www.ingeneo.tech\/en\/wp-json\/wp\/v2\/pages\/2321\/revisions\/2461"}],"wp:attachment":[{"href":"https:\/\/www.ingeneo.tech\/en\/wp-json\/wp\/v2\/media?parent=2321"}],"curies":[{"name":"wp","href":"https:\/\/api.w.org\/{rel}","templated":true}]}}