{"id":2301,"date":"2020-01-20T20:34:35","date_gmt":"2020-01-20T19:34:35","guid":{"rendered":"https:\/\/www.ingeneo.tech\/?page_id=2301"},"modified":"2020-01-24T09:53:07","modified_gmt":"2020-01-24T08:53:07","slug":"homepage-ingeneo","status":"publish","type":"page","link":"https:\/\/www.ingeneo.tech\/en\/","title":{"rendered":"HomePage Ingeneo"},"content":{"rendered":"<p>[vc_row full_width=&#8221;stretch_row_content_no_spaces&#8221;][vc_column][rev_slider_vc alias=&#8221;SliderIngeneo&#8221;][\/vc_column][\/vc_row][vc_row][vc_column][vc_custom_heading text=&#8221;Welcome to the website of INGENEO, a young and dynamic company but with a lot of accumulated experience in the design and supply of industrial equipment, especially related to thermal and environmental engineering.<br \/>\nOur goal is to provide the best technical-economic solution to your project.<br \/>\nINGENEO, SOLVING INDUSTRIAL CHALLENGES&#8221; font_container=&#8221;tag:h2|font_size:16|text_align:center|line_height:1.5&#8243; use_theme_fonts=&#8221;yes&#8221; el_class=&#8221;light uppercase spacing-3&#8243;]<div class=\"hellen-element wpb_content_element hellen-element-social\" id=\"social-1\"><div class=\"hellen-social-sc align-center\" id=\"\">\n\n    <nav class=\"social-list\"><ul><li class=\"li-facebook\"><a href=\"https:\/\/www.facebook.com\/ingeneo.tech\" target=\"_blank\" title=\"Facebook\" class=\"hastip\" style=\"font-size:18px;\"><i class=\"fa fa-facebook\"><\/i><\/a><\/li><li class=\"li-linkedin\"><a href=\"https:\/\/www.linkedin.com\/company\/ingeneo-equipos-industriales\/\" target=\"_blank\" title=\"LinkedIn\" class=\"hastip\" style=\"font-size:18px;\"><i class=\"fa fa-linkedin\"><\/i><\/a><\/li><li class=\"li-email\"><a href=\"mailto:info@ingeneo.tech\" target=\"_blank\" title=\"Email\" class=\"hastip\" style=\"font-size:18px;\"><i class=\"fa fa-envelope\"><\/i><\/a><\/li><\/ul><\/nav>\n<\/div><!-- .hellen-social-sc --><\/div>[\/vc_column][\/vc_row][vc_row][vc_column][vc_text_separator title=&#8221;Products&#8221; i_icon_fontawesome=&#8221;fa fa-product-hunt&#8221; i_color=&#8221;custom&#8221; add_icon=&#8221;true&#8221; i_custom_color=&#8221;#3399cc&#8221;][\/vc_column][\/vc_row][vc_row][vc_column width=&#8221;1\/4&#8243;]<div class=\"hellen-element wpb_content_element hellen-element-imagebox \" id=\"imagebox-1\">\n<div class=\"hellen-imagebox has-link\">\n    \n    <div class=\"imagebox-inner\">\n    \n        <div class=\"bg-thumb\">\n            <div class=\"bg-element\" style=\"background-image:url(https:\/\/www.ingeneo.tech\/wp-content\/uploads\/2019\/11\/Hornos_industriales.jpeg)\"><\/div>\n            <div class=\"height-element\" style=\"padding-bottom:100%;\"><\/div>\n        <\/div><!-- .bg-thumb -->\n        \n        <div class=\"imagebox-overlay\"><\/div>\n        \n                <div class=\"imagebox-text\">\n        \n            <h2 class=\"imagebox-title\">Industrial Furnaces<\/h2>\n            \n        <\/div><!-- .imagebox-text -->\n                \n                \n        <a href=\"https:\/\/www.ingeneo.tech\/en\/industrial-furnaces\/\" target=\"_self\" class=\"wrap-link\"><\/a>\n        \n            \n    <\/div><!-- .imagebox-inner -->\n    \n<\/div><!-- .hellen-imagebox --><\/div><div class=\"hellen-element wpb_content_element hellen-element-imagebox \" id=\"imagebox-2\">\n<div class=\"hellen-imagebox has-link\">\n    \n    <div class=\"imagebox-inner\">\n    \n        <div class=\"bg-thumb\">\n            <div class=\"bg-element\" style=\"background-image:url(https:\/\/www.ingeneo.tech\/wp-content\/uploads\/2019\/11\/Transporte_y_manipulacion_de_solidos.jpeg)\"><\/div>\n            <div class=\"height-element\" style=\"padding-bottom:100%;\"><\/div>\n        <\/div><!-- .bg-thumb -->\n        \n        <div class=\"imagebox-overlay\"><\/div>\n        \n                <div class=\"imagebox-text\">\n        \n            <h2 class=\"imagebox-title\">Solid Conveying and Handling<\/h2>\n            \n        <\/div><!-- .imagebox-text -->\n                \n                \n        <a href=\"https:\/\/www.ingeneo.tech\/en\/solid-conveying-and-handling\/\" target=\"_self\" class=\"wrap-link\"><\/a>\n        \n            \n    <\/div><!-- .imagebox-inner -->\n    \n<\/div><!-- .hellen-imagebox --><\/div>[\/vc_column][vc_column width=&#8221;1\/4&#8243;]<div class=\"hellen-element wpb_content_element hellen-element-imagebox \" id=\"imagebox-3\">\n<div class=\"hellen-imagebox has-link\">\n    \n    <div class=\"imagebox-inner\">\n    \n        <div class=\"bg-thumb\">\n            <div class=\"bg-element\" style=\"background-image:url(https:\/\/www.ingeneo.tech\/wp-content\/uploads\/2019\/11\/Equipos_de_combustion.jpeg)\"><\/div>\n            <div class=\"height-element\" style=\"padding-bottom:100%;\"><\/div>\n        <\/div><!-- .bg-thumb -->\n        \n        <div class=\"imagebox-overlay\"><\/div>\n        \n                <div class=\"imagebox-text\">\n        \n            <h2 class=\"imagebox-title\">Combustion Equipments<\/h2>\n            \n        <\/div><!-- .imagebox-text -->\n                \n                \n        <a href=\"https:\/\/www.ingeneo.tech\/en\/combustion-equipments\/\" target=\"_self\" class=\"wrap-link\"><\/a>\n        \n            \n    <\/div><!-- .imagebox-inner -->\n    \n<\/div><!-- .hellen-imagebox --><\/div><div class=\"hellen-element wpb_content_element hellen-element-imagebox \" id=\"imagebox-4\">\n<div class=\"hellen-imagebox has-link\">\n    \n    <div class=\"imagebox-inner\">\n    \n        <div class=\"bg-thumb\">\n            <div class=\"bg-element\" style=\"background-image:url(https:\/\/www.ingeneo.tech\/wp-content\/uploads\/2019\/11\/Calderas_de_vapor.jpeg)\"><\/div>\n            <div class=\"height-element\" style=\"padding-bottom:100%;\"><\/div>\n        <\/div><!-- .bg-thumb -->\n        \n        <div class=\"imagebox-overlay\"><\/div>\n        \n                <div class=\"imagebox-text\">\n        \n            <h2 class=\"imagebox-title\">Steam Solutions<\/h2>\n            \n        <\/div><!-- .imagebox-text -->\n                \n                \n        <a href=\"https:\/\/www.ingeneo.tech\/en\/steam-solutions\/\" target=\"_self\" class=\"wrap-link\"><\/a>\n        \n            \n    <\/div><!-- .imagebox-inner -->\n    \n<\/div><!-- .hellen-imagebox --><\/div>[\/vc_column][vc_column width=&#8221;1\/4&#8243;]<div class=\"hellen-element wpb_content_element hellen-element-imagebox \" id=\"imagebox-5\">\n<div class=\"hellen-imagebox has-link\">\n    \n    <div class=\"imagebox-inner\">\n    \n        <div class=\"bg-thumb\">\n            <div class=\"bg-element\" style=\"background-image:url(https:\/\/www.ingeneo.tech\/wp-content\/uploads\/2019\/11\/Incineracion_cremacion.jpeg)\"><\/div>\n            <div class=\"height-element\" style=\"padding-bottom:100%;\"><\/div>\n        <\/div><!-- .bg-thumb -->\n        \n        <div class=\"imagebox-overlay\"><\/div>\n        \n                <div class=\"imagebox-text\">\n        \n            <h2 class=\"imagebox-title\">Incineration \/ Cremation<\/h2>\n            \n        <\/div><!-- .imagebox-text -->\n                \n                \n        <a href=\"https:\/\/www.ingeneo.tech\/en\/incineration-cremation\/\" target=\"_self\" class=\"wrap-link\"><\/a>\n        \n            \n    <\/div><!-- .imagebox-inner -->\n    \n<\/div><!-- .hellen-imagebox --><\/div><div class=\"hellen-element wpb_content_element hellen-element-imagebox \" id=\"imagebox-6\">\n<div class=\"hellen-imagebox has-link\">\n    \n    <div class=\"imagebox-inner\">\n    \n        <div class=\"bg-thumb\">\n            <div class=\"bg-element\" style=\"background-image:url(https:\/\/www.ingeneo.tech\/wp-content\/uploads\/2019\/11\/Materiales_reflactarios.jpeg)\"><\/div>\n            <div class=\"height-element\" style=\"padding-bottom:100%;\"><\/div>\n        <\/div><!-- .bg-thumb -->\n        \n        <div class=\"imagebox-overlay\"><\/div>\n        \n                <div class=\"imagebox-text\">\n        \n            <h2 class=\"imagebox-title\">Refractories<\/h2>\n            \n        <\/div><!-- .imagebox-text -->\n                \n                \n        <a href=\"https:\/\/www.ingeneo.tech\/en\/refractories\/\" target=\"_self\" class=\"wrap-link\"><\/a>\n        \n            \n    <\/div><!-- .imagebox-inner -->\n    \n<\/div><!-- .hellen-imagebox --><\/div>[\/vc_column][vc_column width=&#8221;1\/4&#8243;]<div class=\"hellen-element wpb_content_element hellen-element-imagebox \" id=\"imagebox-7\">\n<div class=\"hellen-imagebox has-link\">\n    \n    <div class=\"imagebox-inner\">\n    \n        <div class=\"bg-thumb\">\n            <div class=\"bg-element\" style=\"background-image:url(https:\/\/www.ingeneo.tech\/wp-content\/uploads\/2019\/11\/Recuperacion_de_calor.jpeg)\"><\/div>\n            <div class=\"height-element\" style=\"padding-bottom:100%;\"><\/div>\n        <\/div><!-- .bg-thumb -->\n        \n        <div class=\"imagebox-overlay\"><\/div>\n        \n                <div class=\"imagebox-text\">\n        \n            <h2 class=\"imagebox-title\">Heat Recovery Systems<\/h2>\n            \n        <\/div><!-- .imagebox-text -->\n                \n                \n        <a href=\"https:\/\/www.ingeneo.tech\/en\/heat-recovery-systems\/\" target=\"_self\" class=\"wrap-link\"><\/a>\n        \n            \n    <\/div><!-- .imagebox-inner -->\n    \n<\/div><!-- .hellen-imagebox --><\/div><div class=\"hellen-element wpb_content_element hellen-element-imagebox \" id=\"imagebox-8\">\n<div class=\"hellen-imagebox has-link\">\n    \n    <div class=\"imagebox-inner\">\n    \n        <div class=\"bg-thumb\">\n            <div class=\"bg-element\" style=\"background-image:url(https:\/\/www.ingeneo.tech\/wp-content\/uploads\/2019\/11\/Depuracion_de_gases.jpeg)\"><\/div>\n            <div class=\"height-element\" style=\"padding-bottom:100%;\"><\/div>\n        <\/div><!-- .bg-thumb -->\n        \n        <div class=\"imagebox-overlay\"><\/div>\n        \n                <div class=\"imagebox-text\">\n        \n            <h2 class=\"imagebox-title\">Flue-Gas Cleanning<\/h2>\n            \n        <\/div><!-- .imagebox-text -->\n                \n                \n        <a href=\"https:\/\/www.ingeneo.tech\/en\/flue-gas-cleanning\/\" target=\"_self\" class=\"wrap-link\"><\/a>\n        \n            \n    <\/div><!-- .imagebox-inner -->\n    \n<\/div><!-- .hellen-imagebox --><\/div>[\/vc_column][\/vc_row][vc_row][vc_column][\/vc_column][\/vc_row]<\/p>\n","protected":false},"excerpt":{"rendered":"<p>[vc_row full_width=&#8221;stretch_row_content_no_spaces&#8221;][vc_column][rev_slider_vc alias=&#8221;SliderIngeneo&#8221;][\/vc_column][\/vc_row][vc_row][vc_column][vc_custom_heading text=&#8221;Welcome to the website of INGENEO, a young and dynamic company but with a lot of accumulated experience in the design and supply of industrial equipment, especially related to thermal and environmental engineering. Our goal is to provide the best technical-economic solution to your project. INGENEO, SOLVING INDUSTRIAL CHALLENGES&#8221; font_container=&#8221;tag:h2|font_size:16|text_align:center|line_height:1.5&#8243; use_theme_fonts=&#8221;yes&#8221; el_class=&#8221;light<\/p>\n","protected":false},"author":1,"featured_media":0,"parent":0,"menu_order":0,"comment_status":"closed","ping_status":"closed","template":"","meta":{"footnotes":""},"class_list":["post-2301","page","type-page","status-publish","hentry"],"yoast_head":"<!-- This site is optimized with the Yoast SEO plugin v22.4 - https:\/\/yoast.com\/wordpress\/plugins\/seo\/ -->\n<title>Ingeneo - Industrial Furnaces, Combustion, Recovery systems, Refractory<\/title>\n<meta name=\"description\" content=\"Design and supply Industry Equipment, Combustion Equipments, Enviormental, Furnaces, Heat recovery systems, Steam Solutions\" \/>\n<meta name=\"robots\" content=\"index, follow, max-snippet:-1, max-image-preview:large, max-video-preview:-1\" \/>\n<link rel=\"canonical\" href=\"https:\/\/www.ingeneo.tech\/en\/\" \/>\n<meta property=\"og:locale\" content=\"en_US\" \/>\n<meta property=\"og:type\" content=\"article\" \/>\n<meta property=\"og:title\" content=\"Ingeneo - Industrial Furnaces, Combustion, Recovery systems, Refractory\" \/>\n<meta property=\"og:description\" content=\"Design and supply Industry Equipment, Combustion Equipments, Enviormental, Furnaces, Heat recovery systems, Steam Solutions\" \/>\n<meta property=\"og:url\" content=\"https:\/\/www.ingeneo.tech\/en\/\" \/>\n<meta property=\"og:site_name\" content=\"Ingeneo - Ingenier\u00eda, Hornos industriales, Equipos de combusti\u00f3n, Recuperadores de calor en Valencia\" \/>\n<meta property=\"article:modified_time\" content=\"2020-01-24T08:53:07+00:00\" \/>\n<meta name=\"twitter:card\" content=\"summary_large_image\" \/>\n<meta name=\"twitter:label1\" content=\"Est. reading time\" \/>\n\t<meta name=\"twitter:data1\" content=\"2 minutes\" \/>\n<script type=\"application\/ld+json\" class=\"yoast-schema-graph\">{\"@context\":\"https:\/\/schema.org\",\"@graph\":[{\"@type\":\"WebPage\",\"@id\":\"https:\/\/www.ingeneo.tech\/en\/\",\"url\":\"https:\/\/www.ingeneo.tech\/en\/\",\"name\":\"Ingeneo - Industrial Furnaces, Combustion, Recovery systems, Refractory\",\"isPartOf\":{\"@id\":\"https:\/\/www.ingeneo.tech\/en\/#website\"},\"datePublished\":\"2020-01-20T19:34:35+00:00\",\"dateModified\":\"2020-01-24T08:53:07+00:00\",\"description\":\"Design and supply Industry Equipment, Combustion Equipments, Enviormental, Furnaces, Heat recovery systems, Steam Solutions\",\"breadcrumb\":{\"@id\":\"https:\/\/www.ingeneo.tech\/en\/#breadcrumb\"},\"inLanguage\":\"en-US\",\"potentialAction\":[{\"@type\":\"ReadAction\",\"target\":[\"https:\/\/www.ingeneo.tech\/en\/\"]}]},{\"@type\":\"BreadcrumbList\",\"@id\":\"https:\/\/www.ingeneo.tech\/en\/#breadcrumb\",\"itemListElement\":[{\"@type\":\"ListItem\",\"position\":1,\"name\":\"Portada\",\"item\":\"https:\/\/www.ingeneo.tech\/en\/\"},{\"@type\":\"ListItem\",\"position\":2,\"name\":\"HomePage Ingeneo\"}]},{\"@type\":\"WebSite\",\"@id\":\"https:\/\/www.ingeneo.tech\/en\/#website\",\"url\":\"https:\/\/www.ingeneo.tech\/en\/\",\"name\":\"Ingeneo - Ingenier\u00eda, Hornos industriales, Equipos de combusti\u00f3n, Recuperadores de calor en Valencia\",\"description\":\"Ingenier\u00eda, Hornos industriales, Equipos de combusti\u00f3n, Recuperadores de calor en Valencia\",\"potentialAction\":[{\"@type\":\"SearchAction\",\"target\":{\"@type\":\"EntryPoint\",\"urlTemplate\":\"https:\/\/www.ingeneo.tech\/en\/?s={search_term_string}\"},\"query-input\":\"required name=search_term_string\"}],\"inLanguage\":\"en-US\"}]}<\/script>\n<!-- \/ Yoast SEO plugin. -->","yoast_head_json":{"title":"Ingeneo - Industrial Furnaces, Combustion, Recovery systems, Refractory","description":"Design and supply Industry Equipment, Combustion Equipments, Enviormental, Furnaces, Heat recovery systems, Steam Solutions","robots":{"index":"index","follow":"follow","max-snippet":"max-snippet:-1","max-image-preview":"max-image-preview:large","max-video-preview":"max-video-preview:-1"},"canonical":"https:\/\/www.ingeneo.tech\/en\/","og_locale":"en_US","og_type":"article","og_title":"Ingeneo - Industrial Furnaces, Combustion, Recovery systems, Refractory","og_description":"Design and supply Industry Equipment, Combustion Equipments, Enviormental, Furnaces, Heat recovery systems, Steam Solutions","og_url":"https:\/\/www.ingeneo.tech\/en\/","og_site_name":"Ingeneo - Ingenier\u00eda, Hornos industriales, Equipos de combusti\u00f3n, Recuperadores de calor en Valencia","article_modified_time":"2020-01-24T08:53:07+00:00","twitter_card":"summary_large_image","twitter_misc":{"Est. reading time":"2 minutes"},"schema":{"@context":"https:\/\/schema.org","@graph":[{"@type":"WebPage","@id":"https:\/\/www.ingeneo.tech\/en\/","url":"https:\/\/www.ingeneo.tech\/en\/","name":"Ingeneo - Industrial Furnaces, Combustion, Recovery systems, Refractory","isPartOf":{"@id":"https:\/\/www.ingeneo.tech\/en\/#website"},"datePublished":"2020-01-20T19:34:35+00:00","dateModified":"2020-01-24T08:53:07+00:00","description":"Design and supply Industry Equipment, Combustion Equipments, Enviormental, Furnaces, Heat recovery systems, Steam Solutions","breadcrumb":{"@id":"https:\/\/www.ingeneo.tech\/en\/#breadcrumb"},"inLanguage":"en-US","potentialAction":[{"@type":"ReadAction","target":["https:\/\/www.ingeneo.tech\/en\/"]}]},{"@type":"BreadcrumbList","@id":"https:\/\/www.ingeneo.tech\/en\/#breadcrumb","itemListElement":[{"@type":"ListItem","position":1,"name":"Portada","item":"https:\/\/www.ingeneo.tech\/en\/"},{"@type":"ListItem","position":2,"name":"HomePage Ingeneo"}]},{"@type":"WebSite","@id":"https:\/\/www.ingeneo.tech\/en\/#website","url":"https:\/\/www.ingeneo.tech\/en\/","name":"Ingeneo - Ingenier\u00eda, Hornos industriales, Equipos de combusti\u00f3n, Recuperadores de calor en Valencia","description":"Ingenier\u00eda, Hornos industriales, Equipos de combusti\u00f3n, Recuperadores de calor en Valencia","potentialAction":[{"@type":"SearchAction","target":{"@type":"EntryPoint","urlTemplate":"https:\/\/www.ingeneo.tech\/en\/?s={search_term_string}"},"query-input":"required name=search_term_string"}],"inLanguage":"en-US"}]}},"_links":{"self":[{"href":"https:\/\/www.ingeneo.tech\/en\/wp-json\/wp\/v2\/pages\/2301","targetHints":{"allow":["GET"]}}],"collection":[{"href":"https:\/\/www.ingeneo.tech\/en\/wp-json\/wp\/v2\/pages"}],"about":[{"href":"https:\/\/www.ingeneo.tech\/en\/wp-json\/wp\/v2\/types\/page"}],"author":[{"embeddable":true,"href":"https:\/\/www.ingeneo.tech\/en\/wp-json\/wp\/v2\/users\/1"}],"replies":[{"embeddable":true,"href":"https:\/\/www.ingeneo.tech\/en\/wp-json\/wp\/v2\/comments?post=2301"}],"version-history":[{"count":7,"href":"https:\/\/www.ingeneo.tech\/en\/wp-json\/wp\/v2\/pages\/2301\/revisions"}],"predecessor-version":[{"id":2307,"href":"https:\/\/www.ingeneo.tech\/en\/wp-json\/wp\/v2\/pages\/2301\/revisions\/2307"}],"wp:attachment":[{"href":"https:\/\/www.ingeneo.tech\/en\/wp-json\/wp\/v2\/media?parent=2301"}],"curies":[{"name":"wp","href":"https:\/\/api.w.org\/{rel}","templated":true}]}}