{"id":2278,"date":"2019-10-25T09:25:20","date_gmt":"2019-10-25T07:25:20","guid":{"rendered":"https:\/\/www.ingeneo.tech\/filtros-ceramicos\/"},"modified":"2020-01-21T08:49:39","modified_gmt":"2020-01-21T07:49:39","slug":"ceramic-filters","status":"publish","type":"page","link":"https:\/\/www.ingeneo.tech\/en\/ceramic-filters\/","title":{"rendered":"Ceramic filters"},"content":{"rendered":"\n<div class=\"wp-block-columns is-layout-flex wp-container-core-columns-is-layout-9d6595d7 wp-block-columns-is-layout-flex\">\n<div class=\"wp-block-column is-layout-flow wp-block-column-is-layout-flow\"><div id=\"new-royalslider-14\" class=\"royalSlider new-royalslider-14 rsDefaultInv rs-image-gallery\" style=\"width:100%;height:600px;;\" data-rs-options='{&quot;template&quot;:&quot;default&quot;,&quot;image_generation&quot;:{&quot;lazyLoading&quot;:&quot;true&quot;,&quot;imageWidth&quot;:&quot;&quot;,&quot;imageHeight&quot;:&quot;&quot;,&quot;thumbImageWidth&quot;:96,&quot;thumbImageHeight&quot;:72},&quot;thumbs&quot;:{&quot;paddingBottom&quot;:4,&quot;thumbWidth&quot;:96,&quot;thumbHeight&quot;:72,&quot;appendSpan&quot;:&quot;true&quot;},&quot;autoPlay&quot;:{&quot;enabled&quot;:&quot;true&quot;},&quot;fullscreen&quot;:{&quot;enabled&quot;:&quot;true&quot;,&quot;nativeFS&quot;:&quot;true&quot;},&quot;video&quot;:[],&quot;block&quot;:{&quot;moveOffset&quot;:20,&quot;speed&quot;:400,&quot;delay&quot;:200},&quot;width&quot;:&quot;100%&quot;,&quot;height&quot;:600,&quot;autoScaleSlider&quot;:&quot;true&quot;,&quot;autoScaleSliderWidth&quot;:960,&quot;autoScaleSliderHeight&quot;:850,&quot;imageScaleMode&quot;:&quot;fit&quot;,&quot;controlNavigation&quot;:&quot;thumbnails&quot;,&quot;arrowsNavHideOnTouch&quot;:&quot;true&quot;,&quot;globalCaptionInside&quot;:&quot;true&quot;,&quot;keyboardNavEnabled&quot;:&quot;true&quot;,&quot;fadeinLoadedSlide&quot;:&quot;false&quot;}'>\n<div class=\"rsContent\">\n  <a class=\"rsImg\" href=\"https:\/\/www.ingeneo.tech\/wp-content\/uploads\/2019\/11\/FILTRO-CERAMICO.jpg\" data-rsBigImg=\"https:\/\/www.ingeneo.tech\/wp-content\/uploads\/2019\/11\/FILTRO-CERAMICO.jpg\">FILTRO-CERAMICO<\/a>\n  <div class=\"rsTmb\"><img decoding=\"async\" src=\"https:\/\/www.ingeneo.tech\/wp-content\/uploads\/2019\/11\/FILTRO-CERAMICO-96x72.jpg\" alt=\"\" \/><\/div>\n  \n  \n<\/div>\n<div class=\"rsContent\">\n  <a class=\"rsImg\" href=\"https:\/\/www.ingeneo.tech\/wp-content\/uploads\/2019\/10\/Ingeneo_filtro_ceramicos.png\" data-rsBigImg=\"https:\/\/www.ingeneo.tech\/wp-content\/uploads\/2019\/10\/Ingeneo_filtro_ceramicos.png\">Ingeneo_filtro_ceramicos<\/a>\n  <div class=\"rsTmb\"><img decoding=\"async\" src=\"https:\/\/www.ingeneo.tech\/wp-content\/uploads\/2019\/10\/Ingeneo_filtro_ceramicos-96x72.png\" alt=\"\" \/><\/div>\n  \n  \n<\/div>\n\n<\/div>\n\n<\/div>\n\n\n\n<div class=\"wp-block-column is-layout-flow wp-block-column-is-layout-flow\">\n<p>Due to the industrial need to filter high temperature gases in many of the industrial processes, ceramic material filters arise, these use the same classical principle as conventional sleeve filters. The main feature to highlight is that the filter elements are manufactured using ceramic fiber, giving them a good performance up to 1000\u00baC of temperature.<\/p>\n\n\n\n<p>INGENEO supplies and designs baghouse filters for industrial processes, in which it is necessary to filter solid particles from high temperature gas stream. In this way we offer a complete service in terms of dust collection.<\/p>\n<\/div>\n<\/div>\n\n\n\n<p>These equipments are used in the industry of <a href=\"https:\/\/www.ingeneo.tech\/en\/frits-glazes-ceramic-pigments\/\">frits and glazes<\/a>, <a href=\"https:\/\/www.ingeneo.tech\/en\/sodium-silicate\/\">sodium silicate<\/a>, <a href=\"https:\/\/www.ingeneo.tech\/en\/glass\/\">glass<\/a>, <a href=\"https:\/\/www.ingeneo.tech\/en\/steam-generation\/\">steam generation<\/a>, <a href=\"https:\/\/www.ingeneo.tech\/en\/olive-pomace-drying\/\">olive pomace drying<\/a>, <a href=\"https:\/\/www.ingeneo.tech\/en\/grape-pomace-drying\/\">grape pomace drying<\/a> and <a href=\"https:\/\/www.ingeneo.tech\/en\/alfalfa-cereal-drying\/\">cereal drying and alfalfa dehydration<\/a>, <a href=\"https:\/\/www.ingeneo.tech\/en\/waste-treatment-recovery\/\">waste treatment and recovery<\/a>, <a href=\"https:\/\/www.ingeneo.tech\/en\/voc-treatment\/\">VOC treatment<\/a> , <a href=\"https:\/\/www.ingeneo.tech\/en\/regrigerator-treatment\/\">recycling of fridges <\/a>and <a href=\"https:\/\/www.ingeneo.tech\/en\/funeral-industry\/\">funeral<\/a>.<\/p>\n","protected":false},"excerpt":{"rendered":"<p>Due to the industrial need to filter high temperature gases in many of the industrial processes, ceramic material filters arise, these use the same classical principle as conventional sleeve filters. The main feature to highlight is that the filter elements are manufactured using ceramic fiber, giving them a good performance up to 1000\u00baC of temperature.<\/p>\n","protected":false},"author":1,"featured_media":2280,"parent":0,"menu_order":0,"comment_status":"closed","ping_status":"closed","template":"","meta":{"footnotes":""},"class_list":["post-2278","page","type-page","status-publish","has-post-thumbnail","hentry"],"yoast_head":"<!-- This site is optimized with the Yoast SEO plugin v22.4 - https:\/\/yoast.com\/wordpress\/plugins\/seo\/ -->\n<title>Ceramic filters - Ingeneo - Ingenier\u00eda, Hornos industriales, Equipos de combusti\u00f3n, Recuperadores de calor en Valencia<\/title>\n<meta name=\"robots\" content=\"index, follow, max-snippet:-1, max-image-preview:large, max-video-preview:-1\" \/>\n<link rel=\"canonical\" href=\"https:\/\/www.ingeneo.tech\/en\/ceramic-filters\/\" \/>\n<meta property=\"og:locale\" content=\"en_US\" \/>\n<meta property=\"og:type\" content=\"article\" \/>\n<meta property=\"og:title\" content=\"Ceramic filters - Ingeneo - Ingenier\u00eda, Hornos industriales, Equipos de combusti\u00f3n, Recuperadores de calor en Valencia\" \/>\n<meta property=\"og:description\" content=\"Due to the industrial need to filter high temperature gases in many of the industrial processes, ceramic material filters arise, these use the same classical principle as conventional sleeve filters. The main feature to highlight is that the filter elements are manufactured using ceramic fiber, giving them a good performance up to 1000\u00baC of temperature.\" \/>\n<meta property=\"og:url\" content=\"https:\/\/www.ingeneo.tech\/en\/ceramic-filters\/\" \/>\n<meta property=\"og:site_name\" content=\"Ingeneo - Ingenier\u00eda, Hornos industriales, Equipos de combusti\u00f3n, Recuperadores de calor en Valencia\" \/>\n<meta property=\"article:modified_time\" content=\"2020-01-21T07:49:39+00:00\" \/>\n<meta property=\"og:image\" content=\"https:\/\/www.ingeneo.tech\/wp-content\/uploads\/2019\/10\/Ingeneo_filtro_ceramicos.png\" \/>\n\t<meta property=\"og:image:width\" content=\"885\" \/>\n\t<meta property=\"og:image:height\" content=\"889\" \/>\n\t<meta property=\"og:image:type\" content=\"image\/png\" \/>\n<meta name=\"twitter:card\" content=\"summary_large_image\" \/>\n<meta name=\"twitter:label1\" content=\"Est. reading time\" \/>\n\t<meta name=\"twitter:data1\" content=\"1 minute\" \/>\n<script type=\"application\/ld+json\" class=\"yoast-schema-graph\">{\"@context\":\"https:\/\/schema.org\",\"@graph\":[{\"@type\":\"WebPage\",\"@id\":\"https:\/\/www.ingeneo.tech\/en\/ceramic-filters\/\",\"url\":\"https:\/\/www.ingeneo.tech\/en\/ceramic-filters\/\",\"name\":\"Ceramic filters - Ingeneo - Ingenier\u00eda, Hornos industriales, Equipos de combusti\u00f3n, Recuperadores de calor en Valencia\",\"isPartOf\":{\"@id\":\"https:\/\/www.ingeneo.tech\/en\/#website\"},\"primaryImageOfPage\":{\"@id\":\"https:\/\/www.ingeneo.tech\/en\/ceramic-filters\/#primaryimage\"},\"image\":{\"@id\":\"https:\/\/www.ingeneo.tech\/en\/ceramic-filters\/#primaryimage\"},\"thumbnailUrl\":\"https:\/\/www.ingeneo.tech\/wp-content\/uploads\/2019\/10\/Ingeneo_filtro_ceramicos.png\",\"datePublished\":\"2019-10-25T07:25:20+00:00\",\"dateModified\":\"2020-01-21T07:49:39+00:00\",\"breadcrumb\":{\"@id\":\"https:\/\/www.ingeneo.tech\/en\/ceramic-filters\/#breadcrumb\"},\"inLanguage\":\"en-US\",\"potentialAction\":[{\"@type\":\"ReadAction\",\"target\":[\"https:\/\/www.ingeneo.tech\/en\/ceramic-filters\/\"]}]},{\"@type\":\"ImageObject\",\"inLanguage\":\"en-US\",\"@id\":\"https:\/\/www.ingeneo.tech\/en\/ceramic-filters\/#primaryimage\",\"url\":\"https:\/\/www.ingeneo.tech\/wp-content\/uploads\/2019\/10\/Ingeneo_filtro_ceramicos.png\",\"contentUrl\":\"https:\/\/www.ingeneo.tech\/wp-content\/uploads\/2019\/10\/Ingeneo_filtro_ceramicos.png\",\"width\":885,\"height\":889},{\"@type\":\"BreadcrumbList\",\"@id\":\"https:\/\/www.ingeneo.tech\/en\/ceramic-filters\/#breadcrumb\",\"itemListElement\":[{\"@type\":\"ListItem\",\"position\":1,\"name\":\"Portada\",\"item\":\"https:\/\/www.ingeneo.tech\/en\/\"},{\"@type\":\"ListItem\",\"position\":2,\"name\":\"Ceramic filters\"}]},{\"@type\":\"WebSite\",\"@id\":\"https:\/\/www.ingeneo.tech\/en\/#website\",\"url\":\"https:\/\/www.ingeneo.tech\/en\/\",\"name\":\"Ingeneo - Ingenier\u00eda, Hornos industriales, Equipos de combusti\u00f3n, Recuperadores de calor en Valencia\",\"description\":\"Ingenier\u00eda, Hornos industriales, Equipos de combusti\u00f3n, Recuperadores de calor en Valencia\",\"potentialAction\":[{\"@type\":\"SearchAction\",\"target\":{\"@type\":\"EntryPoint\",\"urlTemplate\":\"https:\/\/www.ingeneo.tech\/en\/?s={search_term_string}\"},\"query-input\":\"required name=search_term_string\"}],\"inLanguage\":\"en-US\"}]}<\/script>\n<!-- \/ Yoast SEO plugin. -->","yoast_head_json":{"title":"Ceramic filters - Ingeneo - Ingenier\u00eda, Hornos industriales, Equipos de combusti\u00f3n, Recuperadores de calor en Valencia","robots":{"index":"index","follow":"follow","max-snippet":"max-snippet:-1","max-image-preview":"max-image-preview:large","max-video-preview":"max-video-preview:-1"},"canonical":"https:\/\/www.ingeneo.tech\/en\/ceramic-filters\/","og_locale":"en_US","og_type":"article","og_title":"Ceramic filters - Ingeneo - Ingenier\u00eda, Hornos industriales, Equipos de combusti\u00f3n, Recuperadores de calor en Valencia","og_description":"Due to the industrial need to filter high temperature gases in many of the industrial processes, ceramic material filters arise, these use the same classical principle as conventional sleeve filters. The main feature to highlight is that the filter elements are manufactured using ceramic fiber, giving them a good performance up to 1000\u00baC of temperature.","og_url":"https:\/\/www.ingeneo.tech\/en\/ceramic-filters\/","og_site_name":"Ingeneo - Ingenier\u00eda, Hornos industriales, Equipos de combusti\u00f3n, Recuperadores de calor en Valencia","article_modified_time":"2020-01-21T07:49:39+00:00","og_image":[{"width":885,"height":889,"url":"https:\/\/www.ingeneo.tech\/wp-content\/uploads\/2019\/10\/Ingeneo_filtro_ceramicos.png","type":"image\/png"}],"twitter_card":"summary_large_image","twitter_misc":{"Est. reading time":"1 minute"},"schema":{"@context":"https:\/\/schema.org","@graph":[{"@type":"WebPage","@id":"https:\/\/www.ingeneo.tech\/en\/ceramic-filters\/","url":"https:\/\/www.ingeneo.tech\/en\/ceramic-filters\/","name":"Ceramic filters - Ingeneo - Ingenier\u00eda, Hornos industriales, Equipos de combusti\u00f3n, Recuperadores de calor en Valencia","isPartOf":{"@id":"https:\/\/www.ingeneo.tech\/en\/#website"},"primaryImageOfPage":{"@id":"https:\/\/www.ingeneo.tech\/en\/ceramic-filters\/#primaryimage"},"image":{"@id":"https:\/\/www.ingeneo.tech\/en\/ceramic-filters\/#primaryimage"},"thumbnailUrl":"https:\/\/www.ingeneo.tech\/wp-content\/uploads\/2019\/10\/Ingeneo_filtro_ceramicos.png","datePublished":"2019-10-25T07:25:20+00:00","dateModified":"2020-01-21T07:49:39+00:00","breadcrumb":{"@id":"https:\/\/www.ingeneo.tech\/en\/ceramic-filters\/#breadcrumb"},"inLanguage":"en-US","potentialAction":[{"@type":"ReadAction","target":["https:\/\/www.ingeneo.tech\/en\/ceramic-filters\/"]}]},{"@type":"ImageObject","inLanguage":"en-US","@id":"https:\/\/www.ingeneo.tech\/en\/ceramic-filters\/#primaryimage","url":"https:\/\/www.ingeneo.tech\/wp-content\/uploads\/2019\/10\/Ingeneo_filtro_ceramicos.png","contentUrl":"https:\/\/www.ingeneo.tech\/wp-content\/uploads\/2019\/10\/Ingeneo_filtro_ceramicos.png","width":885,"height":889},{"@type":"BreadcrumbList","@id":"https:\/\/www.ingeneo.tech\/en\/ceramic-filters\/#breadcrumb","itemListElement":[{"@type":"ListItem","position":1,"name":"Portada","item":"https:\/\/www.ingeneo.tech\/en\/"},{"@type":"ListItem","position":2,"name":"Ceramic filters"}]},{"@type":"WebSite","@id":"https:\/\/www.ingeneo.tech\/en\/#website","url":"https:\/\/www.ingeneo.tech\/en\/","name":"Ingeneo - Ingenier\u00eda, Hornos industriales, Equipos de combusti\u00f3n, Recuperadores de calor en Valencia","description":"Ingenier\u00eda, Hornos industriales, Equipos de combusti\u00f3n, Recuperadores de calor en Valencia","potentialAction":[{"@type":"SearchAction","target":{"@type":"EntryPoint","urlTemplate":"https:\/\/www.ingeneo.tech\/en\/?s={search_term_string}"},"query-input":"required name=search_term_string"}],"inLanguage":"en-US"}]}},"_links":{"self":[{"href":"https:\/\/www.ingeneo.tech\/en\/wp-json\/wp\/v2\/pages\/2278","targetHints":{"allow":["GET"]}}],"collection":[{"href":"https:\/\/www.ingeneo.tech\/en\/wp-json\/wp\/v2\/pages"}],"about":[{"href":"https:\/\/www.ingeneo.tech\/en\/wp-json\/wp\/v2\/types\/page"}],"author":[{"embeddable":true,"href":"https:\/\/www.ingeneo.tech\/en\/wp-json\/wp\/v2\/users\/1"}],"replies":[{"embeddable":true,"href":"https:\/\/www.ingeneo.tech\/en\/wp-json\/wp\/v2\/comments?post=2278"}],"version-history":[{"count":2,"href":"https:\/\/www.ingeneo.tech\/en\/wp-json\/wp\/v2\/pages\/2278\/revisions"}],"predecessor-version":[{"id":2411,"href":"https:\/\/www.ingeneo.tech\/en\/wp-json\/wp\/v2\/pages\/2278\/revisions\/2411"}],"wp:featuredmedia":[{"embeddable":true,"href":"https:\/\/www.ingeneo.tech\/en\/wp-json\/wp\/v2\/media\/2280"}],"wp:attachment":[{"href":"https:\/\/www.ingeneo.tech\/en\/wp-json\/wp\/v2\/media?parent=2278"}],"curies":[{"name":"wp","href":"https:\/\/api.w.org\/{rel}","templated":true}]}}