{"id":2269,"date":"2019-10-25T09:21:26","date_gmt":"2019-10-25T07:21:26","guid":{"rendered":"https:\/\/www.ingeneo.tech\/equipos-de-depuracion-de-gases\/"},"modified":"2020-01-21T10:37:45","modified_gmt":"2020-01-21T09:37:45","slug":"flue-gas-cleanning","status":"publish","type":"page","link":"https:\/\/www.ingeneo.tech\/en\/flue-gas-cleanning\/","title":{"rendered":"Flue-Gas Cleanning"},"content":{"rendered":"\n<p>Ingeneo, aware as a company that is oriented towards the future, is concerned with the environment and the sustainability of industrial processes. Therefore, we work to offer our customers the best solutions for the purification of gaseous effluents from their productive activities.<\/p>\n\n\n\n<div class=\"wp-block-columns is-layout-flex wp-container-core-columns-is-layout-9d6595d7 wp-block-columns-is-layout-flex\">\n<div class=\"wp-block-column is-vertically-aligned-center is-layout-flow wp-block-column-is-layout-flow\">\n<div class=\"wp-block-image\"><figure class=\"aligncenter size-large\"><a href=\"https:\/\/www.ingeneo.tech\/en\/sleeve-filter\/\"><img loading=\"lazy\" decoding=\"async\" width=\"300\" height=\"200\" src=\"https:\/\/www.ingeneo.tech\/wp-content\/uploads\/2019\/12\/FiltroMangasICO.jpg\" alt=\"\" class=\"wp-image-2007\"\/><\/a><figcaption><a href=\"https:\/\/www.ingeneo.tech\/en\/bag-filter\/\">Bag Filter<\/a><\/figcaption><\/figure><\/div>\n<\/div>\n\n\n\n<div class=\"wp-block-column is-vertically-aligned-center is-layout-flow wp-block-column-is-layout-flow\">\n<div class=\"wp-block-image\"><figure class=\"aligncenter size-large\"><a href=\"https:\/\/www.ingeneo.tech\/en\/ceramic-filters\/\"><img loading=\"lazy\" decoding=\"async\" width=\"300\" height=\"200\" src=\"https:\/\/www.ingeneo.tech\/wp-content\/uploads\/2019\/12\/FiltroCeramicoICO-1.jpg\" alt=\"\" class=\"wp-image-2008\"\/><\/a><figcaption><a href=\"https:\/\/www.ingeneo.tech\/en\/ceramic-filters\/\">Ceramic Filters<\/a><\/figcaption><\/figure><\/div>\n<\/div>\n<\/div>\n\n\n\n<div class=\"wp-block-columns is-layout-flex wp-container-core-columns-is-layout-9d6595d7 wp-block-columns-is-layout-flex\">\n<div class=\"wp-block-column is-vertically-aligned-center is-layout-flow wp-block-column-is-layout-flow\">\n<div class=\"wp-block-image\"><figure class=\"aligncenter size-large\"><a href=\"https:\/\/www.ingeneo.tech\/en\/cyclone-dust-collectors\/\"><img loading=\"lazy\" decoding=\"async\" width=\"300\" height=\"200\" src=\"https:\/\/www.ingeneo.tech\/wp-content\/uploads\/2019\/12\/CiclonesICO.jpeg\" alt=\"\" class=\"wp-image-2009\"\/><\/a><figcaption><a href=\"https:\/\/www.ingeneo.tech\/en\/cyclone-dust-collectors\/\">Cyclone Dust Collectors<\/a><\/figcaption><\/figure><\/div>\n<\/div>\n\n\n\n<div class=\"wp-block-column is-vertically-aligned-center is-layout-flow wp-block-column-is-layout-flow\">\n<div class=\"wp-block-image\"><figure class=\"aligncenter size-large\"><a href=\"https:\/\/www.ingeneo.tech\/en\/thermal-oxidation\/\"><img loading=\"lazy\" decoding=\"async\" width=\"300\" height=\"200\" src=\"https:\/\/www.ingeneo.tech\/wp-content\/uploads\/2019\/12\/CamaraOxidacionICO.jpg\" alt=\"\" class=\"wp-image-2010\"\/><\/a><figcaption><a href=\"https:\/\/www.ingeneo.tech\/en\/thermal-oxidation\/\">Thermal Oxidation<\/a><\/figcaption><\/figure><\/div>\n<\/div>\n<\/div>\n","protected":false},"excerpt":{"rendered":"<p>Ingeneo, aware as a company that is oriented towards the future, is concerned with the environment and the sustainability of industrial processes. Therefore, we work to offer our customers the best solutions for the purification of gaseous effluents from their productive activities.<\/p>\n","protected":false},"author":1,"featured_media":0,"parent":0,"menu_order":0,"comment_status":"closed","ping_status":"closed","template":"","meta":{"footnotes":""},"class_list":["post-2269","page","type-page","status-publish","hentry"],"yoast_head":"<!-- This site is optimized with the Yoast SEO plugin v22.4 - https:\/\/yoast.com\/wordpress\/plugins\/seo\/ -->\n<title>Flue-Gas Cleanning - Ingeneo - Ingenier\u00eda, Hornos industriales, Equipos de combusti\u00f3n, Recuperadores de calor en Valencia<\/title>\n<meta name=\"robots\" content=\"index, follow, max-snippet:-1, max-image-preview:large, max-video-preview:-1\" \/>\n<link rel=\"canonical\" href=\"https:\/\/www.ingeneo.tech\/en\/flue-gas-cleanning\/\" \/>\n<meta property=\"og:locale\" content=\"en_US\" \/>\n<meta property=\"og:type\" content=\"article\" \/>\n<meta property=\"og:title\" content=\"Flue-Gas Cleanning - Ingeneo - Ingenier\u00eda, Hornos industriales, Equipos de combusti\u00f3n, Recuperadores de calor en Valencia\" \/>\n<meta property=\"og:description\" content=\"Ingeneo, aware as a company that is oriented towards the future, is concerned with the environment and the sustainability of industrial processes. Therefore, we work to offer our customers the best solutions for the purification of gaseous effluents from their productive activities.\" \/>\n<meta property=\"og:url\" content=\"https:\/\/www.ingeneo.tech\/en\/flue-gas-cleanning\/\" \/>\n<meta property=\"og:site_name\" content=\"Ingeneo - Ingenier\u00eda, Hornos industriales, Equipos de combusti\u00f3n, Recuperadores de calor en Valencia\" \/>\n<meta property=\"article:modified_time\" content=\"2020-01-21T09:37:45+00:00\" \/>\n<meta property=\"og:image\" content=\"https:\/\/www.ingeneo.tech\/wp-content\/uploads\/2019\/12\/FiltroMangasICO.jpg\" \/>\n<meta name=\"twitter:card\" content=\"summary_large_image\" \/>\n<script type=\"application\/ld+json\" class=\"yoast-schema-graph\">{\"@context\":\"https:\/\/schema.org\",\"@graph\":[{\"@type\":\"WebPage\",\"@id\":\"https:\/\/www.ingeneo.tech\/en\/flue-gas-cleanning\/\",\"url\":\"https:\/\/www.ingeneo.tech\/en\/flue-gas-cleanning\/\",\"name\":\"Flue-Gas Cleanning - Ingeneo - Ingenier\u00eda, Hornos industriales, Equipos de combusti\u00f3n, Recuperadores de calor en Valencia\",\"isPartOf\":{\"@id\":\"https:\/\/www.ingeneo.tech\/en\/#website\"},\"primaryImageOfPage\":{\"@id\":\"https:\/\/www.ingeneo.tech\/en\/flue-gas-cleanning\/#primaryimage\"},\"image\":{\"@id\":\"https:\/\/www.ingeneo.tech\/en\/flue-gas-cleanning\/#primaryimage\"},\"thumbnailUrl\":\"https:\/\/www.ingeneo.tech\/wp-content\/uploads\/2019\/12\/FiltroMangasICO.jpg\",\"datePublished\":\"2019-10-25T07:21:26+00:00\",\"dateModified\":\"2020-01-21T09:37:45+00:00\",\"breadcrumb\":{\"@id\":\"https:\/\/www.ingeneo.tech\/en\/flue-gas-cleanning\/#breadcrumb\"},\"inLanguage\":\"en-US\",\"potentialAction\":[{\"@type\":\"ReadAction\",\"target\":[\"https:\/\/www.ingeneo.tech\/en\/flue-gas-cleanning\/\"]}]},{\"@type\":\"ImageObject\",\"inLanguage\":\"en-US\",\"@id\":\"https:\/\/www.ingeneo.tech\/en\/flue-gas-cleanning\/#primaryimage\",\"url\":\"https:\/\/www.ingeneo.tech\/wp-content\/uploads\/2019\/12\/FiltroMangasICO.jpg\",\"contentUrl\":\"https:\/\/www.ingeneo.tech\/wp-content\/uploads\/2019\/12\/FiltroMangasICO.jpg\"},{\"@type\":\"BreadcrumbList\",\"@id\":\"https:\/\/www.ingeneo.tech\/en\/flue-gas-cleanning\/#breadcrumb\",\"itemListElement\":[{\"@type\":\"ListItem\",\"position\":1,\"name\":\"Portada\",\"item\":\"https:\/\/www.ingeneo.tech\/en\/\"},{\"@type\":\"ListItem\",\"position\":2,\"name\":\"Flue-Gas Cleanning\"}]},{\"@type\":\"WebSite\",\"@id\":\"https:\/\/www.ingeneo.tech\/en\/#website\",\"url\":\"https:\/\/www.ingeneo.tech\/en\/\",\"name\":\"Ingeneo - Ingenier\u00eda, Hornos industriales, Equipos de combusti\u00f3n, Recuperadores de calor en Valencia\",\"description\":\"Ingenier\u00eda, Hornos industriales, Equipos de combusti\u00f3n, Recuperadores de calor en Valencia\",\"potentialAction\":[{\"@type\":\"SearchAction\",\"target\":{\"@type\":\"EntryPoint\",\"urlTemplate\":\"https:\/\/www.ingeneo.tech\/en\/?s={search_term_string}\"},\"query-input\":\"required name=search_term_string\"}],\"inLanguage\":\"en-US\"}]}<\/script>\n<!-- \/ Yoast SEO plugin. -->","yoast_head_json":{"title":"Flue-Gas Cleanning - Ingeneo - Ingenier\u00eda, Hornos industriales, Equipos de combusti\u00f3n, Recuperadores de calor en Valencia","robots":{"index":"index","follow":"follow","max-snippet":"max-snippet:-1","max-image-preview":"max-image-preview:large","max-video-preview":"max-video-preview:-1"},"canonical":"https:\/\/www.ingeneo.tech\/en\/flue-gas-cleanning\/","og_locale":"en_US","og_type":"article","og_title":"Flue-Gas Cleanning - Ingeneo - Ingenier\u00eda, Hornos industriales, Equipos de combusti\u00f3n, Recuperadores de calor en Valencia","og_description":"Ingeneo, aware as a company that is oriented towards the future, is concerned with the environment and the sustainability of industrial processes. Therefore, we work to offer our customers the best solutions for the purification of gaseous effluents from their productive activities.","og_url":"https:\/\/www.ingeneo.tech\/en\/flue-gas-cleanning\/","og_site_name":"Ingeneo - Ingenier\u00eda, Hornos industriales, Equipos de combusti\u00f3n, Recuperadores de calor en Valencia","article_modified_time":"2020-01-21T09:37:45+00:00","og_image":[{"url":"https:\/\/www.ingeneo.tech\/wp-content\/uploads\/2019\/12\/FiltroMangasICO.jpg"}],"twitter_card":"summary_large_image","schema":{"@context":"https:\/\/schema.org","@graph":[{"@type":"WebPage","@id":"https:\/\/www.ingeneo.tech\/en\/flue-gas-cleanning\/","url":"https:\/\/www.ingeneo.tech\/en\/flue-gas-cleanning\/","name":"Flue-Gas Cleanning - Ingeneo - Ingenier\u00eda, Hornos industriales, Equipos de combusti\u00f3n, Recuperadores de calor en Valencia","isPartOf":{"@id":"https:\/\/www.ingeneo.tech\/en\/#website"},"primaryImageOfPage":{"@id":"https:\/\/www.ingeneo.tech\/en\/flue-gas-cleanning\/#primaryimage"},"image":{"@id":"https:\/\/www.ingeneo.tech\/en\/flue-gas-cleanning\/#primaryimage"},"thumbnailUrl":"https:\/\/www.ingeneo.tech\/wp-content\/uploads\/2019\/12\/FiltroMangasICO.jpg","datePublished":"2019-10-25T07:21:26+00:00","dateModified":"2020-01-21T09:37:45+00:00","breadcrumb":{"@id":"https:\/\/www.ingeneo.tech\/en\/flue-gas-cleanning\/#breadcrumb"},"inLanguage":"en-US","potentialAction":[{"@type":"ReadAction","target":["https:\/\/www.ingeneo.tech\/en\/flue-gas-cleanning\/"]}]},{"@type":"ImageObject","inLanguage":"en-US","@id":"https:\/\/www.ingeneo.tech\/en\/flue-gas-cleanning\/#primaryimage","url":"https:\/\/www.ingeneo.tech\/wp-content\/uploads\/2019\/12\/FiltroMangasICO.jpg","contentUrl":"https:\/\/www.ingeneo.tech\/wp-content\/uploads\/2019\/12\/FiltroMangasICO.jpg"},{"@type":"BreadcrumbList","@id":"https:\/\/www.ingeneo.tech\/en\/flue-gas-cleanning\/#breadcrumb","itemListElement":[{"@type":"ListItem","position":1,"name":"Portada","item":"https:\/\/www.ingeneo.tech\/en\/"},{"@type":"ListItem","position":2,"name":"Flue-Gas Cleanning"}]},{"@type":"WebSite","@id":"https:\/\/www.ingeneo.tech\/en\/#website","url":"https:\/\/www.ingeneo.tech\/en\/","name":"Ingeneo - Ingenier\u00eda, Hornos industriales, Equipos de combusti\u00f3n, Recuperadores de calor en Valencia","description":"Ingenier\u00eda, Hornos industriales, Equipos de combusti\u00f3n, Recuperadores de calor en Valencia","potentialAction":[{"@type":"SearchAction","target":{"@type":"EntryPoint","urlTemplate":"https:\/\/www.ingeneo.tech\/en\/?s={search_term_string}"},"query-input":"required name=search_term_string"}],"inLanguage":"en-US"}]}},"_links":{"self":[{"href":"https:\/\/www.ingeneo.tech\/en\/wp-json\/wp\/v2\/pages\/2269","targetHints":{"allow":["GET"]}}],"collection":[{"href":"https:\/\/www.ingeneo.tech\/en\/wp-json\/wp\/v2\/pages"}],"about":[{"href":"https:\/\/www.ingeneo.tech\/en\/wp-json\/wp\/v2\/types\/page"}],"author":[{"embeddable":true,"href":"https:\/\/www.ingeneo.tech\/en\/wp-json\/wp\/v2\/users\/1"}],"replies":[{"embeddable":true,"href":"https:\/\/www.ingeneo.tech\/en\/wp-json\/wp\/v2\/comments?post=2269"}],"version-history":[{"count":4,"href":"https:\/\/www.ingeneo.tech\/en\/wp-json\/wp\/v2\/pages\/2269\/revisions"}],"predecessor-version":[{"id":2426,"href":"https:\/\/www.ingeneo.tech\/en\/wp-json\/wp\/v2\/pages\/2269\/revisions\/2426"}],"wp:attachment":[{"href":"https:\/\/www.ingeneo.tech\/en\/wp-json\/wp\/v2\/media?parent=2269"}],"curies":[{"name":"wp","href":"https:\/\/api.w.org\/{rel}","templated":true}]}}