{"id":2265,"date":"2019-10-25T09:20:37","date_gmt":"2019-10-25T07:20:37","guid":{"rendered":"https:\/\/www.ingeneo.tech\/instalacion-de-materiales-refractarios\/"},"modified":"2020-01-21T08:48:53","modified_gmt":"2020-01-21T07:48:53","slug":"refractory-installation","status":"publish","type":"page","link":"https:\/\/www.ingeneo.tech\/en\/refractory-installation\/","title":{"rendered":"Refractory Installation"},"content":{"rendered":"\n<div class=\"wp-block-columns is-layout-flex wp-container-core-columns-is-layout-9d6595d7 wp-block-columns-is-layout-flex\">\n<div class=\"wp-block-column is-layout-flow wp-block-column-is-layout-flow\"><div id=\"new-royalslider-12\" class=\"royalSlider new-royalslider-12 rsDefaultInv rs-image-gallery\" style=\"width:100%;height:500px;;\" data-rs-options='{&quot;template&quot;:&quot;default&quot;,&quot;image_generation&quot;:{&quot;lazyLoading&quot;:&quot;true&quot;,&quot;imageWidth&quot;:&quot;&quot;,&quot;imageHeight&quot;:&quot;&quot;,&quot;thumbImageWidth&quot;:96,&quot;thumbImageHeight&quot;:72},&quot;thumbs&quot;:{&quot;paddingBottom&quot;:4,&quot;thumbWidth&quot;:96,&quot;thumbHeight&quot;:72,&quot;appendSpan&quot;:&quot;true&quot;},&quot;autoPlay&quot;:{&quot;enabled&quot;:&quot;true&quot;},&quot;fullscreen&quot;:{&quot;enabled&quot;:&quot;true&quot;,&quot;nativeFS&quot;:&quot;true&quot;},&quot;video&quot;:[],&quot;block&quot;:{&quot;moveOffset&quot;:20,&quot;speed&quot;:400,&quot;delay&quot;:200},&quot;width&quot;:&quot;100%&quot;,&quot;height&quot;:500,&quot;autoScaleSlider&quot;:&quot;true&quot;,&quot;autoScaleSliderWidth&quot;:960,&quot;autoScaleSliderHeight&quot;:850,&quot;imageScaleMode&quot;:&quot;fit&quot;,&quot;controlNavigation&quot;:&quot;thumbnails&quot;,&quot;arrowsNavHideOnTouch&quot;:&quot;true&quot;,&quot;globalCaptionInside&quot;:&quot;true&quot;,&quot;keyboardNavEnabled&quot;:&quot;true&quot;,&quot;fadeinLoadedSlide&quot;:&quot;false&quot;}'>\n<div class=\"rsContent\">\n  \n  <div class=\"rsTmb\"><\/div>\n  \n  \n<\/div>\n<div class=\"rsContent\">\n  \n  <div class=\"rsTmb\"><\/div>\n  \n  \n<\/div>\n<div class=\"rsContent\">\n  \n  <div class=\"rsTmb\"><\/div>\n  \n  \n<\/div>\n<div class=\"rsContent\">\n  <a class=\"rsImg\" href=\"https:\/\/www.ingeneo.tech\/wp-content\/uploads\/2019\/12\/HornoRojo-768x1024.jpeg\" data-rsBigImg=\"https:\/\/www.ingeneo.tech\/wp-content\/uploads\/2019\/12\/HornoRojo.jpeg\">HornoRojo<\/a>\n  <div class=\"rsTmb\"><img decoding=\"async\" src=\"https:\/\/www.ingeneo.tech\/wp-content\/uploads\/2019\/12\/HornoRojo-96x72.jpeg\" alt=\"\" \/><\/div>\n  \n  \n<\/div>\n\n<\/div>\n\n<\/div>\n\n\n\n<div class=\"wp-block-column is-layout-flow wp-block-column-is-layout-flow\">\n<p>We have a team of professional refractorists with extensive experience in multiple sectors, which can deal with any type of repair or assembly, both in dense and insulating refractory materials, whether or not they are shaped.<\/p>\n<\/div>\n<\/div>\n\n\n\n<p>Refractory materials installation is necessary in the sectors of <a href=\"https:\/\/www.ingeneo.tech\/en\/frits-glazes-ceramic-pigments\/\">frits and glazes<\/a>, <a href=\"https:\/\/www.ingeneo.tech\/en\/sodium-silicate\/\">sodium silicate<\/a>, <a href=\"https:\/\/www.ingeneo.tech\/en\/glass\/\">glass<\/a>, <a href=\"https:\/\/www.ingeneo.tech\/en\/steam-generation\/\">steam generation<\/a>, <a href=\"https:\/\/www.ingeneo.tech\/en\/olive-pomace-drying\/\">olive pomace drying<\/a>, <a href=\"https:\/\/www.ingeneo.tech\/en\/grape-pomace-drying\/\">grape pomace drying<\/a> and <a href=\"https:\/\/www.ingeneo.tech\/en\/alfalfa-cereal-drying\/\">cereal drying and alfalfa dehydration<\/a>, <a href=\"https:\/\/www.ingeneo.tech\/en\/waste-treatment-recovery\/\">waste treatment and recovery<\/a>, <a href=\"https:\/\/www.ingeneo.tech\/en\/voc-treatment\/\">VOC treatment<\/a> , <a href=\"https:\/\/www.ingeneo.tech\/en\/regrigerator-treatment\/\">recycling of fridges <\/a>and <a href=\"https:\/\/www.ingeneo.tech\/en\/funeral-industry\/\">funeral<\/a>.<\/p>\n","protected":false},"excerpt":{"rendered":"<p>We have a team of professional refractorists with extensive experience in multiple sectors, which can deal with any type of repair or assembly, both in dense and insulating refractory materials, whether or not they are shaped. Refractory materials installation is necessary in the sectors of frits and glazes, sodium silicate, glass, steam generation, olive pomace<\/p>\n","protected":false},"author":1,"featured_media":2267,"parent":0,"menu_order":0,"comment_status":"closed","ping_status":"closed","template":"","meta":{"footnotes":""},"class_list":["post-2265","page","type-page","status-publish","has-post-thumbnail","hentry"],"yoast_head":"<!-- This site is optimized with the Yoast SEO plugin v22.4 - https:\/\/yoast.com\/wordpress\/plugins\/seo\/ -->\n<title>Refractory Installation - Ingeneo - Ingenier\u00eda, Hornos industriales, Equipos de combusti\u00f3n, Recuperadores de calor en Valencia<\/title>\n<meta name=\"robots\" content=\"index, follow, max-snippet:-1, max-image-preview:large, max-video-preview:-1\" \/>\n<link rel=\"canonical\" href=\"https:\/\/www.ingeneo.tech\/en\/refractory-installation\/\" \/>\n<meta property=\"og:locale\" content=\"en_US\" \/>\n<meta property=\"og:type\" content=\"article\" \/>\n<meta property=\"og:title\" content=\"Refractory Installation - Ingeneo - Ingenier\u00eda, Hornos industriales, Equipos de combusti\u00f3n, Recuperadores de calor en Valencia\" \/>\n<meta property=\"og:description\" content=\"We have a team of professional refractorists with extensive experience in multiple sectors, which can deal with any type of repair or assembly, both in dense and insulating refractory materials, whether or not they are shaped. Refractory materials installation is necessary in the sectors of frits and glazes, sodium silicate, glass, steam generation, olive pomace\" \/>\n<meta property=\"og:url\" content=\"https:\/\/www.ingeneo.tech\/en\/refractory-installation\/\" \/>\n<meta property=\"og:site_name\" content=\"Ingeneo - Ingenier\u00eda, Hornos industriales, Equipos de combusti\u00f3n, Recuperadores de calor en Valencia\" \/>\n<meta property=\"article:modified_time\" content=\"2020-01-21T07:48:53+00:00\" \/>\n<meta property=\"og:image\" content=\"https:\/\/www.ingeneo.tech\/wp-content\/uploads\/2019\/10\/Ingeneo_instalacion_materiales_refractarios.png\" \/>\n\t<meta property=\"og:image:width\" content=\"885\" \/>\n\t<meta property=\"og:image:height\" content=\"539\" \/>\n\t<meta property=\"og:image:type\" content=\"image\/png\" \/>\n<meta name=\"twitter:card\" content=\"summary_large_image\" \/>\n<script type=\"application\/ld+json\" class=\"yoast-schema-graph\">{\"@context\":\"https:\/\/schema.org\",\"@graph\":[{\"@type\":\"WebPage\",\"@id\":\"https:\/\/www.ingeneo.tech\/en\/refractory-installation\/\",\"url\":\"https:\/\/www.ingeneo.tech\/en\/refractory-installation\/\",\"name\":\"Refractory Installation - Ingeneo - Ingenier\u00eda, Hornos industriales, Equipos de combusti\u00f3n, Recuperadores de calor en Valencia\",\"isPartOf\":{\"@id\":\"https:\/\/www.ingeneo.tech\/en\/#website\"},\"primaryImageOfPage\":{\"@id\":\"https:\/\/www.ingeneo.tech\/en\/refractory-installation\/#primaryimage\"},\"image\":{\"@id\":\"https:\/\/www.ingeneo.tech\/en\/refractory-installation\/#primaryimage\"},\"thumbnailUrl\":\"https:\/\/www.ingeneo.tech\/wp-content\/uploads\/2019\/10\/Ingeneo_instalacion_materiales_refractarios.png\",\"datePublished\":\"2019-10-25T07:20:37+00:00\",\"dateModified\":\"2020-01-21T07:48:53+00:00\",\"breadcrumb\":{\"@id\":\"https:\/\/www.ingeneo.tech\/en\/refractory-installation\/#breadcrumb\"},\"inLanguage\":\"en-US\",\"potentialAction\":[{\"@type\":\"ReadAction\",\"target\":[\"https:\/\/www.ingeneo.tech\/en\/refractory-installation\/\"]}]},{\"@type\":\"ImageObject\",\"inLanguage\":\"en-US\",\"@id\":\"https:\/\/www.ingeneo.tech\/en\/refractory-installation\/#primaryimage\",\"url\":\"https:\/\/www.ingeneo.tech\/wp-content\/uploads\/2019\/10\/Ingeneo_instalacion_materiales_refractarios.png\",\"contentUrl\":\"https:\/\/www.ingeneo.tech\/wp-content\/uploads\/2019\/10\/Ingeneo_instalacion_materiales_refractarios.png\",\"width\":885,\"height\":539},{\"@type\":\"BreadcrumbList\",\"@id\":\"https:\/\/www.ingeneo.tech\/en\/refractory-installation\/#breadcrumb\",\"itemListElement\":[{\"@type\":\"ListItem\",\"position\":1,\"name\":\"Portada\",\"item\":\"https:\/\/www.ingeneo.tech\/en\/\"},{\"@type\":\"ListItem\",\"position\":2,\"name\":\"Refractory Installation\"}]},{\"@type\":\"WebSite\",\"@id\":\"https:\/\/www.ingeneo.tech\/en\/#website\",\"url\":\"https:\/\/www.ingeneo.tech\/en\/\",\"name\":\"Ingeneo - Ingenier\u00eda, Hornos industriales, Equipos de combusti\u00f3n, Recuperadores de calor en Valencia\",\"description\":\"Ingenier\u00eda, Hornos industriales, Equipos de combusti\u00f3n, Recuperadores de calor en Valencia\",\"potentialAction\":[{\"@type\":\"SearchAction\",\"target\":{\"@type\":\"EntryPoint\",\"urlTemplate\":\"https:\/\/www.ingeneo.tech\/en\/?s={search_term_string}\"},\"query-input\":\"required name=search_term_string\"}],\"inLanguage\":\"en-US\"}]}<\/script>\n<!-- \/ Yoast SEO plugin. -->","yoast_head_json":{"title":"Refractory Installation - Ingeneo - Ingenier\u00eda, Hornos industriales, Equipos de combusti\u00f3n, Recuperadores de calor en Valencia","robots":{"index":"index","follow":"follow","max-snippet":"max-snippet:-1","max-image-preview":"max-image-preview:large","max-video-preview":"max-video-preview:-1"},"canonical":"https:\/\/www.ingeneo.tech\/en\/refractory-installation\/","og_locale":"en_US","og_type":"article","og_title":"Refractory Installation - Ingeneo - Ingenier\u00eda, Hornos industriales, Equipos de combusti\u00f3n, Recuperadores de calor en Valencia","og_description":"We have a team of professional refractorists with extensive experience in multiple sectors, which can deal with any type of repair or assembly, both in dense and insulating refractory materials, whether or not they are shaped. Refractory materials installation is necessary in the sectors of frits and glazes, sodium silicate, glass, steam generation, olive pomace","og_url":"https:\/\/www.ingeneo.tech\/en\/refractory-installation\/","og_site_name":"Ingeneo - Ingenier\u00eda, Hornos industriales, Equipos de combusti\u00f3n, Recuperadores de calor en Valencia","article_modified_time":"2020-01-21T07:48:53+00:00","og_image":[{"width":885,"height":539,"url":"https:\/\/www.ingeneo.tech\/wp-content\/uploads\/2019\/10\/Ingeneo_instalacion_materiales_refractarios.png","type":"image\/png"}],"twitter_card":"summary_large_image","schema":{"@context":"https:\/\/schema.org","@graph":[{"@type":"WebPage","@id":"https:\/\/www.ingeneo.tech\/en\/refractory-installation\/","url":"https:\/\/www.ingeneo.tech\/en\/refractory-installation\/","name":"Refractory Installation - Ingeneo - Ingenier\u00eda, Hornos industriales, Equipos de combusti\u00f3n, Recuperadores de calor en Valencia","isPartOf":{"@id":"https:\/\/www.ingeneo.tech\/en\/#website"},"primaryImageOfPage":{"@id":"https:\/\/www.ingeneo.tech\/en\/refractory-installation\/#primaryimage"},"image":{"@id":"https:\/\/www.ingeneo.tech\/en\/refractory-installation\/#primaryimage"},"thumbnailUrl":"https:\/\/www.ingeneo.tech\/wp-content\/uploads\/2019\/10\/Ingeneo_instalacion_materiales_refractarios.png","datePublished":"2019-10-25T07:20:37+00:00","dateModified":"2020-01-21T07:48:53+00:00","breadcrumb":{"@id":"https:\/\/www.ingeneo.tech\/en\/refractory-installation\/#breadcrumb"},"inLanguage":"en-US","potentialAction":[{"@type":"ReadAction","target":["https:\/\/www.ingeneo.tech\/en\/refractory-installation\/"]}]},{"@type":"ImageObject","inLanguage":"en-US","@id":"https:\/\/www.ingeneo.tech\/en\/refractory-installation\/#primaryimage","url":"https:\/\/www.ingeneo.tech\/wp-content\/uploads\/2019\/10\/Ingeneo_instalacion_materiales_refractarios.png","contentUrl":"https:\/\/www.ingeneo.tech\/wp-content\/uploads\/2019\/10\/Ingeneo_instalacion_materiales_refractarios.png","width":885,"height":539},{"@type":"BreadcrumbList","@id":"https:\/\/www.ingeneo.tech\/en\/refractory-installation\/#breadcrumb","itemListElement":[{"@type":"ListItem","position":1,"name":"Portada","item":"https:\/\/www.ingeneo.tech\/en\/"},{"@type":"ListItem","position":2,"name":"Refractory Installation"}]},{"@type":"WebSite","@id":"https:\/\/www.ingeneo.tech\/en\/#website","url":"https:\/\/www.ingeneo.tech\/en\/","name":"Ingeneo - Ingenier\u00eda, Hornos industriales, Equipos de combusti\u00f3n, Recuperadores de calor en Valencia","description":"Ingenier\u00eda, Hornos industriales, Equipos de combusti\u00f3n, Recuperadores de calor en Valencia","potentialAction":[{"@type":"SearchAction","target":{"@type":"EntryPoint","urlTemplate":"https:\/\/www.ingeneo.tech\/en\/?s={search_term_string}"},"query-input":"required name=search_term_string"}],"inLanguage":"en-US"}]}},"_links":{"self":[{"href":"https:\/\/www.ingeneo.tech\/en\/wp-json\/wp\/v2\/pages\/2265","targetHints":{"allow":["GET"]}}],"collection":[{"href":"https:\/\/www.ingeneo.tech\/en\/wp-json\/wp\/v2\/pages"}],"about":[{"href":"https:\/\/www.ingeneo.tech\/en\/wp-json\/wp\/v2\/types\/page"}],"author":[{"embeddable":true,"href":"https:\/\/www.ingeneo.tech\/en\/wp-json\/wp\/v2\/users\/1"}],"replies":[{"embeddable":true,"href":"https:\/\/www.ingeneo.tech\/en\/wp-json\/wp\/v2\/comments?post=2265"}],"version-history":[{"count":2,"href":"https:\/\/www.ingeneo.tech\/en\/wp-json\/wp\/v2\/pages\/2265\/revisions"}],"predecessor-version":[{"id":2409,"href":"https:\/\/www.ingeneo.tech\/en\/wp-json\/wp\/v2\/pages\/2265\/revisions\/2409"}],"wp:featuredmedia":[{"embeddable":true,"href":"https:\/\/www.ingeneo.tech\/en\/wp-json\/wp\/v2\/media\/2267"}],"wp:attachment":[{"href":"https:\/\/www.ingeneo.tech\/en\/wp-json\/wp\/v2\/media?parent=2265"}],"curies":[{"name":"wp","href":"https:\/\/api.w.org\/{rel}","templated":true}]}}