{"id":2256,"date":"2019-10-25T09:16:22","date_gmt":"2019-10-25T07:16:22","guid":{"rendered":"https:\/\/www.ingeneo.tech\/refractarios\/"},"modified":"2022-12-15T12:03:39","modified_gmt":"2022-12-15T11:03:39","slug":"refractories","status":"publish","type":"page","link":"https:\/\/www.ingeneo.tech\/en\/refractories\/","title":{"rendered":"Refractories"},"content":{"rendered":"\n<p>Following our specialization in industrial furnaces and combustion equipment, we have acquired, after years of work in the field of refractories, the technical knowledge and experience necessary to assist you in choosing the best insulating and refractory materials for your installation.<\/p>\n\n\n\n<div class=\"wp-block-columns is-layout-flex wp-container-core-columns-is-layout-9d6595d7 wp-block-columns-is-layout-flex\">\n<div class=\"wp-block-column is-vertically-aligned-center is-layout-flow wp-block-column-is-layout-flow\">\n<div class=\"wp-block-image\"><figure class=\"aligncenter size-large\"><a href=\"https:\/\/www.ingeneo.tech\/en\/refractory-materials-supply\/\"><img loading=\"lazy\" decoding=\"async\" width=\"200\" height=\"200\" src=\"https:\/\/www.ingeneo.tech\/wp-content\/uploads\/2019\/12\/Ingeneo_refractariosICO.png\" alt=\"\" class=\"wp-image-2003\" srcset=\"https:\/\/www.ingeneo.tech\/wp-content\/uploads\/2019\/12\/Ingeneo_refractariosICO.png 200w, https:\/\/www.ingeneo.tech\/wp-content\/uploads\/2019\/12\/Ingeneo_refractariosICO-150x150.png 150w\" sizes=\"auto, (max-width: 200px) 100vw, 200px\" \/><\/a><figcaption><a href=\"https:\/\/www.ingeneo.tech\/en\/refractory-materials-supply\/\">Refractory Materials Supply<\/a><\/figcaption><\/figure><\/div>\n<\/div>\n\n\n\n<div class=\"wp-block-column is-vertically-aligned-center is-layout-flow wp-block-column-is-layout-flow\">\n<div class=\"wp-block-image\"><figure class=\"aligncenter size-large is-resized\"><img decoding=\"async\" src=\"https:\/\/www.ingeneo.tech\/wp-content\/uploads\/2022\/12\/WhatsApp-Image-2022-12-15-at-11.55.05-1024x640.jpeg\" alt=\"\" class=\"wp-image-5705\" width=\"-149\" height=\"-94\" srcset=\"https:\/\/www.ingeneo.tech\/wp-content\/uploads\/2022\/12\/WhatsApp-Image-2022-12-15-at-11.55.05-1024x640.jpeg 1024w, https:\/\/www.ingeneo.tech\/wp-content\/uploads\/2022\/12\/WhatsApp-Image-2022-12-15-at-11.55.05-300x188.jpeg 300w, https:\/\/www.ingeneo.tech\/wp-content\/uploads\/2022\/12\/WhatsApp-Image-2022-12-15-at-11.55.05-768x480.jpeg 768w, https:\/\/www.ingeneo.tech\/wp-content\/uploads\/2022\/12\/WhatsApp-Image-2022-12-15-at-11.55.05.jpeg 1120w\" sizes=\"(max-width: 1024px) 100vw, 1024px\" \/><figcaption><a href=\"https:\/\/www.ingeneo.tech\/en\/refractory-installation\/\">Refractory Installation<\/a><\/figcaption><\/figure><\/div>\n<\/div>\n<\/div>\n\n\n\n<p>We can supply both refractory materials and their assembly by specialized professional work teams&nbsp;<a href=\"https:\/\/www.ingeneo.tech\/en\/frits-glazes-ceramic-pigments\/\">frits and glazes<\/a>, <a href=\"https:\/\/www.ingeneo.tech\/en\/sodium-silicate\/\">sodium silicate<\/a>, <a href=\"https:\/\/www.ingeneo.tech\/en\/glass\/\">glass<\/a>, <a href=\"https:\/\/www.ingeneo.tech\/en\/steam-generation\/\">steam generation<\/a>, <a href=\"https:\/\/www.ingeneo.tech\/en\/olive-pomace-drying\/\">olive pomace drying<\/a>, <a href=\"https:\/\/www.ingeneo.tech\/en\/grape-pomace-drying\/\">grape pomace drying<\/a> and <a href=\"https:\/\/www.ingeneo.tech\/en\/alfalfa-cereal-drying\/\">cereal drying and alfalfa dehydration<\/a>, <a href=\"https:\/\/www.ingeneo.tech\/en\/waste-treatment-recovery\/\">waste treatment and recovery<\/a>, <a href=\"https:\/\/www.ingeneo.tech\/en\/voc-treatment\/\">VOC treatment<\/a> , <a href=\"https:\/\/www.ingeneo.tech\/en\/regrigerator-treatment\/\">recycling of fridges <\/a>and <a href=\"https:\/\/www.ingeneo.tech\/en\/funeral-industry\/\">funeral<\/a>.<\/p>\n","protected":false},"excerpt":{"rendered":"<p>Following our specialization in industrial furnaces and combustion equipment, we have acquired, after years of work in the field of refractories, the technical knowledge and experience necessary to assist you in choosing the best insulating and refractory materials for your installation. We can supply both refractory materials and their assembly by specialized professional work teams&nbsp;frits<\/p>\n","protected":false},"author":1,"featured_media":2258,"parent":0,"menu_order":0,"comment_status":"closed","ping_status":"closed","template":"","meta":{"footnotes":""},"class_list":["post-2256","page","type-page","status-publish","has-post-thumbnail","hentry"],"yoast_head":"<!-- This site is optimized with the Yoast SEO plugin v22.4 - https:\/\/yoast.com\/wordpress\/plugins\/seo\/ -->\n<title>Refractories - Ingeneo - Ingenier\u00eda, Hornos industriales, Equipos de combusti\u00f3n, Recuperadores de calor en Valencia<\/title>\n<meta name=\"robots\" content=\"index, follow, max-snippet:-1, max-image-preview:large, max-video-preview:-1\" \/>\n<link rel=\"canonical\" href=\"https:\/\/www.ingeneo.tech\/en\/refractories\/\" \/>\n<meta property=\"og:locale\" content=\"en_US\" \/>\n<meta property=\"og:type\" content=\"article\" \/>\n<meta property=\"og:title\" content=\"Refractories - Ingeneo - Ingenier\u00eda, Hornos industriales, Equipos de combusti\u00f3n, Recuperadores de calor en Valencia\" \/>\n<meta property=\"og:description\" content=\"Following our specialization in industrial furnaces and combustion equipment, we have acquired, after years of work in the field of refractories, the technical knowledge and experience necessary to assist you in choosing the best insulating and refractory materials for your installation. We can supply both refractory materials and their assembly by specialized professional work teams&nbsp;frits\" \/>\n<meta property=\"og:url\" content=\"https:\/\/www.ingeneo.tech\/en\/refractories\/\" \/>\n<meta property=\"og:site_name\" content=\"Ingeneo - Ingenier\u00eda, Hornos industriales, Equipos de combusti\u00f3n, Recuperadores de calor en Valencia\" \/>\n<meta property=\"article:modified_time\" content=\"2022-12-15T11:03:39+00:00\" \/>\n<meta property=\"og:image\" content=\"https:\/\/www.ingeneo.tech\/wp-content\/uploads\/2019\/10\/Ingeneo_refractarios.png\" \/>\n\t<meta property=\"og:image:width\" content=\"816\" \/>\n\t<meta property=\"og:image:height\" content=\"558\" \/>\n\t<meta property=\"og:image:type\" content=\"image\/png\" \/>\n<meta name=\"twitter:card\" content=\"summary_large_image\" \/>\n<meta name=\"twitter:label1\" content=\"Est. reading time\" \/>\n\t<meta name=\"twitter:data1\" content=\"1 minute\" \/>\n<script type=\"application\/ld+json\" class=\"yoast-schema-graph\">{\"@context\":\"https:\/\/schema.org\",\"@graph\":[{\"@type\":\"WebPage\",\"@id\":\"https:\/\/www.ingeneo.tech\/en\/refractories\/\",\"url\":\"https:\/\/www.ingeneo.tech\/en\/refractories\/\",\"name\":\"Refractories - Ingeneo - Ingenier\u00eda, Hornos industriales, Equipos de combusti\u00f3n, Recuperadores de calor en Valencia\",\"isPartOf\":{\"@id\":\"https:\/\/www.ingeneo.tech\/en\/#website\"},\"primaryImageOfPage\":{\"@id\":\"https:\/\/www.ingeneo.tech\/en\/refractories\/#primaryimage\"},\"image\":{\"@id\":\"https:\/\/www.ingeneo.tech\/en\/refractories\/#primaryimage\"},\"thumbnailUrl\":\"https:\/\/www.ingeneo.tech\/wp-content\/uploads\/2019\/10\/Ingeneo_refractarios.png\",\"datePublished\":\"2019-10-25T07:16:22+00:00\",\"dateModified\":\"2022-12-15T11:03:39+00:00\",\"breadcrumb\":{\"@id\":\"https:\/\/www.ingeneo.tech\/en\/refractories\/#breadcrumb\"},\"inLanguage\":\"en-US\",\"potentialAction\":[{\"@type\":\"ReadAction\",\"target\":[\"https:\/\/www.ingeneo.tech\/en\/refractories\/\"]}]},{\"@type\":\"ImageObject\",\"inLanguage\":\"en-US\",\"@id\":\"https:\/\/www.ingeneo.tech\/en\/refractories\/#primaryimage\",\"url\":\"https:\/\/www.ingeneo.tech\/wp-content\/uploads\/2019\/10\/Ingeneo_refractarios.png\",\"contentUrl\":\"https:\/\/www.ingeneo.tech\/wp-content\/uploads\/2019\/10\/Ingeneo_refractarios.png\",\"width\":816,\"height\":558},{\"@type\":\"BreadcrumbList\",\"@id\":\"https:\/\/www.ingeneo.tech\/en\/refractories\/#breadcrumb\",\"itemListElement\":[{\"@type\":\"ListItem\",\"position\":1,\"name\":\"Portada\",\"item\":\"https:\/\/www.ingeneo.tech\/en\/\"},{\"@type\":\"ListItem\",\"position\":2,\"name\":\"Refractories\"}]},{\"@type\":\"WebSite\",\"@id\":\"https:\/\/www.ingeneo.tech\/en\/#website\",\"url\":\"https:\/\/www.ingeneo.tech\/en\/\",\"name\":\"Ingeneo - Ingenier\u00eda, Hornos industriales, Equipos de combusti\u00f3n, Recuperadores de calor en Valencia\",\"description\":\"Ingenier\u00eda, Hornos industriales, Equipos de combusti\u00f3n, Recuperadores de calor en Valencia\",\"potentialAction\":[{\"@type\":\"SearchAction\",\"target\":{\"@type\":\"EntryPoint\",\"urlTemplate\":\"https:\/\/www.ingeneo.tech\/en\/?s={search_term_string}\"},\"query-input\":\"required name=search_term_string\"}],\"inLanguage\":\"en-US\"}]}<\/script>\n<!-- \/ Yoast SEO plugin. -->","yoast_head_json":{"title":"Refractories - Ingeneo - Ingenier\u00eda, Hornos industriales, Equipos de combusti\u00f3n, Recuperadores de calor en Valencia","robots":{"index":"index","follow":"follow","max-snippet":"max-snippet:-1","max-image-preview":"max-image-preview:large","max-video-preview":"max-video-preview:-1"},"canonical":"https:\/\/www.ingeneo.tech\/en\/refractories\/","og_locale":"en_US","og_type":"article","og_title":"Refractories - Ingeneo - Ingenier\u00eda, Hornos industriales, Equipos de combusti\u00f3n, Recuperadores de calor en Valencia","og_description":"Following our specialization in industrial furnaces and combustion equipment, we have acquired, after years of work in the field of refractories, the technical knowledge and experience necessary to assist you in choosing the best insulating and refractory materials for your installation. We can supply both refractory materials and their assembly by specialized professional work teams&nbsp;frits","og_url":"https:\/\/www.ingeneo.tech\/en\/refractories\/","og_site_name":"Ingeneo - Ingenier\u00eda, Hornos industriales, Equipos de combusti\u00f3n, Recuperadores de calor en Valencia","article_modified_time":"2022-12-15T11:03:39+00:00","og_image":[{"width":816,"height":558,"url":"https:\/\/www.ingeneo.tech\/wp-content\/uploads\/2019\/10\/Ingeneo_refractarios.png","type":"image\/png"}],"twitter_card":"summary_large_image","twitter_misc":{"Est. reading time":"1 minute"},"schema":{"@context":"https:\/\/schema.org","@graph":[{"@type":"WebPage","@id":"https:\/\/www.ingeneo.tech\/en\/refractories\/","url":"https:\/\/www.ingeneo.tech\/en\/refractories\/","name":"Refractories - Ingeneo - Ingenier\u00eda, Hornos industriales, Equipos de combusti\u00f3n, Recuperadores de calor en Valencia","isPartOf":{"@id":"https:\/\/www.ingeneo.tech\/en\/#website"},"primaryImageOfPage":{"@id":"https:\/\/www.ingeneo.tech\/en\/refractories\/#primaryimage"},"image":{"@id":"https:\/\/www.ingeneo.tech\/en\/refractories\/#primaryimage"},"thumbnailUrl":"https:\/\/www.ingeneo.tech\/wp-content\/uploads\/2019\/10\/Ingeneo_refractarios.png","datePublished":"2019-10-25T07:16:22+00:00","dateModified":"2022-12-15T11:03:39+00:00","breadcrumb":{"@id":"https:\/\/www.ingeneo.tech\/en\/refractories\/#breadcrumb"},"inLanguage":"en-US","potentialAction":[{"@type":"ReadAction","target":["https:\/\/www.ingeneo.tech\/en\/refractories\/"]}]},{"@type":"ImageObject","inLanguage":"en-US","@id":"https:\/\/www.ingeneo.tech\/en\/refractories\/#primaryimage","url":"https:\/\/www.ingeneo.tech\/wp-content\/uploads\/2019\/10\/Ingeneo_refractarios.png","contentUrl":"https:\/\/www.ingeneo.tech\/wp-content\/uploads\/2019\/10\/Ingeneo_refractarios.png","width":816,"height":558},{"@type":"BreadcrumbList","@id":"https:\/\/www.ingeneo.tech\/en\/refractories\/#breadcrumb","itemListElement":[{"@type":"ListItem","position":1,"name":"Portada","item":"https:\/\/www.ingeneo.tech\/en\/"},{"@type":"ListItem","position":2,"name":"Refractories"}]},{"@type":"WebSite","@id":"https:\/\/www.ingeneo.tech\/en\/#website","url":"https:\/\/www.ingeneo.tech\/en\/","name":"Ingeneo - Ingenier\u00eda, Hornos industriales, Equipos de combusti\u00f3n, Recuperadores de calor en Valencia","description":"Ingenier\u00eda, Hornos industriales, Equipos de combusti\u00f3n, Recuperadores de calor en Valencia","potentialAction":[{"@type":"SearchAction","target":{"@type":"EntryPoint","urlTemplate":"https:\/\/www.ingeneo.tech\/en\/?s={search_term_string}"},"query-input":"required name=search_term_string"}],"inLanguage":"en-US"}]}},"_links":{"self":[{"href":"https:\/\/www.ingeneo.tech\/en\/wp-json\/wp\/v2\/pages\/2256","targetHints":{"allow":["GET"]}}],"collection":[{"href":"https:\/\/www.ingeneo.tech\/en\/wp-json\/wp\/v2\/pages"}],"about":[{"href":"https:\/\/www.ingeneo.tech\/en\/wp-json\/wp\/v2\/types\/page"}],"author":[{"embeddable":true,"href":"https:\/\/www.ingeneo.tech\/en\/wp-json\/wp\/v2\/users\/1"}],"replies":[{"embeddable":true,"href":"https:\/\/www.ingeneo.tech\/en\/wp-json\/wp\/v2\/comments?post=2256"}],"version-history":[{"count":4,"href":"https:\/\/www.ingeneo.tech\/en\/wp-json\/wp\/v2\/pages\/2256\/revisions"}],"predecessor-version":[{"id":5713,"href":"https:\/\/www.ingeneo.tech\/en\/wp-json\/wp\/v2\/pages\/2256\/revisions\/5713"}],"wp:featuredmedia":[{"embeddable":true,"href":"https:\/\/www.ingeneo.tech\/en\/wp-json\/wp\/v2\/media\/2258"}],"wp:attachment":[{"href":"https:\/\/www.ingeneo.tech\/en\/wp-json\/wp\/v2\/media?parent=2256"}],"curies":[{"name":"wp","href":"https:\/\/api.w.org\/{rel}","templated":true}]}}