{"id":2252,"date":"2019-11-24T19:09:06","date_gmt":"2019-11-24T18:09:06","guid":{"rendered":"https:\/\/www.ingeneo.tech\/instalaciones-de-vapor-y-legalizacion\/"},"modified":"2020-01-20T19:37:07","modified_gmt":"2020-01-20T18:37:07","slug":"installation-legalization","status":"publish","type":"page","link":"https:\/\/www.ingeneo.tech\/en\/installation-legalization\/","title":{"rendered":"Installation and legalization"},"content":{"rendered":"\n<div class=\"wp-block-columns is-layout-flex wp-container-core-columns-is-layout-9d6595d7 wp-block-columns-is-layout-flex\">\n<div class=\"wp-block-column is-layout-flow wp-block-column-is-layout-flow\"><div id=\"new-royalslider-34\" class=\"royalSlider new-royalslider-34 rsDefaultInv rs-image-gallery\" style=\"width:100%;height:450px;;\" data-rs-options='{&quot;template&quot;:&quot;default&quot;,&quot;image_generation&quot;:{&quot;lazyLoading&quot;:&quot;true&quot;,&quot;imageWidth&quot;:&quot;&quot;,&quot;imageHeight&quot;:&quot;&quot;,&quot;thumbImageWidth&quot;:96,&quot;thumbImageHeight&quot;:72},&quot;thumbs&quot;:{&quot;paddingBottom&quot;:4,&quot;thumbWidth&quot;:96,&quot;thumbHeight&quot;:72,&quot;appendSpan&quot;:&quot;true&quot;},&quot;autoPlay&quot;:{&quot;enabled&quot;:&quot;true&quot;},&quot;fullscreen&quot;:{&quot;enabled&quot;:&quot;true&quot;,&quot;nativeFS&quot;:&quot;true&quot;},&quot;video&quot;:[],&quot;block&quot;:{&quot;moveOffset&quot;:20,&quot;speed&quot;:400,&quot;delay&quot;:200},&quot;width&quot;:&quot;100%&quot;,&quot;height&quot;:450,&quot;autoScaleSliderWidth&quot;:960,&quot;autoScaleSliderHeight&quot;:850,&quot;imageScaleMode&quot;:&quot;fit&quot;,&quot;controlNavigation&quot;:&quot;thumbnails&quot;,&quot;arrowsNavHideOnTouch&quot;:&quot;true&quot;,&quot;globalCaptionInside&quot;:&quot;true&quot;,&quot;keyboardNavEnabled&quot;:&quot;true&quot;,&quot;fadeinLoadedSlide&quot;:&quot;false&quot;}'>\n<div class=\"rsContent\">\n  <a class=\"rsImg\" href=\"https:\/\/www.ingeneo.tech\/wp-content\/uploads\/2019\/11\/jumag-inst-compacta.jpg\" data-rsBigImg=\"https:\/\/www.ingeneo.tech\/wp-content\/uploads\/2019\/11\/jumag-inst-compacta.jpg\">jumag-inst-compacta<\/a>\n  <div class=\"rsTmb\"><img decoding=\"async\" src=\"https:\/\/www.ingeneo.tech\/wp-content\/uploads\/2019\/11\/jumag-inst-compacta-96x72.jpg\" alt=\"\" \/><\/div>\n  \n  \n<\/div>\n<div class=\"rsContent\">\n  <a class=\"rsImg\" href=\"https:\/\/www.ingeneo.tech\/wp-content\/uploads\/2019\/11\/jumag-inst-mult-1.jpg\" data-rsBigImg=\"https:\/\/www.ingeneo.tech\/wp-content\/uploads\/2019\/11\/jumag-inst-mult-1.jpg\">jumag-inst-mult-1<\/a>\n  <div class=\"rsTmb\"><img decoding=\"async\" src=\"https:\/\/www.ingeneo.tech\/wp-content\/uploads\/2019\/11\/jumag-inst-mult-1-96x72.jpg\" alt=\"\" \/><\/div>\n  \n  \n<\/div>\n<div class=\"rsContent\">\n  <a class=\"rsImg\" href=\"https:\/\/www.ingeneo.tech\/wp-content\/uploads\/2019\/12\/Imagen-1.png\" data-rsBigImg=\"https:\/\/www.ingeneo.tech\/wp-content\/uploads\/2019\/12\/Imagen-1.png\">Imagen 1<\/a>\n  <div class=\"rsTmb\"><img decoding=\"async\" src=\"https:\/\/www.ingeneo.tech\/wp-content\/uploads\/2019\/12\/Imagen-1-96x72.png\" alt=\"\" \/><\/div>\n  \n  \n<\/div>\n\n<\/div>\n\n<\/div>\n\n\n\n<div class=\"wp-block-column is-layout-flow wp-block-column-is-layout-flow\">\n<p>Ingeneo provides a comprehensive solution to your need for steam, being able to make the total supply of equipment, steam lines and connections to your equipment and even the legalization of your installation.<\/p>\n\n\n\n<ul class=\"wp-block-list\"><li><strong>Installation:<\/strong>  Ingeneo has a professional team that will advise you on the best possible installation according to your needs, performing it and training your team in it. We can also supply our steam and boiler generation equipment in the format that best suits your installation and needs: <\/li><\/ul>\n\n\n\n<ul class=\"wp-block-list\"><li><strong>Compact steam systems<\/strong>:  In the JUMAG compact steam installation, the selected components, such as the steam generator, the water preparation module, the purge \/ expansion tank, etc. They are placed on a motherboard ready for connection and electrical wiring. It is the best solution where space is a limiting factor.<\/li><\/ul>\n<\/div>\n<\/div>\n\n\n\n<ul class=\"wp-block-list\"><li><strong>Multiple steam systems:<\/strong>  If an amount of steam greater than 560 kg \/ h is required or redundancy is required, a multiple steam system is recommended. Multiple steam installations are very competitive compared to larger steam boilers or steam generators. It is the best solution where the need for steam is greater, it will increase over time, we need security in the supply or when it is very fluctuating. <\/li><\/ul>\n\n\n\n<ul class=\"wp-block-list\"><li><strong>Container steam systems:<\/strong>  <a href=\"https:\/\/www.jumag.eu\/en\/\">JUMAG<\/a> steam installations can be installed and delivered ready for connection in containers or cells. They can be placed outside buildings or used as mobile units. All <a href=\"https:\/\/www.jumag.eu\/en\/\">JUMAG<\/a> steam boilers and steam installations are available as container solutions. It is the best solution where the need for steam is punctual, complying with limited spaces and the ability to change its location.<\/li><\/ul>\n\n\n\n<ul class=\"wp-block-list\"><li><strong>Legalization:<\/strong>  Our technical team can prepare and present the project to request the legalization of your steam installation. With this service, we provide our customers with the integral solution to their need for steam, from advice, equipment supply, installation of steam, water, gas or condensate lines with their equipment and the legalization project for all set.<\/li><\/ul>\n","protected":false},"excerpt":{"rendered":"<p>Ingeneo provides a comprehensive solution to your need for steam, being able to make the total supply of equipment, steam lines and connections to your equipment and even the legalization of your installation. Installation: Ingeneo has a professional team that will advise you on the best possible installation according to your needs, performing it and<\/p>\n","protected":false},"author":1,"featured_media":0,"parent":0,"menu_order":2,"comment_status":"closed","ping_status":"closed","template":"","meta":{"footnotes":""},"class_list":["post-2252","page","type-page","status-publish","hentry"],"yoast_head":"<!-- This site is optimized with the Yoast SEO plugin v22.4 - https:\/\/yoast.com\/wordpress\/plugins\/seo\/ -->\n<title>Installation and legalization - Ingeneo - Ingenier\u00eda, Hornos industriales, Equipos de combusti\u00f3n, Recuperadores de calor en Valencia<\/title>\n<meta name=\"robots\" content=\"index, follow, max-snippet:-1, max-image-preview:large, max-video-preview:-1\" \/>\n<link rel=\"canonical\" href=\"https:\/\/www.ingeneo.tech\/en\/installation-legalization\/\" \/>\n<meta property=\"og:locale\" content=\"en_US\" \/>\n<meta property=\"og:type\" content=\"article\" \/>\n<meta property=\"og:title\" content=\"Installation and legalization - Ingeneo - Ingenier\u00eda, Hornos industriales, Equipos de combusti\u00f3n, Recuperadores de calor en Valencia\" \/>\n<meta property=\"og:description\" content=\"Ingeneo provides a comprehensive solution to your need for steam, being able to make the total supply of equipment, steam lines and connections to your equipment and even the legalization of your installation. Installation: Ingeneo has a professional team that will advise you on the best possible installation according to your needs, performing it and\" \/>\n<meta property=\"og:url\" content=\"https:\/\/www.ingeneo.tech\/en\/installation-legalization\/\" \/>\n<meta property=\"og:site_name\" content=\"Ingeneo - Ingenier\u00eda, Hornos industriales, Equipos de combusti\u00f3n, Recuperadores de calor en Valencia\" \/>\n<meta property=\"article:modified_time\" content=\"2020-01-20T18:37:07+00:00\" \/>\n<meta name=\"twitter:card\" content=\"summary_large_image\" \/>\n<meta name=\"twitter:label1\" content=\"Est. reading time\" \/>\n\t<meta name=\"twitter:data1\" content=\"2 minutes\" \/>\n<script type=\"application\/ld+json\" class=\"yoast-schema-graph\">{\"@context\":\"https:\/\/schema.org\",\"@graph\":[{\"@type\":\"WebPage\",\"@id\":\"https:\/\/www.ingeneo.tech\/en\/installation-legalization\/\",\"url\":\"https:\/\/www.ingeneo.tech\/en\/installation-legalization\/\",\"name\":\"Installation and legalization - Ingeneo - Ingenier\u00eda, Hornos industriales, Equipos de combusti\u00f3n, Recuperadores de calor en Valencia\",\"isPartOf\":{\"@id\":\"https:\/\/www.ingeneo.tech\/en\/#website\"},\"datePublished\":\"2019-11-24T18:09:06+00:00\",\"dateModified\":\"2020-01-20T18:37:07+00:00\",\"breadcrumb\":{\"@id\":\"https:\/\/www.ingeneo.tech\/en\/installation-legalization\/#breadcrumb\"},\"inLanguage\":\"en-US\",\"potentialAction\":[{\"@type\":\"ReadAction\",\"target\":[\"https:\/\/www.ingeneo.tech\/en\/installation-legalization\/\"]}]},{\"@type\":\"BreadcrumbList\",\"@id\":\"https:\/\/www.ingeneo.tech\/en\/installation-legalization\/#breadcrumb\",\"itemListElement\":[{\"@type\":\"ListItem\",\"position\":1,\"name\":\"Portada\",\"item\":\"https:\/\/www.ingeneo.tech\/en\/\"},{\"@type\":\"ListItem\",\"position\":2,\"name\":\"Installation and legalization\"}]},{\"@type\":\"WebSite\",\"@id\":\"https:\/\/www.ingeneo.tech\/en\/#website\",\"url\":\"https:\/\/www.ingeneo.tech\/en\/\",\"name\":\"Ingeneo - Ingenier\u00eda, Hornos industriales, Equipos de combusti\u00f3n, Recuperadores de calor en Valencia\",\"description\":\"Ingenier\u00eda, Hornos industriales, Equipos de combusti\u00f3n, Recuperadores de calor en Valencia\",\"potentialAction\":[{\"@type\":\"SearchAction\",\"target\":{\"@type\":\"EntryPoint\",\"urlTemplate\":\"https:\/\/www.ingeneo.tech\/en\/?s={search_term_string}\"},\"query-input\":\"required name=search_term_string\"}],\"inLanguage\":\"en-US\"}]}<\/script>\n<!-- \/ Yoast SEO plugin. -->","yoast_head_json":{"title":"Installation and legalization - Ingeneo - Ingenier\u00eda, Hornos industriales, Equipos de combusti\u00f3n, Recuperadores de calor en Valencia","robots":{"index":"index","follow":"follow","max-snippet":"max-snippet:-1","max-image-preview":"max-image-preview:large","max-video-preview":"max-video-preview:-1"},"canonical":"https:\/\/www.ingeneo.tech\/en\/installation-legalization\/","og_locale":"en_US","og_type":"article","og_title":"Installation and legalization - Ingeneo - Ingenier\u00eda, Hornos industriales, Equipos de combusti\u00f3n, Recuperadores de calor en Valencia","og_description":"Ingeneo provides a comprehensive solution to your need for steam, being able to make the total supply of equipment, steam lines and connections to your equipment and even the legalization of your installation. Installation: Ingeneo has a professional team that will advise you on the best possible installation according to your needs, performing it and","og_url":"https:\/\/www.ingeneo.tech\/en\/installation-legalization\/","og_site_name":"Ingeneo - Ingenier\u00eda, Hornos industriales, Equipos de combusti\u00f3n, Recuperadores de calor en Valencia","article_modified_time":"2020-01-20T18:37:07+00:00","twitter_card":"summary_large_image","twitter_misc":{"Est. reading time":"2 minutes"},"schema":{"@context":"https:\/\/schema.org","@graph":[{"@type":"WebPage","@id":"https:\/\/www.ingeneo.tech\/en\/installation-legalization\/","url":"https:\/\/www.ingeneo.tech\/en\/installation-legalization\/","name":"Installation and legalization - Ingeneo - Ingenier\u00eda, Hornos industriales, Equipos de combusti\u00f3n, Recuperadores de calor en Valencia","isPartOf":{"@id":"https:\/\/www.ingeneo.tech\/en\/#website"},"datePublished":"2019-11-24T18:09:06+00:00","dateModified":"2020-01-20T18:37:07+00:00","breadcrumb":{"@id":"https:\/\/www.ingeneo.tech\/en\/installation-legalization\/#breadcrumb"},"inLanguage":"en-US","potentialAction":[{"@type":"ReadAction","target":["https:\/\/www.ingeneo.tech\/en\/installation-legalization\/"]}]},{"@type":"BreadcrumbList","@id":"https:\/\/www.ingeneo.tech\/en\/installation-legalization\/#breadcrumb","itemListElement":[{"@type":"ListItem","position":1,"name":"Portada","item":"https:\/\/www.ingeneo.tech\/en\/"},{"@type":"ListItem","position":2,"name":"Installation and legalization"}]},{"@type":"WebSite","@id":"https:\/\/www.ingeneo.tech\/en\/#website","url":"https:\/\/www.ingeneo.tech\/en\/","name":"Ingeneo - Ingenier\u00eda, Hornos industriales, Equipos de combusti\u00f3n, Recuperadores de calor en Valencia","description":"Ingenier\u00eda, Hornos industriales, Equipos de combusti\u00f3n, Recuperadores de calor en Valencia","potentialAction":[{"@type":"SearchAction","target":{"@type":"EntryPoint","urlTemplate":"https:\/\/www.ingeneo.tech\/en\/?s={search_term_string}"},"query-input":"required name=search_term_string"}],"inLanguage":"en-US"}]}},"_links":{"self":[{"href":"https:\/\/www.ingeneo.tech\/en\/wp-json\/wp\/v2\/pages\/2252","targetHints":{"allow":["GET"]}}],"collection":[{"href":"https:\/\/www.ingeneo.tech\/en\/wp-json\/wp\/v2\/pages"}],"about":[{"href":"https:\/\/www.ingeneo.tech\/en\/wp-json\/wp\/v2\/types\/page"}],"author":[{"embeddable":true,"href":"https:\/\/www.ingeneo.tech\/en\/wp-json\/wp\/v2\/users\/1"}],"replies":[{"embeddable":true,"href":"https:\/\/www.ingeneo.tech\/en\/wp-json\/wp\/v2\/comments?post=2252"}],"version-history":[{"count":1,"href":"https:\/\/www.ingeneo.tech\/en\/wp-json\/wp\/v2\/pages\/2252\/revisions"}],"predecessor-version":[{"id":2255,"href":"https:\/\/www.ingeneo.tech\/en\/wp-json\/wp\/v2\/pages\/2252\/revisions\/2255"}],"wp:attachment":[{"href":"https:\/\/www.ingeneo.tech\/en\/wp-json\/wp\/v2\/media?parent=2252"}],"curies":[{"name":"wp","href":"https:\/\/api.w.org\/{rel}","templated":true}]}}