{"id":2229,"date":"2019-10-25T09:10:55","date_gmt":"2019-10-25T07:10:55","guid":{"rendered":"https:\/\/www.ingeneo.tech\/transporte-y-manipulacion-de-solidos\/"},"modified":"2020-01-24T09:51:17","modified_gmt":"2020-01-24T08:51:17","slug":"solid-conveying-and-handling","status":"publish","type":"page","link":"https:\/\/www.ingeneo.tech\/en\/solid-conveying-and-handling\/","title":{"rendered":"Solids Conveying and Handling"},"content":{"rendered":"\n<p>Our technical department has extensive experience in the design, manufacture and supply of transport and storage handling facilities for dust and granulated materials. In its most complete version, such as &#8220;turnkey&#8221;, or partially with the collaboration of the client, always adapting to their needs.<\/p>\n\n\n\n<p>Within the vast number of elements that constitute a raw material dosing facility, we can highlight the following products or services:<\/p>\n\n\n<div id=\"new-royalslider-35\" class=\"royalSlider new-royalslider-35 rsDefaultInv rs-image-gallery\" style=\"width:100%;height:450px;;\" data-rs-options='{&quot;template&quot;:&quot;default&quot;,&quot;image_generation&quot;:{&quot;lazyLoading&quot;:&quot;true&quot;,&quot;imageWidth&quot;:&quot;&quot;,&quot;imageHeight&quot;:&quot;&quot;,&quot;thumbImageWidth&quot;:96,&quot;thumbImageHeight&quot;:72},&quot;thumbs&quot;:{&quot;paddingBottom&quot;:4,&quot;thumbWidth&quot;:96,&quot;thumbHeight&quot;:72,&quot;appendSpan&quot;:&quot;true&quot;},&quot;autoPlay&quot;:{&quot;enabled&quot;:&quot;true&quot;},&quot;fullscreen&quot;:{&quot;enabled&quot;:&quot;true&quot;,&quot;nativeFS&quot;:&quot;true&quot;},&quot;video&quot;:[],&quot;block&quot;:{&quot;moveOffset&quot;:20,&quot;speed&quot;:400,&quot;delay&quot;:200},&quot;width&quot;:&quot;100%&quot;,&quot;height&quot;:450,&quot;autoScaleSliderWidth&quot;:960,&quot;autoScaleSliderHeight&quot;:850,&quot;imageScaleMode&quot;:&quot;fit&quot;,&quot;controlNavigation&quot;:&quot;thumbnails&quot;,&quot;arrowsNavHideOnTouch&quot;:&quot;true&quot;,&quot;globalCaptionInside&quot;:&quot;true&quot;,&quot;keyboardNavEnabled&quot;:&quot;true&quot;,&quot;fadeinLoadedSlide&quot;:&quot;false&quot;}'>\n<div class=\"rsContent\">\n  <a class=\"rsImg\" href=\"https:\/\/www.ingeneo.tech\/wp-content\/uploads\/2019\/10\/Ingeneo_Transporte_y_manipulacion_de_solidos_almacenamiento.png\" data-rsBigImg=\"https:\/\/www.ingeneo.tech\/wp-content\/uploads\/2019\/10\/Ingeneo_Transporte_y_manipulacion_de_solidos_almacenamiento.png\">Ingeneo_Transporte_y_manipulacion_de_solidos_almacenamiento<\/a>\n  <div class=\"rsTmb\"><img decoding=\"async\" src=\"https:\/\/www.ingeneo.tech\/wp-content\/uploads\/2019\/10\/Ingeneo_Transporte_y_manipulacion_de_solidos_almacenamiento-96x72.png\" alt=\"\" \/><\/div>\n  \n  \n<\/div>\n<div class=\"rsContent\">\n  <a class=\"rsImg\" href=\"https:\/\/www.ingeneo.tech\/wp-content\/uploads\/2019\/10\/Ingeneo_carga_y_descarga_de_big_bags.png\" data-rsBigImg=\"https:\/\/www.ingeneo.tech\/wp-content\/uploads\/2019\/10\/Ingeneo_carga_y_descarga_de_big_bags.png\">Ingeneo_carga_y_descarga_de_big_bags<\/a>\n  <div class=\"rsTmb\"><img decoding=\"async\" src=\"https:\/\/www.ingeneo.tech\/wp-content\/uploads\/2019\/10\/Ingeneo_carga_y_descarga_de_big_bags-96x72.png\" alt=\"\" \/><\/div>\n  \n  \n<\/div>\n<div class=\"rsContent\">\n  <a class=\"rsImg\" href=\"https:\/\/www.ingeneo.tech\/wp-content\/uploads\/2019\/10\/Ingeneo_carga_y_descarga_de_big_bags2-825x1024.png\" data-rsBigImg=\"https:\/\/www.ingeneo.tech\/wp-content\/uploads\/2019\/10\/Ingeneo_carga_y_descarga_de_big_bags2.png\">Ingeneo_carga_y_descarga_de_big_bags2<\/a>\n  <div class=\"rsTmb\"><img decoding=\"async\" src=\"https:\/\/www.ingeneo.tech\/wp-content\/uploads\/2019\/10\/Ingeneo_carga_y_descarga_de_big_bags2-96x72.png\" alt=\"\" \/><\/div>\n  \n  \n<\/div>\n<div class=\"rsContent\">\n  <a class=\"rsImg\" href=\"https:\/\/www.ingeneo.tech\/wp-content\/uploads\/2019\/10\/Ingeneo_automatizacion_y_control.png\" data-rsBigImg=\"https:\/\/www.ingeneo.tech\/wp-content\/uploads\/2019\/10\/Ingeneo_automatizacion_y_control.png\">Ingeneo_automatizacion_y_control<\/a>\n  <div class=\"rsTmb\"><img decoding=\"async\" src=\"https:\/\/www.ingeneo.tech\/wp-content\/uploads\/2019\/10\/Ingeneo_automatizacion_y_control-96x72.png\" alt=\"\" \/><\/div>\n  \n  \n<\/div>\n\n<\/div>\n\n\n\n\n<p>This equipment is used in sectors such <a href=\"https:\/\/www.ingeneo.tech\/en\/frits-glazes-ceramic-pigments\/\">frits, glazes and ceramic pigments<\/a>, <a href=\"https:\/\/www.ingeneo.tech\/en\/sodium-silicate\/\">sodium silicate<\/a><\/p>\n\n\n\n<h4 class=\"wp-block-heading\">Storage<\/h4>\n\n\n\n<p>Depending on the product and the volumes to be stored, we can design and supply different types of storage elements:<\/p>\n\n\n\n<ul class=\"wp-block-list\"><li>By constructive materials: Silos in carbon steel, stainless steel and even plastic materials.<\/li><li>By shape: Round or square silos (also called cells).<\/li><li> By internal coating: suitable for materials with difficult discharging <\/li><\/ul>\n\n\n\n<h4 class=\"wp-block-heading\">Structures<\/h4>\n\n\n\n<p>Calculation of structures of all types in either stable or anti-seismic terrain.<\/p>\n\n\n\n<h4 class=\"wp-block-heading\">Pneumatic Transport<\/h4>\n\n\n\n<p>With an excellent compatibility for abrasive materials, reduced energy consumption and great versatility, pneumatic transport is presented as one of the most used solutions for both short and long distances.<\/p>\n\n\n\n<ul class=\"wp-block-list\"><li>Dense phase pneumatic transport.<\/li><li>Semi-dense phase pneumatic transport.<\/li><li>Diluted phase pneumatic transport.<\/li><li> Aero sliders. <\/li><\/ul>\n\n\n\n<h4 class=\"wp-block-heading\">Mechanical Transport<\/h4>\n\n\n\n<ul class=\"wp-block-list\"><li>Endless conveyors.<\/li><li>Paddle lifts.<\/li><li>Conveyor belts <\/li><li>etc.<\/li><\/ul>\n\n\n\n<h4 class=\"wp-block-heading\">Bigbags Loading and Unloading<\/h4>\n\n\n\n<p>We can install big-bag unloaders and loaders, ensuring maximum operator ergonomics and, in any case, avoiding material leaks, that may arise during the transfer of powdery products.<\/p>\n\n\n\n<h4 class=\"wp-block-heading\">Dosing and weighing<\/h4>\n\n\n\n<p>Dosing system using hoppers, silos and weighing tapes, in continuous or batch.<\/p>\n\n\n\n<h4 class=\"wp-block-heading\">Automation and control<\/h4>\n\n\n\n<p>We perform all the necessary engineering to integrate all the electromechanical elements required for the control of the plant, including the management software, as well as the control and installation panel.<\/p>\n\n\n\n<h4 class=\"wp-block-heading\">Dusting systems<\/h4>\n\n\n\n<p>We design the entire dust removal system using filters with waste recovery to ensure a clean and healthy working environment.<\/p>\n","protected":false},"excerpt":{"rendered":"<p>Our technical department has extensive experience in the design, manufacture and supply of transport and storage handling facilities for dust and granulated materials. In its most complete version, such as &#8220;turnkey&#8221;, or partially with the collaboration of the client, always adapting to their needs. Within the vast number of elements that constitute a raw material<\/p>\n","protected":false},"author":1,"featured_media":2231,"parent":0,"menu_order":0,"comment_status":"closed","ping_status":"closed","template":"","meta":{"footnotes":""},"class_list":["post-2229","page","type-page","status-publish","has-post-thumbnail","hentry"],"yoast_head":"<!-- This site is optimized with the Yoast SEO plugin v22.4 - https:\/\/yoast.com\/wordpress\/plugins\/seo\/ -->\n<title>Solids Conveying and Handling - Ingeneo - Ingenier\u00eda, Hornos industriales, Equipos de combusti\u00f3n, Recuperadores de calor en Valencia<\/title>\n<meta name=\"robots\" content=\"index, follow, max-snippet:-1, max-image-preview:large, max-video-preview:-1\" \/>\n<link rel=\"canonical\" href=\"https:\/\/www.ingeneo.tech\/en\/solid-conveying-and-handling\/\" \/>\n<meta property=\"og:locale\" content=\"en_US\" \/>\n<meta property=\"og:type\" content=\"article\" \/>\n<meta property=\"og:title\" content=\"Solids Conveying and Handling - Ingeneo - Ingenier\u00eda, Hornos industriales, Equipos de combusti\u00f3n, Recuperadores de calor en Valencia\" \/>\n<meta property=\"og:description\" content=\"Our technical department has extensive experience in the design, manufacture and supply of transport and storage handling facilities for dust and granulated materials. In its most complete version, such as &#8220;turnkey&#8221;, or partially with the collaboration of the client, always adapting to their needs. Within the vast number of elements that constitute a raw material\" \/>\n<meta property=\"og:url\" content=\"https:\/\/www.ingeneo.tech\/en\/solid-conveying-and-handling\/\" \/>\n<meta property=\"og:site_name\" content=\"Ingeneo - Ingenier\u00eda, Hornos industriales, Equipos de combusti\u00f3n, Recuperadores de calor en Valencia\" \/>\n<meta property=\"article:modified_time\" content=\"2020-01-24T08:51:17+00:00\" \/>\n<meta property=\"og:image\" content=\"https:\/\/www.ingeneo.tech\/wp-content\/uploads\/2019\/10\/Ingeneo_Transporte_y_manipulacion_de_solidos_almacenamiento.png\" \/>\n\t<meta property=\"og:image:width\" content=\"885\" \/>\n\t<meta property=\"og:image:height\" content=\"589\" \/>\n\t<meta property=\"og:image:type\" content=\"image\/png\" \/>\n<meta name=\"twitter:card\" content=\"summary_large_image\" \/>\n<meta name=\"twitter:label1\" content=\"Est. reading time\" \/>\n\t<meta name=\"twitter:data1\" content=\"2 minutes\" \/>\n<script type=\"application\/ld+json\" class=\"yoast-schema-graph\">{\"@context\":\"https:\/\/schema.org\",\"@graph\":[{\"@type\":\"WebPage\",\"@id\":\"https:\/\/www.ingeneo.tech\/en\/solid-conveying-and-handling\/\",\"url\":\"https:\/\/www.ingeneo.tech\/en\/solid-conveying-and-handling\/\",\"name\":\"Solids Conveying and Handling - Ingeneo - Ingenier\u00eda, Hornos industriales, Equipos de combusti\u00f3n, Recuperadores de calor en Valencia\",\"isPartOf\":{\"@id\":\"https:\/\/www.ingeneo.tech\/en\/#website\"},\"primaryImageOfPage\":{\"@id\":\"https:\/\/www.ingeneo.tech\/en\/solid-conveying-and-handling\/#primaryimage\"},\"image\":{\"@id\":\"https:\/\/www.ingeneo.tech\/en\/solid-conveying-and-handling\/#primaryimage\"},\"thumbnailUrl\":\"https:\/\/www.ingeneo.tech\/wp-content\/uploads\/2019\/10\/Ingeneo_Transporte_y_manipulacion_de_solidos_almacenamiento.png\",\"datePublished\":\"2019-10-25T07:10:55+00:00\",\"dateModified\":\"2020-01-24T08:51:17+00:00\",\"breadcrumb\":{\"@id\":\"https:\/\/www.ingeneo.tech\/en\/solid-conveying-and-handling\/#breadcrumb\"},\"inLanguage\":\"en-US\",\"potentialAction\":[{\"@type\":\"ReadAction\",\"target\":[\"https:\/\/www.ingeneo.tech\/en\/solid-conveying-and-handling\/\"]}]},{\"@type\":\"ImageObject\",\"inLanguage\":\"en-US\",\"@id\":\"https:\/\/www.ingeneo.tech\/en\/solid-conveying-and-handling\/#primaryimage\",\"url\":\"https:\/\/www.ingeneo.tech\/wp-content\/uploads\/2019\/10\/Ingeneo_Transporte_y_manipulacion_de_solidos_almacenamiento.png\",\"contentUrl\":\"https:\/\/www.ingeneo.tech\/wp-content\/uploads\/2019\/10\/Ingeneo_Transporte_y_manipulacion_de_solidos_almacenamiento.png\",\"width\":885,\"height\":589},{\"@type\":\"BreadcrumbList\",\"@id\":\"https:\/\/www.ingeneo.tech\/en\/solid-conveying-and-handling\/#breadcrumb\",\"itemListElement\":[{\"@type\":\"ListItem\",\"position\":1,\"name\":\"Portada\",\"item\":\"https:\/\/www.ingeneo.tech\/en\/\"},{\"@type\":\"ListItem\",\"position\":2,\"name\":\"Solids Conveying and Handling\"}]},{\"@type\":\"WebSite\",\"@id\":\"https:\/\/www.ingeneo.tech\/en\/#website\",\"url\":\"https:\/\/www.ingeneo.tech\/en\/\",\"name\":\"Ingeneo - Ingenier\u00eda, Hornos industriales, Equipos de combusti\u00f3n, Recuperadores de calor en Valencia\",\"description\":\"Ingenier\u00eda, Hornos industriales, Equipos de combusti\u00f3n, Recuperadores de calor en Valencia\",\"potentialAction\":[{\"@type\":\"SearchAction\",\"target\":{\"@type\":\"EntryPoint\",\"urlTemplate\":\"https:\/\/www.ingeneo.tech\/en\/?s={search_term_string}\"},\"query-input\":\"required name=search_term_string\"}],\"inLanguage\":\"en-US\"}]}<\/script>\n<!-- \/ Yoast SEO plugin. -->","yoast_head_json":{"title":"Solids Conveying and Handling - Ingeneo - Ingenier\u00eda, Hornos industriales, Equipos de combusti\u00f3n, Recuperadores de calor en Valencia","robots":{"index":"index","follow":"follow","max-snippet":"max-snippet:-1","max-image-preview":"max-image-preview:large","max-video-preview":"max-video-preview:-1"},"canonical":"https:\/\/www.ingeneo.tech\/en\/solid-conveying-and-handling\/","og_locale":"en_US","og_type":"article","og_title":"Solids Conveying and Handling - Ingeneo - Ingenier\u00eda, Hornos industriales, Equipos de combusti\u00f3n, Recuperadores de calor en Valencia","og_description":"Our technical department has extensive experience in the design, manufacture and supply of transport and storage handling facilities for dust and granulated materials. In its most complete version, such as &#8220;turnkey&#8221;, or partially with the collaboration of the client, always adapting to their needs. Within the vast number of elements that constitute a raw material","og_url":"https:\/\/www.ingeneo.tech\/en\/solid-conveying-and-handling\/","og_site_name":"Ingeneo - Ingenier\u00eda, Hornos industriales, Equipos de combusti\u00f3n, Recuperadores de calor en Valencia","article_modified_time":"2020-01-24T08:51:17+00:00","og_image":[{"width":885,"height":589,"url":"https:\/\/www.ingeneo.tech\/wp-content\/uploads\/2019\/10\/Ingeneo_Transporte_y_manipulacion_de_solidos_almacenamiento.png","type":"image\/png"}],"twitter_card":"summary_large_image","twitter_misc":{"Est. reading time":"2 minutes"},"schema":{"@context":"https:\/\/schema.org","@graph":[{"@type":"WebPage","@id":"https:\/\/www.ingeneo.tech\/en\/solid-conveying-and-handling\/","url":"https:\/\/www.ingeneo.tech\/en\/solid-conveying-and-handling\/","name":"Solids Conveying and Handling - Ingeneo - Ingenier\u00eda, Hornos industriales, Equipos de combusti\u00f3n, Recuperadores de calor en Valencia","isPartOf":{"@id":"https:\/\/www.ingeneo.tech\/en\/#website"},"primaryImageOfPage":{"@id":"https:\/\/www.ingeneo.tech\/en\/solid-conveying-and-handling\/#primaryimage"},"image":{"@id":"https:\/\/www.ingeneo.tech\/en\/solid-conveying-and-handling\/#primaryimage"},"thumbnailUrl":"https:\/\/www.ingeneo.tech\/wp-content\/uploads\/2019\/10\/Ingeneo_Transporte_y_manipulacion_de_solidos_almacenamiento.png","datePublished":"2019-10-25T07:10:55+00:00","dateModified":"2020-01-24T08:51:17+00:00","breadcrumb":{"@id":"https:\/\/www.ingeneo.tech\/en\/solid-conveying-and-handling\/#breadcrumb"},"inLanguage":"en-US","potentialAction":[{"@type":"ReadAction","target":["https:\/\/www.ingeneo.tech\/en\/solid-conveying-and-handling\/"]}]},{"@type":"ImageObject","inLanguage":"en-US","@id":"https:\/\/www.ingeneo.tech\/en\/solid-conveying-and-handling\/#primaryimage","url":"https:\/\/www.ingeneo.tech\/wp-content\/uploads\/2019\/10\/Ingeneo_Transporte_y_manipulacion_de_solidos_almacenamiento.png","contentUrl":"https:\/\/www.ingeneo.tech\/wp-content\/uploads\/2019\/10\/Ingeneo_Transporte_y_manipulacion_de_solidos_almacenamiento.png","width":885,"height":589},{"@type":"BreadcrumbList","@id":"https:\/\/www.ingeneo.tech\/en\/solid-conveying-and-handling\/#breadcrumb","itemListElement":[{"@type":"ListItem","position":1,"name":"Portada","item":"https:\/\/www.ingeneo.tech\/en\/"},{"@type":"ListItem","position":2,"name":"Solids Conveying and Handling"}]},{"@type":"WebSite","@id":"https:\/\/www.ingeneo.tech\/en\/#website","url":"https:\/\/www.ingeneo.tech\/en\/","name":"Ingeneo - Ingenier\u00eda, Hornos industriales, Equipos de combusti\u00f3n, Recuperadores de calor en Valencia","description":"Ingenier\u00eda, Hornos industriales, Equipos de combusti\u00f3n, Recuperadores de calor en Valencia","potentialAction":[{"@type":"SearchAction","target":{"@type":"EntryPoint","urlTemplate":"https:\/\/www.ingeneo.tech\/en\/?s={search_term_string}"},"query-input":"required name=search_term_string"}],"inLanguage":"en-US"}]}},"_links":{"self":[{"href":"https:\/\/www.ingeneo.tech\/en\/wp-json\/wp\/v2\/pages\/2229","targetHints":{"allow":["GET"]}}],"collection":[{"href":"https:\/\/www.ingeneo.tech\/en\/wp-json\/wp\/v2\/pages"}],"about":[{"href":"https:\/\/www.ingeneo.tech\/en\/wp-json\/wp\/v2\/types\/page"}],"author":[{"embeddable":true,"href":"https:\/\/www.ingeneo.tech\/en\/wp-json\/wp\/v2\/users\/1"}],"replies":[{"embeddable":true,"href":"https:\/\/www.ingeneo.tech\/en\/wp-json\/wp\/v2\/comments?post=2229"}],"version-history":[{"count":8,"href":"https:\/\/www.ingeneo.tech\/en\/wp-json\/wp\/v2\/pages\/2229\/revisions"}],"predecessor-version":[{"id":2460,"href":"https:\/\/www.ingeneo.tech\/en\/wp-json\/wp\/v2\/pages\/2229\/revisions\/2460"}],"wp:featuredmedia":[{"embeddable":true,"href":"https:\/\/www.ingeneo.tech\/en\/wp-json\/wp\/v2\/media\/2231"}],"wp:attachment":[{"href":"https:\/\/www.ingeneo.tech\/en\/wp-json\/wp\/v2\/media?parent=2229"}],"curies":[{"name":"wp","href":"https:\/\/api.w.org\/{rel}","templated":true}]}}