{"id":2216,"date":"2019-10-25T08:54:27","date_gmt":"2019-10-25T06:54:27","guid":{"rendered":"https:\/\/www.ingeneo.tech\/recuperadores-por-conveccion\/"},"modified":"2020-01-21T08:54:14","modified_gmt":"2020-01-21T07:54:14","slug":"convection-heat-recuperators","status":"publish","type":"page","link":"https:\/\/www.ingeneo.tech\/en\/convection-heat-recuperators\/","title":{"rendered":"Convection Heat Recuperators"},"content":{"rendered":"\n<div class=\"wp-block-columns is-layout-flex wp-container-core-columns-is-layout-9d6595d7 wp-block-columns-is-layout-flex\">\n<div class=\"wp-block-column is-layout-flow wp-block-column-is-layout-flow\"><div id=\"new-royalslider-8\" class=\"royalSlider new-royalslider-8 rsDefaultInv rs-image-gallery\" style=\"width:100%;height:500px;;\" data-rs-options='{&quot;template&quot;:&quot;default&quot;,&quot;image_generation&quot;:{&quot;lazyLoading&quot;:&quot;true&quot;,&quot;imageWidth&quot;:&quot;&quot;,&quot;imageHeight&quot;:&quot;&quot;,&quot;thumbImageWidth&quot;:96,&quot;thumbImageHeight&quot;:72},&quot;thumbs&quot;:{&quot;paddingBottom&quot;:4,&quot;thumbWidth&quot;:96,&quot;thumbHeight&quot;:72,&quot;appendSpan&quot;:&quot;true&quot;},&quot;autoPlay&quot;:{&quot;enabled&quot;:&quot;true&quot;},&quot;fullscreen&quot;:{&quot;enabled&quot;:&quot;true&quot;,&quot;nativeFS&quot;:&quot;true&quot;},&quot;video&quot;:[],&quot;block&quot;:{&quot;moveOffset&quot;:20,&quot;speed&quot;:400,&quot;delay&quot;:200},&quot;width&quot;:&quot;100%&quot;,&quot;height&quot;:500,&quot;autoScaleSlider&quot;:&quot;true&quot;,&quot;autoScaleSliderWidth&quot;:960,&quot;autoScaleSliderHeight&quot;:850,&quot;imageScaleMode&quot;:&quot;fit&quot;,&quot;controlNavigation&quot;:&quot;thumbnails&quot;,&quot;arrowsNavHideOnTouch&quot;:&quot;true&quot;,&quot;globalCaptionInside&quot;:&quot;true&quot;,&quot;keyboardNavEnabled&quot;:&quot;true&quot;,&quot;fadeinLoadedSlide&quot;:&quot;false&quot;}'>\n<div class=\"rsContent\">\n  <a class=\"rsImg\" href=\"https:\/\/www.ingeneo.tech\/wp-content\/uploads\/2019\/11\/RECUPERADRO-DE-CALOR-POR-CONVECCIO\u0301N-1024x647.jpg\" data-rsBigImg=\"https:\/\/www.ingeneo.tech\/wp-content\/uploads\/2019\/11\/RECUPERADRO-DE-CALOR-POR-CONVECCIO\u0301N.jpg\">_RECUPERADRO DE CALOR POR CONVECCIO\u0301N<\/a>\n  <div class=\"rsTmb\"><img decoding=\"async\" src=\"https:\/\/www.ingeneo.tech\/wp-content\/uploads\/2019\/11\/RECUPERADRO-DE-CALOR-POR-CONVECCIO\u0301N-96x72.jpg\" alt=\"\" \/><\/div>\n  \n  \n<\/div>\n<div class=\"rsContent\">\n  <a class=\"rsImg\" href=\"https:\/\/www.ingeneo.tech\/wp-content\/uploads\/2019\/10\/Ingeneo_recuperadores_por_conveccion.png\" data-rsBigImg=\"https:\/\/www.ingeneo.tech\/wp-content\/uploads\/2019\/10\/Ingeneo_recuperadores_por_conveccion.png\">Ingeneo_recuperadores_por_conveccion<\/a>\n  <div class=\"rsTmb\"><img decoding=\"async\" src=\"https:\/\/www.ingeneo.tech\/wp-content\/uploads\/2019\/10\/Ingeneo_recuperadores_por_conveccion-96x72.png\" alt=\"\" \/><\/div>\n  \n  \n<\/div>\n<div class=\"rsContent\">\n  <a class=\"rsImg\" href=\"https:\/\/www.ingeneo.tech\/wp-content\/uploads\/2019\/10\/Ingeneo_recuperadores_por_conveccion2.png\" data-rsBigImg=\"https:\/\/www.ingeneo.tech\/wp-content\/uploads\/2019\/10\/Ingeneo_recuperadores_por_conveccion2.png\">Ingeneo_recuperadores_por_conveccion2<\/a>\n  <div class=\"rsTmb\"><img decoding=\"async\" src=\"https:\/\/www.ingeneo.tech\/wp-content\/uploads\/2019\/10\/Ingeneo_recuperadores_por_conveccion2-96x72.png\" alt=\"\" \/><\/div>\n  \n  \n<\/div>\n\n<\/div>\n\n<\/div>\n\n\n\n<div class=\"wp-block-column is-layout-flow wp-block-column-is-layout-flow\">\n<p>Built using plain or corrugated tubes, these devices transfer heat from a primary to a secondary fluid, mainly due to the convection phenomenon. This equipment has a compact and simple design thus facilitating its assembly and maintenance.<\/p>\n<\/div>\n<\/div>\n\n\n\n<p>This equipment is used in sectors such <a href=\"https:\/\/www.ingeneo.tech\/en\/waste-treatment-recovery\/\">waste treatment and recovery<\/a> and <a href=\"https:\/\/www.ingeneo.tech\/en\/funeral-industry\/\">funerary<\/a>.<\/p>\n","protected":false},"excerpt":{"rendered":"<p>Built using plain or corrugated tubes, these devices transfer heat from a primary to a secondary fluid, mainly due to the convection phenomenon. This equipment has a compact and simple design thus facilitating its assembly and maintenance. This equipment is used in sectors such waste treatment and recovery and funerary.<\/p>\n","protected":false},"author":1,"featured_media":2220,"parent":0,"menu_order":0,"comment_status":"closed","ping_status":"closed","template":"","meta":{"footnotes":""},"class_list":["post-2216","page","type-page","status-publish","has-post-thumbnail","hentry"],"yoast_head":"<!-- This site is optimized with the Yoast SEO plugin v22.4 - https:\/\/yoast.com\/wordpress\/plugins\/seo\/ -->\n<title>Convection Heat Recuperators - Ingeneo - Ingenier\u00eda, Hornos industriales, Equipos de combusti\u00f3n, Recuperadores de calor en Valencia<\/title>\n<meta name=\"robots\" content=\"index, follow, max-snippet:-1, max-image-preview:large, max-video-preview:-1\" \/>\n<link rel=\"canonical\" href=\"https:\/\/www.ingeneo.tech\/en\/convection-heat-recuperators\/\" \/>\n<meta property=\"og:locale\" content=\"en_US\" \/>\n<meta property=\"og:type\" content=\"article\" \/>\n<meta property=\"og:title\" content=\"Convection Heat Recuperators - Ingeneo - Ingenier\u00eda, Hornos industriales, Equipos de combusti\u00f3n, Recuperadores de calor en Valencia\" \/>\n<meta property=\"og:description\" content=\"Built using plain or corrugated tubes, these devices transfer heat from a primary to a secondary fluid, mainly due to the convection phenomenon. This equipment has a compact and simple design thus facilitating its assembly and maintenance. This equipment is used in sectors such waste treatment and recovery and funerary.\" \/>\n<meta property=\"og:url\" content=\"https:\/\/www.ingeneo.tech\/en\/convection-heat-recuperators\/\" \/>\n<meta property=\"og:site_name\" content=\"Ingeneo - Ingenier\u00eda, Hornos industriales, Equipos de combusti\u00f3n, Recuperadores de calor en Valencia\" \/>\n<meta property=\"article:modified_time\" content=\"2020-01-21T07:54:14+00:00\" \/>\n<meta property=\"og:image\" content=\"https:\/\/www.ingeneo.tech\/wp-content\/uploads\/2019\/10\/Ingeneo_recuperadores_por_conveccion2.png\" \/>\n\t<meta property=\"og:image:width\" content=\"885\" \/>\n\t<meta property=\"og:image:height\" content=\"662\" \/>\n\t<meta property=\"og:image:type\" content=\"image\/png\" \/>\n<meta name=\"twitter:card\" content=\"summary_large_image\" \/>\n<script type=\"application\/ld+json\" class=\"yoast-schema-graph\">{\"@context\":\"https:\/\/schema.org\",\"@graph\":[{\"@type\":\"WebPage\",\"@id\":\"https:\/\/www.ingeneo.tech\/en\/convection-heat-recuperators\/\",\"url\":\"https:\/\/www.ingeneo.tech\/en\/convection-heat-recuperators\/\",\"name\":\"Convection Heat Recuperators - Ingeneo - Ingenier\u00eda, Hornos industriales, Equipos de combusti\u00f3n, Recuperadores de calor en Valencia\",\"isPartOf\":{\"@id\":\"https:\/\/www.ingeneo.tech\/en\/#website\"},\"primaryImageOfPage\":{\"@id\":\"https:\/\/www.ingeneo.tech\/en\/convection-heat-recuperators\/#primaryimage\"},\"image\":{\"@id\":\"https:\/\/www.ingeneo.tech\/en\/convection-heat-recuperators\/#primaryimage\"},\"thumbnailUrl\":\"https:\/\/www.ingeneo.tech\/wp-content\/uploads\/2019\/10\/Ingeneo_recuperadores_por_conveccion2.png\",\"datePublished\":\"2019-10-25T06:54:27+00:00\",\"dateModified\":\"2020-01-21T07:54:14+00:00\",\"breadcrumb\":{\"@id\":\"https:\/\/www.ingeneo.tech\/en\/convection-heat-recuperators\/#breadcrumb\"},\"inLanguage\":\"en-US\",\"potentialAction\":[{\"@type\":\"ReadAction\",\"target\":[\"https:\/\/www.ingeneo.tech\/en\/convection-heat-recuperators\/\"]}]},{\"@type\":\"ImageObject\",\"inLanguage\":\"en-US\",\"@id\":\"https:\/\/www.ingeneo.tech\/en\/convection-heat-recuperators\/#primaryimage\",\"url\":\"https:\/\/www.ingeneo.tech\/wp-content\/uploads\/2019\/10\/Ingeneo_recuperadores_por_conveccion2.png\",\"contentUrl\":\"https:\/\/www.ingeneo.tech\/wp-content\/uploads\/2019\/10\/Ingeneo_recuperadores_por_conveccion2.png\",\"width\":885,\"height\":662},{\"@type\":\"BreadcrumbList\",\"@id\":\"https:\/\/www.ingeneo.tech\/en\/convection-heat-recuperators\/#breadcrumb\",\"itemListElement\":[{\"@type\":\"ListItem\",\"position\":1,\"name\":\"Portada\",\"item\":\"https:\/\/www.ingeneo.tech\/en\/\"},{\"@type\":\"ListItem\",\"position\":2,\"name\":\"Convection Heat Recuperators\"}]},{\"@type\":\"WebSite\",\"@id\":\"https:\/\/www.ingeneo.tech\/en\/#website\",\"url\":\"https:\/\/www.ingeneo.tech\/en\/\",\"name\":\"Ingeneo - Ingenier\u00eda, Hornos industriales, Equipos de combusti\u00f3n, Recuperadores de calor en Valencia\",\"description\":\"Ingenier\u00eda, Hornos industriales, Equipos de combusti\u00f3n, Recuperadores de calor en Valencia\",\"potentialAction\":[{\"@type\":\"SearchAction\",\"target\":{\"@type\":\"EntryPoint\",\"urlTemplate\":\"https:\/\/www.ingeneo.tech\/en\/?s={search_term_string}\"},\"query-input\":\"required name=search_term_string\"}],\"inLanguage\":\"en-US\"}]}<\/script>\n<!-- \/ Yoast SEO plugin. -->","yoast_head_json":{"title":"Convection Heat Recuperators - Ingeneo - Ingenier\u00eda, Hornos industriales, Equipos de combusti\u00f3n, Recuperadores de calor en Valencia","robots":{"index":"index","follow":"follow","max-snippet":"max-snippet:-1","max-image-preview":"max-image-preview:large","max-video-preview":"max-video-preview:-1"},"canonical":"https:\/\/www.ingeneo.tech\/en\/convection-heat-recuperators\/","og_locale":"en_US","og_type":"article","og_title":"Convection Heat Recuperators - Ingeneo - Ingenier\u00eda, Hornos industriales, Equipos de combusti\u00f3n, Recuperadores de calor en Valencia","og_description":"Built using plain or corrugated tubes, these devices transfer heat from a primary to a secondary fluid, mainly due to the convection phenomenon. This equipment has a compact and simple design thus facilitating its assembly and maintenance. This equipment is used in sectors such waste treatment and recovery and funerary.","og_url":"https:\/\/www.ingeneo.tech\/en\/convection-heat-recuperators\/","og_site_name":"Ingeneo - Ingenier\u00eda, Hornos industriales, Equipos de combusti\u00f3n, Recuperadores de calor en Valencia","article_modified_time":"2020-01-21T07:54:14+00:00","og_image":[{"width":885,"height":662,"url":"https:\/\/www.ingeneo.tech\/wp-content\/uploads\/2019\/10\/Ingeneo_recuperadores_por_conveccion2.png","type":"image\/png"}],"twitter_card":"summary_large_image","schema":{"@context":"https:\/\/schema.org","@graph":[{"@type":"WebPage","@id":"https:\/\/www.ingeneo.tech\/en\/convection-heat-recuperators\/","url":"https:\/\/www.ingeneo.tech\/en\/convection-heat-recuperators\/","name":"Convection Heat Recuperators - Ingeneo - Ingenier\u00eda, Hornos industriales, Equipos de combusti\u00f3n, Recuperadores de calor en Valencia","isPartOf":{"@id":"https:\/\/www.ingeneo.tech\/en\/#website"},"primaryImageOfPage":{"@id":"https:\/\/www.ingeneo.tech\/en\/convection-heat-recuperators\/#primaryimage"},"image":{"@id":"https:\/\/www.ingeneo.tech\/en\/convection-heat-recuperators\/#primaryimage"},"thumbnailUrl":"https:\/\/www.ingeneo.tech\/wp-content\/uploads\/2019\/10\/Ingeneo_recuperadores_por_conveccion2.png","datePublished":"2019-10-25T06:54:27+00:00","dateModified":"2020-01-21T07:54:14+00:00","breadcrumb":{"@id":"https:\/\/www.ingeneo.tech\/en\/convection-heat-recuperators\/#breadcrumb"},"inLanguage":"en-US","potentialAction":[{"@type":"ReadAction","target":["https:\/\/www.ingeneo.tech\/en\/convection-heat-recuperators\/"]}]},{"@type":"ImageObject","inLanguage":"en-US","@id":"https:\/\/www.ingeneo.tech\/en\/convection-heat-recuperators\/#primaryimage","url":"https:\/\/www.ingeneo.tech\/wp-content\/uploads\/2019\/10\/Ingeneo_recuperadores_por_conveccion2.png","contentUrl":"https:\/\/www.ingeneo.tech\/wp-content\/uploads\/2019\/10\/Ingeneo_recuperadores_por_conveccion2.png","width":885,"height":662},{"@type":"BreadcrumbList","@id":"https:\/\/www.ingeneo.tech\/en\/convection-heat-recuperators\/#breadcrumb","itemListElement":[{"@type":"ListItem","position":1,"name":"Portada","item":"https:\/\/www.ingeneo.tech\/en\/"},{"@type":"ListItem","position":2,"name":"Convection Heat Recuperators"}]},{"@type":"WebSite","@id":"https:\/\/www.ingeneo.tech\/en\/#website","url":"https:\/\/www.ingeneo.tech\/en\/","name":"Ingeneo - Ingenier\u00eda, Hornos industriales, Equipos de combusti\u00f3n, Recuperadores de calor en Valencia","description":"Ingenier\u00eda, Hornos industriales, Equipos de combusti\u00f3n, Recuperadores de calor en Valencia","potentialAction":[{"@type":"SearchAction","target":{"@type":"EntryPoint","urlTemplate":"https:\/\/www.ingeneo.tech\/en\/?s={search_term_string}"},"query-input":"required name=search_term_string"}],"inLanguage":"en-US"}]}},"_links":{"self":[{"href":"https:\/\/www.ingeneo.tech\/en\/wp-json\/wp\/v2\/pages\/2216","targetHints":{"allow":["GET"]}}],"collection":[{"href":"https:\/\/www.ingeneo.tech\/en\/wp-json\/wp\/v2\/pages"}],"about":[{"href":"https:\/\/www.ingeneo.tech\/en\/wp-json\/wp\/v2\/types\/page"}],"author":[{"embeddable":true,"href":"https:\/\/www.ingeneo.tech\/en\/wp-json\/wp\/v2\/users\/1"}],"replies":[{"embeddable":true,"href":"https:\/\/www.ingeneo.tech\/en\/wp-json\/wp\/v2\/comments?post=2216"}],"version-history":[{"count":2,"href":"https:\/\/www.ingeneo.tech\/en\/wp-json\/wp\/v2\/pages\/2216\/revisions"}],"predecessor-version":[{"id":2415,"href":"https:\/\/www.ingeneo.tech\/en\/wp-json\/wp\/v2\/pages\/2216\/revisions\/2415"}],"wp:featuredmedia":[{"embeddable":true,"href":"https:\/\/www.ingeneo.tech\/en\/wp-json\/wp\/v2\/media\/2220"}],"wp:attachment":[{"href":"https:\/\/www.ingeneo.tech\/en\/wp-json\/wp\/v2\/media?parent=2216"}],"curies":[{"name":"wp","href":"https:\/\/api.w.org\/{rel}","templated":true}]}}