{"id":2211,"date":"2019-10-25T08:48:11","date_gmt":"2019-10-25T06:48:11","guid":{"rendered":"https:\/\/www.ingeneo.tech\/recuperadores-de-calor\/"},"modified":"2020-01-20T20:21:07","modified_gmt":"2020-01-20T19:21:07","slug":"heat-recovery-systems","status":"publish","type":"page","link":"https:\/\/www.ingeneo.tech\/en\/heat-recovery-systems\/","title":{"rendered":"Heat Recovery Systems"},"content":{"rendered":"\n<p>With heat recuperators,\nit is possible to avoid the loss of thermal energy of the gases coming from a\ncombustion, or of any productive process with residual heat. Our target will be\nto take advantage of all that energy in the same process, wether as combustion\nair, or by heating any other fluid for later applications.<\/p>\n\n\n\n<p>In this way a drastic reduction in fuel consumption is achieved, with its corresponding economic savings and, in addition, it contributes proportionally to the reduction of greenhouse gases.<\/p>\n\n\n\n<p>Within the heat recovery we distinguish two types of equipment according to the phenomenon of heat transmission<\/p>\n\n\n\n<div class=\"wp-block-columns is-layout-flex wp-container-core-columns-is-layout-9d6595d7 wp-block-columns-is-layout-flex\">\n<div class=\"wp-block-column is-vertically-aligned-center is-layout-flow wp-block-column-is-layout-flow\">\n<div class=\"wp-block-image\"><figure class=\"aligncenter size-large\"><a href=\"https:\/\/www.ingeneo.tech\/en\/convection-heat-recuperators\/\"><img loading=\"lazy\" decoding=\"async\" width=\"1024\" height=\"647\" src=\"https:\/\/www.ingeneo.tech\/wp-content\/uploads\/2019\/11\/RECUPERADRO-DE-CALOR-POR-CONVECCIO\u0301N-1024x647.jpg\" alt=\"\" class=\"wp-image-1702\" srcset=\"https:\/\/www.ingeneo.tech\/wp-content\/uploads\/2019\/11\/RECUPERADRO-DE-CALOR-POR-CONVECCIO\u0301N-1024x647.jpg 1024w, https:\/\/www.ingeneo.tech\/wp-content\/uploads\/2019\/11\/RECUPERADRO-DE-CALOR-POR-CONVECCIO\u0301N-300x190.jpg 300w, https:\/\/www.ingeneo.tech\/wp-content\/uploads\/2019\/11\/RECUPERADRO-DE-CALOR-POR-CONVECCIO\u0301N-768x485.jpg 768w, https:\/\/www.ingeneo.tech\/wp-content\/uploads\/2019\/11\/RECUPERADRO-DE-CALOR-POR-CONVECCIO\u0301N.jpg 1130w\" sizes=\"auto, (max-width: 1024px) 100vw, 1024px\" \/><\/a><figcaption><a href=\"https:\/\/www.ingeneo.tech\/en\/convection-heat-recuperators\/\">Convection Heat Recuperators<\/a><\/figcaption><\/figure><\/div>\n<\/div>\n\n\n\n<div class=\"wp-block-column is-vertically-aligned-center is-layout-flow wp-block-column-is-layout-flow\">\n<div class=\"wp-block-image\"><figure class=\"aligncenter size-large is-resized\"><a href=\"https:\/\/www.ingeneo.tech\/en\/radiative-heat-recuperators\/\"><img loading=\"lazy\" decoding=\"async\" src=\"https:\/\/www.ingeneo.tech\/wp-content\/uploads\/2019\/11\/RECUPERADOR-DE-CALOR-POR-RADIACIO\u0301N.jpg\" alt=\"\" class=\"wp-image-1664\" width=\"174\" height=\"246\" srcset=\"https:\/\/www.ingeneo.tech\/wp-content\/uploads\/2019\/11\/RECUPERADOR-DE-CALOR-POR-RADIACIO\u0301N.jpg 417w, https:\/\/www.ingeneo.tech\/wp-content\/uploads\/2019\/11\/RECUPERADOR-DE-CALOR-POR-RADIACIO\u0301N-212x300.jpg 212w\" sizes=\"auto, (max-width: 174px) 100vw, 174px\" \/><\/a><figcaption><a href=\"https:\/\/www.ingeneo.tech\/en\/radiative-heat-recuperators\/\">Radiative Heat Recuperators<\/a><\/figcaption><\/figure><\/div>\n<\/div>\n<\/div>\n\n\n\n<p><br><\/p>\n","protected":false},"excerpt":{"rendered":"<p>With heat recuperators, it is possible to avoid the loss of thermal energy of the gases coming from a combustion, or of any productive process with residual heat. Our target will be to take advantage of all that energy in the same process, wether as combustion air, or by heating any other fluid for later<\/p>\n","protected":false},"author":1,"featured_media":2214,"parent":0,"menu_order":0,"comment_status":"closed","ping_status":"closed","template":"","meta":{"footnotes":""},"class_list":["post-2211","page","type-page","status-publish","has-post-thumbnail","hentry"],"yoast_head":"<!-- This site is optimized with the Yoast SEO plugin v22.4 - https:\/\/yoast.com\/wordpress\/plugins\/seo\/ -->\n<title>Heat Recovery Systems - Ingeneo - Ingenier\u00eda, Hornos industriales, Equipos de combusti\u00f3n, Recuperadores de calor en Valencia<\/title>\n<meta name=\"robots\" content=\"index, follow, max-snippet:-1, max-image-preview:large, max-video-preview:-1\" \/>\n<link rel=\"canonical\" href=\"https:\/\/www.ingeneo.tech\/en\/heat-recovery-systems\/\" \/>\n<meta property=\"og:locale\" content=\"en_US\" \/>\n<meta property=\"og:type\" content=\"article\" \/>\n<meta property=\"og:title\" content=\"Heat Recovery Systems - Ingeneo - Ingenier\u00eda, Hornos industriales, Equipos de combusti\u00f3n, Recuperadores de calor en Valencia\" \/>\n<meta property=\"og:description\" content=\"With heat recuperators, it is possible to avoid the loss of thermal energy of the gases coming from a combustion, or of any productive process with residual heat. Our target will be to take advantage of all that energy in the same process, wether as combustion air, or by heating any other fluid for later\" \/>\n<meta property=\"og:url\" content=\"https:\/\/www.ingeneo.tech\/en\/heat-recovery-systems\/\" \/>\n<meta property=\"og:site_name\" content=\"Ingeneo - Ingenier\u00eda, Hornos industriales, Equipos de combusti\u00f3n, Recuperadores de calor en Valencia\" \/>\n<meta property=\"article:modified_time\" content=\"2020-01-20T19:21:07+00:00\" \/>\n<meta property=\"og:image\" content=\"https:\/\/www.ingeneo.tech\/wp-content\/uploads\/2019\/10\/Ingeneo_recuperadores_de_calor.png\" \/>\n\t<meta property=\"og:image:width\" content=\"885\" \/>\n\t<meta property=\"og:image:height\" content=\"497\" \/>\n\t<meta property=\"og:image:type\" content=\"image\/png\" \/>\n<meta name=\"twitter:card\" content=\"summary_large_image\" \/>\n<meta name=\"twitter:label1\" content=\"Est. reading time\" \/>\n\t<meta name=\"twitter:data1\" content=\"1 minute\" \/>\n<script type=\"application\/ld+json\" class=\"yoast-schema-graph\">{\"@context\":\"https:\/\/schema.org\",\"@graph\":[{\"@type\":\"WebPage\",\"@id\":\"https:\/\/www.ingeneo.tech\/en\/heat-recovery-systems\/\",\"url\":\"https:\/\/www.ingeneo.tech\/en\/heat-recovery-systems\/\",\"name\":\"Heat Recovery Systems - Ingeneo - Ingenier\u00eda, Hornos industriales, Equipos de combusti\u00f3n, Recuperadores de calor en Valencia\",\"isPartOf\":{\"@id\":\"https:\/\/www.ingeneo.tech\/en\/#website\"},\"primaryImageOfPage\":{\"@id\":\"https:\/\/www.ingeneo.tech\/en\/heat-recovery-systems\/#primaryimage\"},\"image\":{\"@id\":\"https:\/\/www.ingeneo.tech\/en\/heat-recovery-systems\/#primaryimage\"},\"thumbnailUrl\":\"https:\/\/www.ingeneo.tech\/wp-content\/uploads\/2019\/10\/Ingeneo_recuperadores_de_calor.png\",\"datePublished\":\"2019-10-25T06:48:11+00:00\",\"dateModified\":\"2020-01-20T19:21:07+00:00\",\"breadcrumb\":{\"@id\":\"https:\/\/www.ingeneo.tech\/en\/heat-recovery-systems\/#breadcrumb\"},\"inLanguage\":\"en-US\",\"potentialAction\":[{\"@type\":\"ReadAction\",\"target\":[\"https:\/\/www.ingeneo.tech\/en\/heat-recovery-systems\/\"]}]},{\"@type\":\"ImageObject\",\"inLanguage\":\"en-US\",\"@id\":\"https:\/\/www.ingeneo.tech\/en\/heat-recovery-systems\/#primaryimage\",\"url\":\"https:\/\/www.ingeneo.tech\/wp-content\/uploads\/2019\/10\/Ingeneo_recuperadores_de_calor.png\",\"contentUrl\":\"https:\/\/www.ingeneo.tech\/wp-content\/uploads\/2019\/10\/Ingeneo_recuperadores_de_calor.png\",\"width\":885,\"height\":497},{\"@type\":\"BreadcrumbList\",\"@id\":\"https:\/\/www.ingeneo.tech\/en\/heat-recovery-systems\/#breadcrumb\",\"itemListElement\":[{\"@type\":\"ListItem\",\"position\":1,\"name\":\"Portada\",\"item\":\"https:\/\/www.ingeneo.tech\/en\/\"},{\"@type\":\"ListItem\",\"position\":2,\"name\":\"Heat Recovery Systems\"}]},{\"@type\":\"WebSite\",\"@id\":\"https:\/\/www.ingeneo.tech\/en\/#website\",\"url\":\"https:\/\/www.ingeneo.tech\/en\/\",\"name\":\"Ingeneo - Ingenier\u00eda, Hornos industriales, Equipos de combusti\u00f3n, Recuperadores de calor en Valencia\",\"description\":\"Ingenier\u00eda, Hornos industriales, Equipos de combusti\u00f3n, Recuperadores de calor en Valencia\",\"potentialAction\":[{\"@type\":\"SearchAction\",\"target\":{\"@type\":\"EntryPoint\",\"urlTemplate\":\"https:\/\/www.ingeneo.tech\/en\/?s={search_term_string}\"},\"query-input\":\"required name=search_term_string\"}],\"inLanguage\":\"en-US\"}]}<\/script>\n<!-- \/ Yoast SEO plugin. -->","yoast_head_json":{"title":"Heat Recovery Systems - Ingeneo - Ingenier\u00eda, Hornos industriales, Equipos de combusti\u00f3n, Recuperadores de calor en Valencia","robots":{"index":"index","follow":"follow","max-snippet":"max-snippet:-1","max-image-preview":"max-image-preview:large","max-video-preview":"max-video-preview:-1"},"canonical":"https:\/\/www.ingeneo.tech\/en\/heat-recovery-systems\/","og_locale":"en_US","og_type":"article","og_title":"Heat Recovery Systems - Ingeneo - Ingenier\u00eda, Hornos industriales, Equipos de combusti\u00f3n, Recuperadores de calor en Valencia","og_description":"With heat recuperators, it is possible to avoid the loss of thermal energy of the gases coming from a combustion, or of any productive process with residual heat. Our target will be to take advantage of all that energy in the same process, wether as combustion air, or by heating any other fluid for later","og_url":"https:\/\/www.ingeneo.tech\/en\/heat-recovery-systems\/","og_site_name":"Ingeneo - Ingenier\u00eda, Hornos industriales, Equipos de combusti\u00f3n, Recuperadores de calor en Valencia","article_modified_time":"2020-01-20T19:21:07+00:00","og_image":[{"width":885,"height":497,"url":"https:\/\/www.ingeneo.tech\/wp-content\/uploads\/2019\/10\/Ingeneo_recuperadores_de_calor.png","type":"image\/png"}],"twitter_card":"summary_large_image","twitter_misc":{"Est. reading time":"1 minute"},"schema":{"@context":"https:\/\/schema.org","@graph":[{"@type":"WebPage","@id":"https:\/\/www.ingeneo.tech\/en\/heat-recovery-systems\/","url":"https:\/\/www.ingeneo.tech\/en\/heat-recovery-systems\/","name":"Heat Recovery Systems - Ingeneo - Ingenier\u00eda, Hornos industriales, Equipos de combusti\u00f3n, Recuperadores de calor en Valencia","isPartOf":{"@id":"https:\/\/www.ingeneo.tech\/en\/#website"},"primaryImageOfPage":{"@id":"https:\/\/www.ingeneo.tech\/en\/heat-recovery-systems\/#primaryimage"},"image":{"@id":"https:\/\/www.ingeneo.tech\/en\/heat-recovery-systems\/#primaryimage"},"thumbnailUrl":"https:\/\/www.ingeneo.tech\/wp-content\/uploads\/2019\/10\/Ingeneo_recuperadores_de_calor.png","datePublished":"2019-10-25T06:48:11+00:00","dateModified":"2020-01-20T19:21:07+00:00","breadcrumb":{"@id":"https:\/\/www.ingeneo.tech\/en\/heat-recovery-systems\/#breadcrumb"},"inLanguage":"en-US","potentialAction":[{"@type":"ReadAction","target":["https:\/\/www.ingeneo.tech\/en\/heat-recovery-systems\/"]}]},{"@type":"ImageObject","inLanguage":"en-US","@id":"https:\/\/www.ingeneo.tech\/en\/heat-recovery-systems\/#primaryimage","url":"https:\/\/www.ingeneo.tech\/wp-content\/uploads\/2019\/10\/Ingeneo_recuperadores_de_calor.png","contentUrl":"https:\/\/www.ingeneo.tech\/wp-content\/uploads\/2019\/10\/Ingeneo_recuperadores_de_calor.png","width":885,"height":497},{"@type":"BreadcrumbList","@id":"https:\/\/www.ingeneo.tech\/en\/heat-recovery-systems\/#breadcrumb","itemListElement":[{"@type":"ListItem","position":1,"name":"Portada","item":"https:\/\/www.ingeneo.tech\/en\/"},{"@type":"ListItem","position":2,"name":"Heat Recovery Systems"}]},{"@type":"WebSite","@id":"https:\/\/www.ingeneo.tech\/en\/#website","url":"https:\/\/www.ingeneo.tech\/en\/","name":"Ingeneo - Ingenier\u00eda, Hornos industriales, Equipos de combusti\u00f3n, Recuperadores de calor en Valencia","description":"Ingenier\u00eda, Hornos industriales, Equipos de combusti\u00f3n, Recuperadores de calor en Valencia","potentialAction":[{"@type":"SearchAction","target":{"@type":"EntryPoint","urlTemplate":"https:\/\/www.ingeneo.tech\/en\/?s={search_term_string}"},"query-input":"required name=search_term_string"}],"inLanguage":"en-US"}]}},"_links":{"self":[{"href":"https:\/\/www.ingeneo.tech\/en\/wp-json\/wp\/v2\/pages\/2211","targetHints":{"allow":["GET"]}}],"collection":[{"href":"https:\/\/www.ingeneo.tech\/en\/wp-json\/wp\/v2\/pages"}],"about":[{"href":"https:\/\/www.ingeneo.tech\/en\/wp-json\/wp\/v2\/types\/page"}],"author":[{"embeddable":true,"href":"https:\/\/www.ingeneo.tech\/en\/wp-json\/wp\/v2\/users\/1"}],"replies":[{"embeddable":true,"href":"https:\/\/www.ingeneo.tech\/en\/wp-json\/wp\/v2\/comments?post=2211"}],"version-history":[{"count":3,"href":"https:\/\/www.ingeneo.tech\/en\/wp-json\/wp\/v2\/pages\/2211\/revisions"}],"predecessor-version":[{"id":2296,"href":"https:\/\/www.ingeneo.tech\/en\/wp-json\/wp\/v2\/pages\/2211\/revisions\/2296"}],"wp:featuredmedia":[{"embeddable":true,"href":"https:\/\/www.ingeneo.tech\/en\/wp-json\/wp\/v2\/media\/2214"}],"wp:attachment":[{"href":"https:\/\/www.ingeneo.tech\/en\/wp-json\/wp\/v2\/media?parent=2211"}],"curies":[{"name":"wp","href":"https:\/\/api.w.org\/{rel}","templated":true}]}}