{"id":2195,"date":"2019-10-25T08:41:06","date_gmt":"2019-10-25T06:41:06","guid":{"rendered":"https:\/\/www.ingeneo.tech\/incineracion-cremacion\/"},"modified":"2020-01-21T10:40:12","modified_gmt":"2020-01-21T09:40:12","slug":"incineration-cremation","status":"publish","type":"page","link":"https:\/\/www.ingeneo.tech\/en\/incineration-cremation\/","title":{"rendered":"Incineration \/ Cremation"},"content":{"rendered":"\n<p>Ingeneo provides equipment for incineration and cremation with the highest standards of safety, efficiency and automation, complying with all the environmental requirements for this type of facility <\/p>\n\n\n\n<div class=\"wp-block-columns is-layout-flex wp-container-core-columns-is-layout-9d6595d7 wp-block-columns-is-layout-flex\">\n<div class=\"wp-block-column is-vertically-aligned-center is-layout-flow wp-block-column-is-layout-flow\">\n<div class=\"wp-block-image\"><figure class=\"aligncenter size-large\"><a href=\"https:\/\/www.ingeneo.tech\/en\/incineration-of-waste\/\"><img loading=\"lazy\" decoding=\"async\" width=\"979\" height=\"791\" src=\"https:\/\/www.ingeneo.tech\/wp-content\/uploads\/2019\/11\/HORNO-INCINERADOR.jpg\" alt=\"\" class=\"wp-image-1668\" srcset=\"https:\/\/www.ingeneo.tech\/wp-content\/uploads\/2019\/11\/HORNO-INCINERADOR.jpg 979w, https:\/\/www.ingeneo.tech\/wp-content\/uploads\/2019\/11\/HORNO-INCINERADOR-300x242.jpg 300w, https:\/\/www.ingeneo.tech\/wp-content\/uploads\/2019\/11\/HORNO-INCINERADOR-768x621.jpg 768w\" sizes=\"auto, (max-width: 979px) 100vw, 979px\" \/><\/a><figcaption><a href=\"https:\/\/www.ingeneo.tech\/en\/incineration-of-waste\/\">Waste Incineration<\/a><\/figcaption><\/figure><\/div>\n<\/div>\n\n\n\n<div class=\"wp-block-column is-vertically-aligned-center is-layout-flow wp-block-column-is-layout-flow\">\n<div class=\"wp-block-image\"><figure class=\"aligncenter size-large\"><a href=\"https:\/\/www.ingeneo.tech\/en\/cremation\/\"><img loading=\"lazy\" decoding=\"async\" width=\"1014\" height=\"862\" src=\"https:\/\/www.ingeneo.tech\/wp-content\/uploads\/2019\/12\/HornoCrematorio.jpeg\" alt=\"\" class=\"wp-image-1979\" srcset=\"https:\/\/www.ingeneo.tech\/wp-content\/uploads\/2019\/12\/HornoCrematorio.jpeg 1014w, https:\/\/www.ingeneo.tech\/wp-content\/uploads\/2019\/12\/HornoCrematorio-300x255.jpeg 300w, https:\/\/www.ingeneo.tech\/wp-content\/uploads\/2019\/12\/HornoCrematorio-768x653.jpeg 768w\" sizes=\"auto, (max-width: 1014px) 100vw, 1014px\" \/><\/a><figcaption><a href=\"https:\/\/www.ingeneo.tech\/en\/cremation\/\">Cremation<\/a><\/figcaption><\/figure><\/div>\n<\/div>\n<\/div>\n","protected":false},"excerpt":{"rendered":"<p>Ingeneo provides equipment for incineration and cremation with the highest standards of safety, efficiency and automation, complying with all the environmental requirements for this type of facility<\/p>\n","protected":false},"author":1,"featured_media":2198,"parent":0,"menu_order":0,"comment_status":"closed","ping_status":"closed","template":"","meta":{"footnotes":""},"class_list":["post-2195","page","type-page","status-publish","has-post-thumbnail","hentry"],"yoast_head":"<!-- This site is optimized with the Yoast SEO plugin v22.4 - https:\/\/yoast.com\/wordpress\/plugins\/seo\/ -->\n<title>Incineration \/ Cremation - Ingeneo - Ingenier\u00eda, Hornos industriales, Equipos de combusti\u00f3n, Recuperadores de calor en Valencia<\/title>\n<meta name=\"robots\" content=\"index, follow, max-snippet:-1, max-image-preview:large, max-video-preview:-1\" \/>\n<link rel=\"canonical\" href=\"https:\/\/www.ingeneo.tech\/en\/incineration-cremation\/\" \/>\n<meta property=\"og:locale\" content=\"en_US\" \/>\n<meta property=\"og:type\" content=\"article\" \/>\n<meta property=\"og:title\" content=\"Incineration \/ Cremation - Ingeneo - Ingenier\u00eda, Hornos industriales, Equipos de combusti\u00f3n, Recuperadores de calor en Valencia\" \/>\n<meta property=\"og:description\" content=\"Ingeneo provides equipment for incineration and cremation with the highest standards of safety, efficiency and automation, complying with all the environmental requirements for this type of facility\" \/>\n<meta property=\"og:url\" content=\"https:\/\/www.ingeneo.tech\/en\/incineration-cremation\/\" \/>\n<meta property=\"og:site_name\" content=\"Ingeneo - Ingenier\u00eda, Hornos industriales, Equipos de combusti\u00f3n, Recuperadores de calor en Valencia\" \/>\n<meta property=\"article:modified_time\" content=\"2020-01-21T09:40:12+00:00\" \/>\n<meta property=\"og:image\" content=\"https:\/\/www.ingeneo.tech\/wp-content\/uploads\/2019\/10\/Incineracion_de_residuos.png\" \/>\n\t<meta property=\"og:image:width\" content=\"885\" \/>\n\t<meta property=\"og:image:height\" content=\"589\" \/>\n\t<meta property=\"og:image:type\" content=\"image\/png\" \/>\n<meta name=\"twitter:card\" content=\"summary_large_image\" \/>\n<script type=\"application\/ld+json\" class=\"yoast-schema-graph\">{\"@context\":\"https:\/\/schema.org\",\"@graph\":[{\"@type\":\"WebPage\",\"@id\":\"https:\/\/www.ingeneo.tech\/en\/incineration-cremation\/\",\"url\":\"https:\/\/www.ingeneo.tech\/en\/incineration-cremation\/\",\"name\":\"Incineration \/ Cremation - Ingeneo - Ingenier\u00eda, Hornos industriales, Equipos de combusti\u00f3n, Recuperadores de calor en Valencia\",\"isPartOf\":{\"@id\":\"https:\/\/www.ingeneo.tech\/en\/#website\"},\"primaryImageOfPage\":{\"@id\":\"https:\/\/www.ingeneo.tech\/en\/incineration-cremation\/#primaryimage\"},\"image\":{\"@id\":\"https:\/\/www.ingeneo.tech\/en\/incineration-cremation\/#primaryimage\"},\"thumbnailUrl\":\"https:\/\/www.ingeneo.tech\/wp-content\/uploads\/2019\/10\/Incineracion_de_residuos.png\",\"datePublished\":\"2019-10-25T06:41:06+00:00\",\"dateModified\":\"2020-01-21T09:40:12+00:00\",\"breadcrumb\":{\"@id\":\"https:\/\/www.ingeneo.tech\/en\/incineration-cremation\/#breadcrumb\"},\"inLanguage\":\"en-US\",\"potentialAction\":[{\"@type\":\"ReadAction\",\"target\":[\"https:\/\/www.ingeneo.tech\/en\/incineration-cremation\/\"]}]},{\"@type\":\"ImageObject\",\"inLanguage\":\"en-US\",\"@id\":\"https:\/\/www.ingeneo.tech\/en\/incineration-cremation\/#primaryimage\",\"url\":\"https:\/\/www.ingeneo.tech\/wp-content\/uploads\/2019\/10\/Incineracion_de_residuos.png\",\"contentUrl\":\"https:\/\/www.ingeneo.tech\/wp-content\/uploads\/2019\/10\/Incineracion_de_residuos.png\",\"width\":885,\"height\":589},{\"@type\":\"BreadcrumbList\",\"@id\":\"https:\/\/www.ingeneo.tech\/en\/incineration-cremation\/#breadcrumb\",\"itemListElement\":[{\"@type\":\"ListItem\",\"position\":1,\"name\":\"Portada\",\"item\":\"https:\/\/www.ingeneo.tech\/en\/\"},{\"@type\":\"ListItem\",\"position\":2,\"name\":\"Incineration \/ Cremation\"}]},{\"@type\":\"WebSite\",\"@id\":\"https:\/\/www.ingeneo.tech\/en\/#website\",\"url\":\"https:\/\/www.ingeneo.tech\/en\/\",\"name\":\"Ingeneo - Ingenier\u00eda, Hornos industriales, Equipos de combusti\u00f3n, Recuperadores de calor en Valencia\",\"description\":\"Ingenier\u00eda, Hornos industriales, Equipos de combusti\u00f3n, Recuperadores de calor en Valencia\",\"potentialAction\":[{\"@type\":\"SearchAction\",\"target\":{\"@type\":\"EntryPoint\",\"urlTemplate\":\"https:\/\/www.ingeneo.tech\/en\/?s={search_term_string}\"},\"query-input\":\"required name=search_term_string\"}],\"inLanguage\":\"en-US\"}]}<\/script>\n<!-- \/ Yoast SEO plugin. -->","yoast_head_json":{"title":"Incineration \/ Cremation - Ingeneo - Ingenier\u00eda, Hornos industriales, Equipos de combusti\u00f3n, Recuperadores de calor en Valencia","robots":{"index":"index","follow":"follow","max-snippet":"max-snippet:-1","max-image-preview":"max-image-preview:large","max-video-preview":"max-video-preview:-1"},"canonical":"https:\/\/www.ingeneo.tech\/en\/incineration-cremation\/","og_locale":"en_US","og_type":"article","og_title":"Incineration \/ Cremation - Ingeneo - Ingenier\u00eda, Hornos industriales, Equipos de combusti\u00f3n, Recuperadores de calor en Valencia","og_description":"Ingeneo provides equipment for incineration and cremation with the highest standards of safety, efficiency and automation, complying with all the environmental requirements for this type of facility","og_url":"https:\/\/www.ingeneo.tech\/en\/incineration-cremation\/","og_site_name":"Ingeneo - Ingenier\u00eda, Hornos industriales, Equipos de combusti\u00f3n, Recuperadores de calor en Valencia","article_modified_time":"2020-01-21T09:40:12+00:00","og_image":[{"width":885,"height":589,"url":"https:\/\/www.ingeneo.tech\/wp-content\/uploads\/2019\/10\/Incineracion_de_residuos.png","type":"image\/png"}],"twitter_card":"summary_large_image","schema":{"@context":"https:\/\/schema.org","@graph":[{"@type":"WebPage","@id":"https:\/\/www.ingeneo.tech\/en\/incineration-cremation\/","url":"https:\/\/www.ingeneo.tech\/en\/incineration-cremation\/","name":"Incineration \/ Cremation - Ingeneo - Ingenier\u00eda, Hornos industriales, Equipos de combusti\u00f3n, Recuperadores de calor en Valencia","isPartOf":{"@id":"https:\/\/www.ingeneo.tech\/en\/#website"},"primaryImageOfPage":{"@id":"https:\/\/www.ingeneo.tech\/en\/incineration-cremation\/#primaryimage"},"image":{"@id":"https:\/\/www.ingeneo.tech\/en\/incineration-cremation\/#primaryimage"},"thumbnailUrl":"https:\/\/www.ingeneo.tech\/wp-content\/uploads\/2019\/10\/Incineracion_de_residuos.png","datePublished":"2019-10-25T06:41:06+00:00","dateModified":"2020-01-21T09:40:12+00:00","breadcrumb":{"@id":"https:\/\/www.ingeneo.tech\/en\/incineration-cremation\/#breadcrumb"},"inLanguage":"en-US","potentialAction":[{"@type":"ReadAction","target":["https:\/\/www.ingeneo.tech\/en\/incineration-cremation\/"]}]},{"@type":"ImageObject","inLanguage":"en-US","@id":"https:\/\/www.ingeneo.tech\/en\/incineration-cremation\/#primaryimage","url":"https:\/\/www.ingeneo.tech\/wp-content\/uploads\/2019\/10\/Incineracion_de_residuos.png","contentUrl":"https:\/\/www.ingeneo.tech\/wp-content\/uploads\/2019\/10\/Incineracion_de_residuos.png","width":885,"height":589},{"@type":"BreadcrumbList","@id":"https:\/\/www.ingeneo.tech\/en\/incineration-cremation\/#breadcrumb","itemListElement":[{"@type":"ListItem","position":1,"name":"Portada","item":"https:\/\/www.ingeneo.tech\/en\/"},{"@type":"ListItem","position":2,"name":"Incineration \/ Cremation"}]},{"@type":"WebSite","@id":"https:\/\/www.ingeneo.tech\/en\/#website","url":"https:\/\/www.ingeneo.tech\/en\/","name":"Ingeneo - Ingenier\u00eda, Hornos industriales, Equipos de combusti\u00f3n, Recuperadores de calor en Valencia","description":"Ingenier\u00eda, Hornos industriales, Equipos de combusti\u00f3n, Recuperadores de calor en Valencia","potentialAction":[{"@type":"SearchAction","target":{"@type":"EntryPoint","urlTemplate":"https:\/\/www.ingeneo.tech\/en\/?s={search_term_string}"},"query-input":"required name=search_term_string"}],"inLanguage":"en-US"}]}},"_links":{"self":[{"href":"https:\/\/www.ingeneo.tech\/en\/wp-json\/wp\/v2\/pages\/2195","targetHints":{"allow":["GET"]}}],"collection":[{"href":"https:\/\/www.ingeneo.tech\/en\/wp-json\/wp\/v2\/pages"}],"about":[{"href":"https:\/\/www.ingeneo.tech\/en\/wp-json\/wp\/v2\/types\/page"}],"author":[{"embeddable":true,"href":"https:\/\/www.ingeneo.tech\/en\/wp-json\/wp\/v2\/users\/1"}],"replies":[{"embeddable":true,"href":"https:\/\/www.ingeneo.tech\/en\/wp-json\/wp\/v2\/comments?post=2195"}],"version-history":[{"count":5,"href":"https:\/\/www.ingeneo.tech\/en\/wp-json\/wp\/v2\/pages\/2195\/revisions"}],"predecessor-version":[{"id":2430,"href":"https:\/\/www.ingeneo.tech\/en\/wp-json\/wp\/v2\/pages\/2195\/revisions\/2430"}],"wp:featuredmedia":[{"embeddable":true,"href":"https:\/\/www.ingeneo.tech\/en\/wp-json\/wp\/v2\/media\/2198"}],"wp:attachment":[{"href":"https:\/\/www.ingeneo.tech\/en\/wp-json\/wp\/v2\/media?parent=2195"}],"curies":[{"name":"wp","href":"https:\/\/api.w.org\/{rel}","templated":true}]}}