{"id":2184,"date":"2019-10-25T08:36:02","date_gmt":"2019-10-25T06:36:02","guid":{"rendered":"https:\/\/www.ingeneo.tech\/equipos-de-combustion\/"},"modified":"2020-01-21T10:39:36","modified_gmt":"2020-01-21T09:39:36","slug":"combustion-equipments","status":"publish","type":"page","link":"https:\/\/www.ingeneo.tech\/en\/combustion-equipments\/","title":{"rendered":"Combustion Equipments"},"content":{"rendered":"\n<div class=\"wp-block-columns is-layout-flex wp-container-core-columns-is-layout-9d6595d7 wp-block-columns-is-layout-flex\">\n<div class=\"wp-block-column is-layout-flow wp-block-column-is-layout-flow\"><div id=\"new-royalslider-5\" class=\"royalSlider new-royalslider-5 rsDefaultInv rs-image-gallery\" style=\"width:100%;height:500px;;\" data-rs-options='{&quot;template&quot;:&quot;default&quot;,&quot;image_generation&quot;:{&quot;lazyLoading&quot;:&quot;true&quot;,&quot;imageWidth&quot;:&quot;&quot;,&quot;imageHeight&quot;:&quot;&quot;,&quot;thumbImageWidth&quot;:96,&quot;thumbImageHeight&quot;:72},&quot;thumbs&quot;:{&quot;paddingBottom&quot;:4,&quot;thumbWidth&quot;:96,&quot;thumbHeight&quot;:72,&quot;appendSpan&quot;:&quot;true&quot;},&quot;autoPlay&quot;:{&quot;enabled&quot;:&quot;true&quot;},&quot;fullscreen&quot;:{&quot;enabled&quot;:&quot;true&quot;,&quot;nativeFS&quot;:&quot;true&quot;},&quot;video&quot;:[],&quot;block&quot;:{&quot;moveOffset&quot;:20,&quot;speed&quot;:400,&quot;delay&quot;:200},&quot;width&quot;:&quot;100%&quot;,&quot;height&quot;:500,&quot;autoScaleSlider&quot;:&quot;true&quot;,&quot;autoScaleSliderWidth&quot;:960,&quot;autoScaleSliderHeight&quot;:850,&quot;imageScaleMode&quot;:&quot;fit&quot;,&quot;controlNavigation&quot;:&quot;thumbnails&quot;,&quot;arrowsNavHideOnTouch&quot;:&quot;true&quot;,&quot;globalCaptionInside&quot;:&quot;true&quot;,&quot;keyboardNavEnabled&quot;:&quot;true&quot;,&quot;fadeinLoadedSlide&quot;:&quot;false&quot;}'>\n<div class=\"rsContent\">\n  <a class=\"rsImg\" href=\"https:\/\/www.ingeneo.tech\/wp-content\/uploads\/2019\/10\/Ingeneo_equipos_de_combustion.png\" data-rsBigImg=\"https:\/\/www.ingeneo.tech\/wp-content\/uploads\/2019\/10\/Ingeneo_equipos_de_combustion.png\">Ingeneo_equipos_de_combustion<\/a>\n  <div class=\"rsTmb\"><img decoding=\"async\" src=\"https:\/\/www.ingeneo.tech\/wp-content\/uploads\/2019\/10\/Ingeneo_equipos_de_combustion-96x72.png\" alt=\"\" \/><\/div>\n  \n  \n<\/div>\n<div class=\"rsContent\">\n  <a class=\"rsImg\" href=\"https:\/\/www.ingeneo.tech\/wp-content\/uploads\/2019\/10\/Ingeneo_equipos_de_combustion2.png\" data-rsBigImg=\"https:\/\/www.ingeneo.tech\/wp-content\/uploads\/2019\/10\/Ingeneo_equipos_de_combustion2.png\">Ingeneo_equipos_de_combustion2<\/a>\n  <div class=\"rsTmb\"><img decoding=\"async\" src=\"https:\/\/www.ingeneo.tech\/wp-content\/uploads\/2019\/10\/Ingeneo_equipos_de_combustion2-96x72.png\" alt=\"\" \/><\/div>\n  \n  \n<\/div>\n\n<\/div>\n\n<\/div>\n\n\n\n<div class=\"wp-block-column is-layout-flow wp-block-column-is-layout-flow\">\n<p>Supported by a long experience in the design and manufacture of combustion equipment, INGENEO is in full conditions of contribution to the industry an adjusted service. Our combustion equipment uses different types of fuels, whether they are of a gaseous, liquid or even solid nature and as a oxidizer, air or oxygen. In this way, we expand the possibilities and different types of furnaces, always using the most economically viable fuel. and suitable for each application. Our combustion equipment such as: incinerator furnaces, ceramic fris, glass, silicates, rotary, biomass furnaces, dryers, oxidation chambers, test furnaces, gasifiers, etc.<\/p>\n<\/div>\n<\/div>\n\n\n\n<p>This equipment is used in the following sectors: <a href=\"https:\/\/www.ingeneo.tech\/en\/frits-glazes-ceramic-pigments\/\">frits and glazes<\/a>, <a href=\"https:\/\/www.ingeneo.tech\/en\/sodium-silicate\/\">sodium silicate,<\/a> <a href=\"https:\/\/www.ingeneo.tech\/en\/glass\/\">glass<\/a>, <a href=\"https:\/\/www.ingeneo.tech\/en\/steam-generation\/\">steam generation<\/a>, <a href=\"https:\/\/www.ingeneo.tech\/en\/olive-pomace-drying\/\">olive pomace drying<\/a>, <a href=\"https:\/\/www.ingeneo.tech\/en\/grape-pomace-drying\/\">grape pomace drying<\/a>, <a href=\"https:\/\/www.ingeneo.tech\/en\/alfalfa-cereal-drying\/\">alfalfa and cereal drying<\/a> and <a href=\"https:\/\/www.ingeneo.tech\/en\/voc-treatment\/\">VOC treatment<\/a><\/p>\n","protected":false},"excerpt":{"rendered":"<p>Supported by a long experience in the design and manufacture of combustion equipment, INGENEO is in full conditions of contribution to the industry an adjusted service. Our combustion equipment uses different types of fuels, whether they are of a gaseous, liquid or even solid nature and as a oxidizer, air or oxygen. In this way,<\/p>\n","protected":false},"author":1,"featured_media":2187,"parent":0,"menu_order":0,"comment_status":"closed","ping_status":"closed","template":"","meta":{"footnotes":""},"class_list":["post-2184","page","type-page","status-publish","has-post-thumbnail","hentry"],"yoast_head":"<!-- This site is optimized with the Yoast SEO plugin v22.4 - https:\/\/yoast.com\/wordpress\/plugins\/seo\/ -->\n<title>Combustion Equipments - Ingeneo - Ingenier\u00eda, Hornos industriales, Equipos de combusti\u00f3n, Recuperadores de calor en Valencia<\/title>\n<meta name=\"robots\" content=\"index, follow, max-snippet:-1, max-image-preview:large, max-video-preview:-1\" \/>\n<link rel=\"canonical\" href=\"https:\/\/www.ingeneo.tech\/en\/combustion-equipments\/\" \/>\n<meta property=\"og:locale\" content=\"en_US\" \/>\n<meta property=\"og:type\" content=\"article\" \/>\n<meta property=\"og:title\" content=\"Combustion Equipments - Ingeneo - Ingenier\u00eda, Hornos industriales, Equipos de combusti\u00f3n, Recuperadores de calor en Valencia\" \/>\n<meta property=\"og:description\" content=\"Supported by a long experience in the design and manufacture of combustion equipment, INGENEO is in full conditions of contribution to the industry an adjusted service. Our combustion equipment uses different types of fuels, whether they are of a gaseous, liquid or even solid nature and as a oxidizer, air or oxygen. In this way,\" \/>\n<meta property=\"og:url\" content=\"https:\/\/www.ingeneo.tech\/en\/combustion-equipments\/\" \/>\n<meta property=\"og:site_name\" content=\"Ingeneo - Ingenier\u00eda, Hornos industriales, Equipos de combusti\u00f3n, Recuperadores de calor en Valencia\" \/>\n<meta property=\"article:modified_time\" content=\"2020-01-21T09:39:36+00:00\" \/>\n<meta property=\"og:image\" content=\"https:\/\/www.ingeneo.tech\/wp-content\/uploads\/2019\/10\/Ingeneo_equipos_de_combustion.png\" \/>\n\t<meta property=\"og:image:width\" content=\"885\" \/>\n\t<meta property=\"og:image:height\" content=\"587\" \/>\n\t<meta property=\"og:image:type\" content=\"image\/png\" \/>\n<meta name=\"twitter:card\" content=\"summary_large_image\" \/>\n<meta name=\"twitter:label1\" content=\"Est. reading time\" \/>\n\t<meta name=\"twitter:data1\" content=\"1 minute\" \/>\n<script type=\"application\/ld+json\" class=\"yoast-schema-graph\">{\"@context\":\"https:\/\/schema.org\",\"@graph\":[{\"@type\":\"WebPage\",\"@id\":\"https:\/\/www.ingeneo.tech\/en\/combustion-equipments\/\",\"url\":\"https:\/\/www.ingeneo.tech\/en\/combustion-equipments\/\",\"name\":\"Combustion Equipments - Ingeneo - Ingenier\u00eda, Hornos industriales, Equipos de combusti\u00f3n, Recuperadores de calor en Valencia\",\"isPartOf\":{\"@id\":\"https:\/\/www.ingeneo.tech\/en\/#website\"},\"primaryImageOfPage\":{\"@id\":\"https:\/\/www.ingeneo.tech\/en\/combustion-equipments\/#primaryimage\"},\"image\":{\"@id\":\"https:\/\/www.ingeneo.tech\/en\/combustion-equipments\/#primaryimage\"},\"thumbnailUrl\":\"https:\/\/www.ingeneo.tech\/wp-content\/uploads\/2019\/10\/Ingeneo_equipos_de_combustion.png\",\"datePublished\":\"2019-10-25T06:36:02+00:00\",\"dateModified\":\"2020-01-21T09:39:36+00:00\",\"breadcrumb\":{\"@id\":\"https:\/\/www.ingeneo.tech\/en\/combustion-equipments\/#breadcrumb\"},\"inLanguage\":\"en-US\",\"potentialAction\":[{\"@type\":\"ReadAction\",\"target\":[\"https:\/\/www.ingeneo.tech\/en\/combustion-equipments\/\"]}]},{\"@type\":\"ImageObject\",\"inLanguage\":\"en-US\",\"@id\":\"https:\/\/www.ingeneo.tech\/en\/combustion-equipments\/#primaryimage\",\"url\":\"https:\/\/www.ingeneo.tech\/wp-content\/uploads\/2019\/10\/Ingeneo_equipos_de_combustion.png\",\"contentUrl\":\"https:\/\/www.ingeneo.tech\/wp-content\/uploads\/2019\/10\/Ingeneo_equipos_de_combustion.png\",\"width\":885,\"height\":587},{\"@type\":\"BreadcrumbList\",\"@id\":\"https:\/\/www.ingeneo.tech\/en\/combustion-equipments\/#breadcrumb\",\"itemListElement\":[{\"@type\":\"ListItem\",\"position\":1,\"name\":\"Portada\",\"item\":\"https:\/\/www.ingeneo.tech\/en\/\"},{\"@type\":\"ListItem\",\"position\":2,\"name\":\"Combustion Equipments\"}]},{\"@type\":\"WebSite\",\"@id\":\"https:\/\/www.ingeneo.tech\/en\/#website\",\"url\":\"https:\/\/www.ingeneo.tech\/en\/\",\"name\":\"Ingeneo - Ingenier\u00eda, Hornos industriales, Equipos de combusti\u00f3n, Recuperadores de calor en Valencia\",\"description\":\"Ingenier\u00eda, Hornos industriales, Equipos de combusti\u00f3n, Recuperadores de calor en Valencia\",\"potentialAction\":[{\"@type\":\"SearchAction\",\"target\":{\"@type\":\"EntryPoint\",\"urlTemplate\":\"https:\/\/www.ingeneo.tech\/en\/?s={search_term_string}\"},\"query-input\":\"required name=search_term_string\"}],\"inLanguage\":\"en-US\"}]}<\/script>\n<!-- \/ Yoast SEO plugin. -->","yoast_head_json":{"title":"Combustion Equipments - Ingeneo - Ingenier\u00eda, Hornos industriales, Equipos de combusti\u00f3n, Recuperadores de calor en Valencia","robots":{"index":"index","follow":"follow","max-snippet":"max-snippet:-1","max-image-preview":"max-image-preview:large","max-video-preview":"max-video-preview:-1"},"canonical":"https:\/\/www.ingeneo.tech\/en\/combustion-equipments\/","og_locale":"en_US","og_type":"article","og_title":"Combustion Equipments - Ingeneo - Ingenier\u00eda, Hornos industriales, Equipos de combusti\u00f3n, Recuperadores de calor en Valencia","og_description":"Supported by a long experience in the design and manufacture of combustion equipment, INGENEO is in full conditions of contribution to the industry an adjusted service. Our combustion equipment uses different types of fuels, whether they are of a gaseous, liquid or even solid nature and as a oxidizer, air or oxygen. In this way,","og_url":"https:\/\/www.ingeneo.tech\/en\/combustion-equipments\/","og_site_name":"Ingeneo - Ingenier\u00eda, Hornos industriales, Equipos de combusti\u00f3n, Recuperadores de calor en Valencia","article_modified_time":"2020-01-21T09:39:36+00:00","og_image":[{"width":885,"height":587,"url":"https:\/\/www.ingeneo.tech\/wp-content\/uploads\/2019\/10\/Ingeneo_equipos_de_combustion.png","type":"image\/png"}],"twitter_card":"summary_large_image","twitter_misc":{"Est. reading time":"1 minute"},"schema":{"@context":"https:\/\/schema.org","@graph":[{"@type":"WebPage","@id":"https:\/\/www.ingeneo.tech\/en\/combustion-equipments\/","url":"https:\/\/www.ingeneo.tech\/en\/combustion-equipments\/","name":"Combustion Equipments - Ingeneo - Ingenier\u00eda, Hornos industriales, Equipos de combusti\u00f3n, Recuperadores de calor en Valencia","isPartOf":{"@id":"https:\/\/www.ingeneo.tech\/en\/#website"},"primaryImageOfPage":{"@id":"https:\/\/www.ingeneo.tech\/en\/combustion-equipments\/#primaryimage"},"image":{"@id":"https:\/\/www.ingeneo.tech\/en\/combustion-equipments\/#primaryimage"},"thumbnailUrl":"https:\/\/www.ingeneo.tech\/wp-content\/uploads\/2019\/10\/Ingeneo_equipos_de_combustion.png","datePublished":"2019-10-25T06:36:02+00:00","dateModified":"2020-01-21T09:39:36+00:00","breadcrumb":{"@id":"https:\/\/www.ingeneo.tech\/en\/combustion-equipments\/#breadcrumb"},"inLanguage":"en-US","potentialAction":[{"@type":"ReadAction","target":["https:\/\/www.ingeneo.tech\/en\/combustion-equipments\/"]}]},{"@type":"ImageObject","inLanguage":"en-US","@id":"https:\/\/www.ingeneo.tech\/en\/combustion-equipments\/#primaryimage","url":"https:\/\/www.ingeneo.tech\/wp-content\/uploads\/2019\/10\/Ingeneo_equipos_de_combustion.png","contentUrl":"https:\/\/www.ingeneo.tech\/wp-content\/uploads\/2019\/10\/Ingeneo_equipos_de_combustion.png","width":885,"height":587},{"@type":"BreadcrumbList","@id":"https:\/\/www.ingeneo.tech\/en\/combustion-equipments\/#breadcrumb","itemListElement":[{"@type":"ListItem","position":1,"name":"Portada","item":"https:\/\/www.ingeneo.tech\/en\/"},{"@type":"ListItem","position":2,"name":"Combustion Equipments"}]},{"@type":"WebSite","@id":"https:\/\/www.ingeneo.tech\/en\/#website","url":"https:\/\/www.ingeneo.tech\/en\/","name":"Ingeneo - Ingenier\u00eda, Hornos industriales, Equipos de combusti\u00f3n, Recuperadores de calor en Valencia","description":"Ingenier\u00eda, Hornos industriales, Equipos de combusti\u00f3n, Recuperadores de calor en Valencia","potentialAction":[{"@type":"SearchAction","target":{"@type":"EntryPoint","urlTemplate":"https:\/\/www.ingeneo.tech\/en\/?s={search_term_string}"},"query-input":"required name=search_term_string"}],"inLanguage":"en-US"}]}},"_links":{"self":[{"href":"https:\/\/www.ingeneo.tech\/en\/wp-json\/wp\/v2\/pages\/2184","targetHints":{"allow":["GET"]}}],"collection":[{"href":"https:\/\/www.ingeneo.tech\/en\/wp-json\/wp\/v2\/pages"}],"about":[{"href":"https:\/\/www.ingeneo.tech\/en\/wp-json\/wp\/v2\/types\/page"}],"author":[{"embeddable":true,"href":"https:\/\/www.ingeneo.tech\/en\/wp-json\/wp\/v2\/users\/1"}],"replies":[{"embeddable":true,"href":"https:\/\/www.ingeneo.tech\/en\/wp-json\/wp\/v2\/comments?post=2184"}],"version-history":[{"count":4,"href":"https:\/\/www.ingeneo.tech\/en\/wp-json\/wp\/v2\/pages\/2184\/revisions"}],"predecessor-version":[{"id":2428,"href":"https:\/\/www.ingeneo.tech\/en\/wp-json\/wp\/v2\/pages\/2184\/revisions\/2428"}],"wp:featuredmedia":[{"embeddable":true,"href":"https:\/\/www.ingeneo.tech\/en\/wp-json\/wp\/v2\/media\/2187"}],"wp:attachment":[{"href":"https:\/\/www.ingeneo.tech\/en\/wp-json\/wp\/v2\/media?parent=2184"}],"curies":[{"name":"wp","href":"https:\/\/api.w.org\/{rel}","templated":true}]}}