{"id":2140,"date":"2019-11-17T11:28:40","date_gmt":"2019-11-17T10:28:40","guid":{"rendered":"https:\/\/www.ingeneo.tech\/contacto\/"},"modified":"2020-01-20T21:07:49","modified_gmt":"2020-01-20T20:07:49","slug":"contact","status":"publish","type":"page","link":"https:\/\/www.ingeneo.tech\/en\/contact\/","title":{"rendered":"Contact"},"content":{"rendered":"<p>[vc_row disable_element=&#8221;yes&#8221;][vc_column][vc_column_text]<div id=\"wpgmza_map\" class=\"wpgmza_map\" data-settings='{\"id\":\"1\",\"map_title\":\"Mi primer mapa\",\"map_width\":\"100\",\"map_height\":\"400\",\"map_start_lat\":\"36.946742\",\"map_start_lng\":\"-10.330314\",\"map_start_location\":\"36.94674151687953,-10.33031449999997\",\"map_start_zoom\":\"2\",\"default_marker\":\"0\",\"type\":\"1\",\"alignment\":\"2\",\"directions_enabled\":\"1\",\"styling_enabled\":\"0\",\"styling_json\":\"\",\"active\":\"0\",\"kml\":\"\",\"bicycle\":\"0\",\"traffic\":\"0\",\"dbox\":\"1\",\"dbox_width\":\"100\",\"listmarkers\":\"0\",\"listmarkers_advanced\":\"0\",\"filterbycat\":\"0\",\"ugm_enabled\":\"0\",\"ugm_category_enabled\":\"0\",\"fusion\":\"\",\"map_width_type\":\"\\\\%\",\"map_height_type\":\"px\",\"mass_marker_support\":\"1\",\"ugm_access\":\"0\",\"order_markers_by\":\"1\",\"order_markers_choice\":\"2\",\"show_user_location\":\"0\",\"default_to\":\"\",\"other_settings\":{\"store_locator_enabled\":2,\"store_locator_distance\":2,\"store_locator_default_radius\":10,\"store_locator_not_found_message\":\"No results found in this location. Please try again.\",\"store_locator_bounce\":1,\"store_locator_query_string\":\"ZIP \\\/ C\\u00f3digo Postal \\\/ Direcci\\u00f3n\",\"store_locator_default_address\":\"\",\"wpgmza_store_locator_restrict\":\"\",\"wpgmza_store_locator_radius_style\":\"modern\",\"map_max_zoom\":\"1\",\"transport_layer\":0,\"wpgmza_theme_data\":\"\",\"wpgmza_show_points_of_interest\":1,\"wpgmza_auto_night\":0}}' data-map-id='1' Data-maps-engine='google-maps' data-shortcode-attributes='{\"id\":\"1\"}' style=\"display:block; overflow:auto; width:100%; height:400px; float:left;\"><\/div>[\/vc_column_text][\/vc_column][\/vc_row][vc_row][vc_column width=&#8221;2\/3&#8243;]\n<div class=\"wpcf7 no-js\" id=\"wpcf7-f2145-o1\" lang=\"es-ES\" dir=\"ltr\">\n<div class=\"screen-reader-response\"><p role=\"status\" aria-live=\"polite\" aria-atomic=\"true\"><\/p> <ul><\/ul><\/div>\n<form action=\"\/en\/wp-json\/wp\/v2\/pages\/2140#wpcf7-f2145-o1\" method=\"post\" class=\"wpcf7-form init\" aria-label=\"Formulario de contacto\" novalidate=\"novalidate\" data-status=\"init\">\n<div style=\"display: none;\">\n<input type=\"hidden\" name=\"_wpcf7\" value=\"2145\" \/>\n<input type=\"hidden\" name=\"_wpcf7_version\" value=\"5.9.3\" \/>\n<input type=\"hidden\" name=\"_wpcf7_locale\" value=\"es_ES\" \/>\n<input type=\"hidden\" name=\"_wpcf7_unit_tag\" value=\"wpcf7-f2145-o1\" \/>\n<input type=\"hidden\" name=\"_wpcf7_container_post\" value=\"0\" \/>\n<input type=\"hidden\" name=\"_wpcf7_posted_data_hash\" value=\"\" \/>\n<input type=\"hidden\" name=\"_wpcf7_recaptcha_response\" value=\"\" \/>\n<\/div>\n<p><label> Your name (required)<br \/>\n<span class=\"wpcf7-form-control-wrap\" data-name=\"your-name\"><input size=\"40\" class=\"wpcf7-form-control wpcf7-text wpcf7-validates-as-required\" aria-required=\"true\" aria-invalid=\"false\" value=\"\" type=\"text\" name=\"your-name\" \/><\/span> <\/label>\n<\/p>\n<p><label> email (required)<br \/>\n<span class=\"wpcf7-form-control-wrap\" data-name=\"your-email\"><input size=\"40\" class=\"wpcf7-form-control wpcf7-email wpcf7-validates-as-required wpcf7-text wpcf7-validates-as-email\" aria-required=\"true\" aria-invalid=\"false\" value=\"\" type=\"email\" name=\"your-email\" \/><\/span> <\/label>\n<\/p>\n<p><label> Subject<br \/>\n<span class=\"wpcf7-form-control-wrap\" data-name=\"your-subject\"><input size=\"40\" class=\"wpcf7-form-control wpcf7-text\" aria-invalid=\"false\" value=\"\" type=\"text\" name=\"your-subject\" \/><\/span> <\/label>\n<\/p>\n<p><label> Message<br \/>\n<span class=\"wpcf7-form-control-wrap\" data-name=\"your-message\"><textarea cols=\"40\" rows=\"10\" class=\"wpcf7-form-control wpcf7-textarea\" aria-invalid=\"false\" name=\"your-message\"><\/textarea><\/span> <\/label>\n<\/p>\n\n<p><input class=\"wpcf7-form-control wpcf7-submit has-spinner\" type=\"submit\" value=\"Send\" \/>\n<\/p><div class=\"wpcf7-response-output\" aria-hidden=\"true\"><\/div>\n<\/form>\n<\/div>\n[\/vc_column][vc_column width=&#8221;1\/3&#8243;][vc_column_text]<\/p>\n<address><i class=\"fa fa-address-card\"><\/i><strong>\u00a0Address<\/strong><br \/>\nSan Luis 15, 1B<br \/>\n12001 Castellon (Spain)<\/address>\n<address><i class=\"fa fa-phone-square\"><\/i><strong>\u00a0Phone<\/strong><br \/>\n<a href=\"tel:+34964107140\">+34 964 107 140<\/a><\/address>\n<address><i class=\"fa fa-envelope\"><\/i><strong>\u00a0Email Us<\/strong><br \/>\n<a href=\"mailto:info@ingeneo.tech?subject=Email%20from%20web%20Ingeneo\">info@ingeneo.tech<\/a><\/address>\n<p>[\/vc_column_text][\/vc_column][\/vc_row]<\/p>\n","protected":false},"excerpt":{"rendered":"<p>[vc_row disable_element=&#8221;yes&#8221;][vc_column][vc_column_text][\/vc_column_text][\/vc_column][\/vc_row][vc_row][vc_column width=&#8221;2\/3&#8243;][\/vc_column][vc_column width=&#8221;1\/3&#8243;][vc_column_text] \u00a0Address San Luis 15, 1B 12001 Castellon (Spain) \u00a0Phone +34 964 107 140 \u00a0Email Us info@ingeneo.tech [\/vc_column_text][\/vc_column][\/vc_row]<\/p>\n","protected":false},"author":1,"featured_media":0,"parent":0,"menu_order":0,"comment_status":"closed","ping_status":"closed","template":"","meta":{"footnotes":""},"class_list":["post-2140","page","type-page","status-publish","hentry"],"yoast_head":"<!-- This site is optimized with the Yoast SEO plugin v22.4 - https:\/\/yoast.com\/wordpress\/plugins\/seo\/ -->\n<title>Contact - Ingeneo - Ingenier\u00eda, Hornos industriales, Equipos de combusti\u00f3n, Recuperadores de calor en Valencia<\/title>\n<meta name=\"robots\" content=\"index, follow, max-snippet:-1, max-image-preview:large, max-video-preview:-1\" \/>\n<link rel=\"canonical\" href=\"https:\/\/www.ingeneo.tech\/en\/contact\/\" \/>\n<meta property=\"og:locale\" content=\"en_US\" \/>\n<meta property=\"og:type\" content=\"article\" \/>\n<meta property=\"og:title\" content=\"Contact - Ingeneo - Ingenier\u00eda, Hornos industriales, Equipos de combusti\u00f3n, Recuperadores de calor en Valencia\" \/>\n<meta property=\"og:description\" content=\"[vc_row disable_element=&#8221;yes&#8221;][vc_column][vc_column_text][\/vc_column_text][\/vc_column][\/vc_row][vc_row][vc_column width=&#8221;2\/3&#8243;][\/vc_column][vc_column width=&#8221;1\/3&#8243;][vc_column_text] \u00a0Address San Luis 15, 1B 12001 Castellon (Spain) \u00a0Phone +34 964 107 140 \u00a0Email Us info@ingeneo.tech [\/vc_column_text][\/vc_column][\/vc_row]\" \/>\n<meta property=\"og:url\" content=\"https:\/\/www.ingeneo.tech\/en\/contact\/\" \/>\n<meta property=\"og:site_name\" content=\"Ingeneo - Ingenier\u00eda, Hornos industriales, Equipos de combusti\u00f3n, Recuperadores de calor en Valencia\" \/>\n<meta property=\"article:modified_time\" content=\"2020-01-20T20:07:49+00:00\" \/>\n<meta name=\"twitter:card\" content=\"summary_large_image\" \/>\n<script type=\"application\/ld+json\" class=\"yoast-schema-graph\">{\"@context\":\"https:\/\/schema.org\",\"@graph\":[{\"@type\":\"WebPage\",\"@id\":\"https:\/\/www.ingeneo.tech\/en\/contact\/\",\"url\":\"https:\/\/www.ingeneo.tech\/en\/contact\/\",\"name\":\"Contact - Ingeneo - Ingenier\u00eda, Hornos industriales, Equipos de combusti\u00f3n, Recuperadores de calor en Valencia\",\"isPartOf\":{\"@id\":\"https:\/\/www.ingeneo.tech\/en\/#website\"},\"datePublished\":\"2019-11-17T10:28:40+00:00\",\"dateModified\":\"2020-01-20T20:07:49+00:00\",\"breadcrumb\":{\"@id\":\"https:\/\/www.ingeneo.tech\/en\/contact\/#breadcrumb\"},\"inLanguage\":\"en-US\",\"potentialAction\":[{\"@type\":\"ReadAction\",\"target\":[\"https:\/\/www.ingeneo.tech\/en\/contact\/\"]}]},{\"@type\":\"BreadcrumbList\",\"@id\":\"https:\/\/www.ingeneo.tech\/en\/contact\/#breadcrumb\",\"itemListElement\":[{\"@type\":\"ListItem\",\"position\":1,\"name\":\"Portada\",\"item\":\"https:\/\/www.ingeneo.tech\/en\/\"},{\"@type\":\"ListItem\",\"position\":2,\"name\":\"Contact\"}]},{\"@type\":\"WebSite\",\"@id\":\"https:\/\/www.ingeneo.tech\/en\/#website\",\"url\":\"https:\/\/www.ingeneo.tech\/en\/\",\"name\":\"Ingeneo - Ingenier\u00eda, Hornos industriales, Equipos de combusti\u00f3n, Recuperadores de calor en Valencia\",\"description\":\"Ingenier\u00eda, Hornos industriales, Equipos de combusti\u00f3n, Recuperadores de calor en Valencia\",\"potentialAction\":[{\"@type\":\"SearchAction\",\"target\":{\"@type\":\"EntryPoint\",\"urlTemplate\":\"https:\/\/www.ingeneo.tech\/en\/?s={search_term_string}\"},\"query-input\":\"required name=search_term_string\"}],\"inLanguage\":\"en-US\"}]}<\/script>\n<!-- \/ Yoast SEO plugin. -->","yoast_head_json":{"title":"Contact - Ingeneo - Ingenier\u00eda, Hornos industriales, Equipos de combusti\u00f3n, Recuperadores de calor en Valencia","robots":{"index":"index","follow":"follow","max-snippet":"max-snippet:-1","max-image-preview":"max-image-preview:large","max-video-preview":"max-video-preview:-1"},"canonical":"https:\/\/www.ingeneo.tech\/en\/contact\/","og_locale":"en_US","og_type":"article","og_title":"Contact - Ingeneo - Ingenier\u00eda, Hornos industriales, Equipos de combusti\u00f3n, Recuperadores de calor en Valencia","og_description":"[vc_row disable_element=&#8221;yes&#8221;][vc_column][vc_column_text][\/vc_column_text][\/vc_column][\/vc_row][vc_row][vc_column width=&#8221;2\/3&#8243;][\/vc_column][vc_column width=&#8221;1\/3&#8243;][vc_column_text] \u00a0Address San Luis 15, 1B 12001 Castellon (Spain) \u00a0Phone +34 964 107 140 \u00a0Email Us info@ingeneo.tech [\/vc_column_text][\/vc_column][\/vc_row]","og_url":"https:\/\/www.ingeneo.tech\/en\/contact\/","og_site_name":"Ingeneo - Ingenier\u00eda, Hornos industriales, Equipos de combusti\u00f3n, Recuperadores de calor en Valencia","article_modified_time":"2020-01-20T20:07:49+00:00","twitter_card":"summary_large_image","schema":{"@context":"https:\/\/schema.org","@graph":[{"@type":"WebPage","@id":"https:\/\/www.ingeneo.tech\/en\/contact\/","url":"https:\/\/www.ingeneo.tech\/en\/contact\/","name":"Contact - Ingeneo - Ingenier\u00eda, Hornos industriales, Equipos de combusti\u00f3n, Recuperadores de calor en Valencia","isPartOf":{"@id":"https:\/\/www.ingeneo.tech\/en\/#website"},"datePublished":"2019-11-17T10:28:40+00:00","dateModified":"2020-01-20T20:07:49+00:00","breadcrumb":{"@id":"https:\/\/www.ingeneo.tech\/en\/contact\/#breadcrumb"},"inLanguage":"en-US","potentialAction":[{"@type":"ReadAction","target":["https:\/\/www.ingeneo.tech\/en\/contact\/"]}]},{"@type":"BreadcrumbList","@id":"https:\/\/www.ingeneo.tech\/en\/contact\/#breadcrumb","itemListElement":[{"@type":"ListItem","position":1,"name":"Portada","item":"https:\/\/www.ingeneo.tech\/en\/"},{"@type":"ListItem","position":2,"name":"Contact"}]},{"@type":"WebSite","@id":"https:\/\/www.ingeneo.tech\/en\/#website","url":"https:\/\/www.ingeneo.tech\/en\/","name":"Ingeneo - Ingenier\u00eda, Hornos industriales, Equipos de combusti\u00f3n, Recuperadores de calor en Valencia","description":"Ingenier\u00eda, Hornos industriales, Equipos de combusti\u00f3n, Recuperadores de calor en Valencia","potentialAction":[{"@type":"SearchAction","target":{"@type":"EntryPoint","urlTemplate":"https:\/\/www.ingeneo.tech\/en\/?s={search_term_string}"},"query-input":"required name=search_term_string"}],"inLanguage":"en-US"}]}},"_links":{"self":[{"href":"https:\/\/www.ingeneo.tech\/en\/wp-json\/wp\/v2\/pages\/2140","targetHints":{"allow":["GET"]}}],"collection":[{"href":"https:\/\/www.ingeneo.tech\/en\/wp-json\/wp\/v2\/pages"}],"about":[{"href":"https:\/\/www.ingeneo.tech\/en\/wp-json\/wp\/v2\/types\/page"}],"author":[{"embeddable":true,"href":"https:\/\/www.ingeneo.tech\/en\/wp-json\/wp\/v2\/users\/1"}],"replies":[{"embeddable":true,"href":"https:\/\/www.ingeneo.tech\/en\/wp-json\/wp\/v2\/comments?post=2140"}],"version-history":[{"count":4,"href":"https:\/\/www.ingeneo.tech\/en\/wp-json\/wp\/v2\/pages\/2140\/revisions"}],"predecessor-version":[{"id":2320,"href":"https:\/\/www.ingeneo.tech\/en\/wp-json\/wp\/v2\/pages\/2140\/revisions\/2320"}],"wp:attachment":[{"href":"https:\/\/www.ingeneo.tech\/en\/wp-json\/wp\/v2\/media?parent=2140"}],"curies":[{"name":"wp","href":"https:\/\/api.w.org\/{rel}","templated":true}]}}