{"id":2131,"date":"2019-11-10T20:36:53","date_gmt":"2019-11-10T19:36:53","guid":{"rendered":"https:\/\/www.ingeneo.tech\/sectores\/"},"modified":"2020-01-20T22:13:39","modified_gmt":"2020-01-20T21:13:39","slug":"industry-sectors","status":"publish","type":"page","link":"https:\/\/www.ingeneo.tech\/en\/industry-sectors\/","title":{"rendered":"Industry Sectors"},"content":{"rendered":"\n<div class=\"wp-block-columns is-layout-flex wp-container-core-columns-is-layout-9d6595d7 wp-block-columns-is-layout-flex\">\n<div class=\"wp-block-column is-vertically-aligned-top is-layout-flow wp-block-column-is-layout-flow\">\n<div class=\"wp-block-image\"><figure class=\"aligncenter size-large\"><a href=\"https:\/\/www.ingeneo.tech\/en\/frits-glazes-ceramic-pigments\/\"><img loading=\"lazy\" decoding=\"async\" width=\"200\" height=\"200\" src=\"https:\/\/www.ingeneo.tech\/wp-content\/uploads\/2019\/12\/FritasIco.jpg\" alt=\"\" class=\"wp-image-1939\" srcset=\"https:\/\/www.ingeneo.tech\/wp-content\/uploads\/2019\/12\/FritasIco.jpg 200w, https:\/\/www.ingeneo.tech\/wp-content\/uploads\/2019\/12\/FritasIco-150x150.jpg 150w\" sizes=\"auto, (max-width: 200px) 100vw, 200px\" \/><\/a><figcaption><a href=\"https:\/\/www.ingeneo.tech\/en\/frits-glazes-ceramic-pigments\/\">Frits, Glazes and Ceramic Pigments<\/a><\/figcaption><\/figure><\/div>\n<\/div>\n\n\n\n<div class=\"wp-block-column is-vertically-aligned-top is-layout-flow wp-block-column-is-layout-flow\">\n<div class=\"wp-block-image\"><figure class=\"aligncenter size-large\"><a href=\"https:\/\/www.ingeneo.tech\/en\/sodium-silicate\/\"><img loading=\"lazy\" decoding=\"async\" width=\"200\" height=\"200\" src=\"https:\/\/www.ingeneo.tech\/wp-content\/uploads\/2019\/12\/SilicatoSodicoIco.png\" alt=\"\" class=\"wp-image-1936\" srcset=\"https:\/\/www.ingeneo.tech\/wp-content\/uploads\/2019\/12\/SilicatoSodicoIco.png 200w, https:\/\/www.ingeneo.tech\/wp-content\/uploads\/2019\/12\/SilicatoSodicoIco-150x150.png 150w\" sizes=\"auto, (max-width: 200px) 100vw, 200px\" \/><\/a><figcaption><a href=\"https:\/\/www.ingeneo.tech\/en\/sodium-silicate\/\">Sodium Silicate<\/a><\/figcaption><\/figure><\/div>\n<\/div>\n\n\n\n<div class=\"wp-block-column is-vertically-aligned-top is-layout-flow wp-block-column-is-layout-flow\">\n<div class=\"wp-block-image\"><figure class=\"aligncenter size-large\"><a href=\"https:\/\/www.ingeneo.tech\/en\/glass\/\"><img loading=\"lazy\" decoding=\"async\" width=\"200\" height=\"200\" src=\"https:\/\/www.ingeneo.tech\/wp-content\/uploads\/2019\/12\/HornosdevidrioIco.png\" alt=\"\" class=\"wp-image-1937\" srcset=\"https:\/\/www.ingeneo.tech\/wp-content\/uploads\/2019\/12\/HornosdevidrioIco.png 200w, https:\/\/www.ingeneo.tech\/wp-content\/uploads\/2019\/12\/HornosdevidrioIco-150x150.png 150w\" sizes=\"auto, (max-width: 200px) 100vw, 200px\" \/><\/a><figcaption><a href=\"https:\/\/www.ingeneo.tech\/en\/glass\/\">Glass<\/a><\/figcaption><\/figure><\/div>\n<\/div>\n<\/div>\n\n\n\n<div class=\"wp-block-columns is-layout-flex wp-container-core-columns-is-layout-9d6595d7 wp-block-columns-is-layout-flex\">\n<div class=\"wp-block-column is-vertically-aligned-top is-layout-flow wp-block-column-is-layout-flow\">\n<div class=\"wp-block-image\"><figure class=\"aligncenter size-large\"><a href=\"https:\/\/www.ingeneo.tech\/en\/steam-generation\/\"><img loading=\"lazy\" decoding=\"async\" width=\"200\" height=\"200\" src=\"https:\/\/www.ingeneo.tech\/wp-content\/uploads\/2019\/12\/GeneracionVaporIco.png\" alt=\"\" class=\"wp-image-1935\" srcset=\"https:\/\/www.ingeneo.tech\/wp-content\/uploads\/2019\/12\/GeneracionVaporIco.png 200w, https:\/\/www.ingeneo.tech\/wp-content\/uploads\/2019\/12\/GeneracionVaporIco-150x150.png 150w\" sizes=\"auto, (max-width: 200px) 100vw, 200px\" \/><\/a><figcaption><a href=\"https:\/\/www.ingeneo.tech\/en\/steam-generation\/\">Steam Generation<br><\/a><\/figcaption><\/figure><\/div>\n<\/div>\n\n\n\n<div class=\"wp-block-column is-vertically-aligned-top is-layout-flow wp-block-column-is-layout-flow\">\n<div class=\"wp-block-image\"><figure class=\"aligncenter size-large\"><a href=\"https:\/\/www.ingeneo.tech\/en\/hot-gas-generation\/\"><img loading=\"lazy\" decoding=\"async\" width=\"200\" height=\"200\" src=\"https:\/\/www.ingeneo.tech\/wp-content\/uploads\/2019\/12\/GeneracionGasesIco.jpeg\" alt=\"\" class=\"wp-image-1938\" srcset=\"https:\/\/www.ingeneo.tech\/wp-content\/uploads\/2019\/12\/GeneracionGasesIco.jpeg 200w, https:\/\/www.ingeneo.tech\/wp-content\/uploads\/2019\/12\/GeneracionGasesIco-150x150.jpeg 150w\" sizes=\"auto, (max-width: 200px) 100vw, 200px\" \/><\/a><figcaption><a href=\"https:\/\/www.ingeneo.tech\/en\/hot-gas-generation\/\">Hot Gas Generation<\/a><\/figcaption><\/figure><\/div>\n<\/div>\n\n\n\n<div class=\"wp-block-column is-layout-flow wp-block-column-is-layout-flow\">\n<div class=\"wp-block-image\"><figure class=\"aligncenter size-large\"><a href=\"https:\/\/www.ingeneo.tech\/en\/environmental\/\"><img loading=\"lazy\" decoding=\"async\" width=\"200\" height=\"200\" src=\"https:\/\/www.ingeneo.tech\/wp-content\/uploads\/2019\/12\/MedioambientalIco.png\" alt=\"\" class=\"wp-image-1933\" srcset=\"https:\/\/www.ingeneo.tech\/wp-content\/uploads\/2019\/12\/MedioambientalIco.png 200w, https:\/\/www.ingeneo.tech\/wp-content\/uploads\/2019\/12\/MedioambientalIco-150x150.png 150w\" sizes=\"auto, (max-width: 200px) 100vw, 200px\" \/><\/a><figcaption><a href=\"https:\/\/www.ingeneo.tech\/en\/environmental\/\">Environmental<\/a><\/figcaption><\/figure><\/div>\n<\/div>\n<\/div>\n\n\n\n<div class=\"wp-block-columns is-layout-flex wp-container-core-columns-is-layout-9d6595d7 wp-block-columns-is-layout-flex\">\n<div class=\"wp-block-column is-layout-flow wp-block-column-is-layout-flow\">\n<div class=\"wp-block-image\"><figure class=\"aligncenter size-large\"><a href=\"https:\/\/www.ingeneo.tech\/en\/funeral-industry\/\"><img loading=\"lazy\" decoding=\"async\" width=\"200\" height=\"200\" src=\"https:\/\/www.ingeneo.tech\/wp-content\/uploads\/2019\/12\/FunerarioIco.png\" alt=\"\" class=\"wp-image-1940\" srcset=\"https:\/\/www.ingeneo.tech\/wp-content\/uploads\/2019\/12\/FunerarioIco.png 200w, https:\/\/www.ingeneo.tech\/wp-content\/uploads\/2019\/12\/FunerarioIco-150x150.png 150w\" sizes=\"auto, (max-width: 200px) 100vw, 200px\" \/><\/a><figcaption><a href=\"https:\/\/www.ingeneo.tech\/en\/funeral-industry\/\">Funeral Industry<\/a><\/figcaption><\/figure><\/div>\n<\/div>\n\n\n\n<div class=\"wp-block-column is-layout-flow wp-block-column-is-layout-flow\"><\/div>\n\n\n\n<div class=\"wp-block-column is-layout-flow wp-block-column-is-layout-flow\"><\/div>\n<\/div>\n","protected":false},"excerpt":{"rendered":"Frits, Glazes and Ceramic Pigments Sodium Silicate Glass Steam Generation Hot Gas Generation Environmental Funeral Industry","protected":false},"author":1,"featured_media":0,"parent":0,"menu_order":0,"comment_status":"closed","ping_status":"closed","template":"","meta":{"footnotes":""},"class_list":["post-2131","page","type-page","status-publish","hentry"],"yoast_head":"<!-- This site is optimized with the Yoast SEO plugin v22.4 - https:\/\/yoast.com\/wordpress\/plugins\/seo\/ -->\n<title>Industry Sectors - Ingeneo - Ingenier\u00eda, Hornos industriales, Equipos de combusti\u00f3n, Recuperadores de calor en Valencia<\/title>\n<meta name=\"robots\" content=\"index, follow, max-snippet:-1, max-image-preview:large, max-video-preview:-1\" \/>\n<link rel=\"canonical\" href=\"https:\/\/www.ingeneo.tech\/en\/industry-sectors\/\" \/>\n<meta property=\"og:locale\" content=\"en_US\" \/>\n<meta property=\"og:type\" content=\"article\" \/>\n<meta property=\"og:title\" content=\"Industry Sectors - Ingeneo - Ingenier\u00eda, Hornos industriales, Equipos de combusti\u00f3n, Recuperadores de calor en Valencia\" \/>\n<meta property=\"og:url\" content=\"https:\/\/www.ingeneo.tech\/en\/industry-sectors\/\" \/>\n<meta property=\"og:site_name\" content=\"Ingeneo - Ingenier\u00eda, Hornos industriales, Equipos de combusti\u00f3n, Recuperadores de calor en Valencia\" \/>\n<meta property=\"article:modified_time\" content=\"2020-01-20T21:13:39+00:00\" \/>\n<meta property=\"og:image\" content=\"https:\/\/www.ingeneo.tech\/wp-content\/uploads\/2019\/12\/FritasIco.jpg\" \/>\n<meta name=\"twitter:card\" content=\"summary_large_image\" \/>\n<script type=\"application\/ld+json\" class=\"yoast-schema-graph\">{\"@context\":\"https:\/\/schema.org\",\"@graph\":[{\"@type\":\"WebPage\",\"@id\":\"https:\/\/www.ingeneo.tech\/en\/industry-sectors\/\",\"url\":\"https:\/\/www.ingeneo.tech\/en\/industry-sectors\/\",\"name\":\"Industry Sectors - Ingeneo - Ingenier\u00eda, Hornos industriales, Equipos de combusti\u00f3n, Recuperadores de calor en Valencia\",\"isPartOf\":{\"@id\":\"https:\/\/www.ingeneo.tech\/en\/#website\"},\"primaryImageOfPage\":{\"@id\":\"https:\/\/www.ingeneo.tech\/en\/industry-sectors\/#primaryimage\"},\"image\":{\"@id\":\"https:\/\/www.ingeneo.tech\/en\/industry-sectors\/#primaryimage\"},\"thumbnailUrl\":\"https:\/\/www.ingeneo.tech\/wp-content\/uploads\/2019\/12\/FritasIco.jpg\",\"datePublished\":\"2019-11-10T19:36:53+00:00\",\"dateModified\":\"2020-01-20T21:13:39+00:00\",\"breadcrumb\":{\"@id\":\"https:\/\/www.ingeneo.tech\/en\/industry-sectors\/#breadcrumb\"},\"inLanguage\":\"en-US\",\"potentialAction\":[{\"@type\":\"ReadAction\",\"target\":[\"https:\/\/www.ingeneo.tech\/en\/industry-sectors\/\"]}]},{\"@type\":\"ImageObject\",\"inLanguage\":\"en-US\",\"@id\":\"https:\/\/www.ingeneo.tech\/en\/industry-sectors\/#primaryimage\",\"url\":\"https:\/\/www.ingeneo.tech\/wp-content\/uploads\/2019\/12\/FritasIco.jpg\",\"contentUrl\":\"https:\/\/www.ingeneo.tech\/wp-content\/uploads\/2019\/12\/FritasIco.jpg\"},{\"@type\":\"BreadcrumbList\",\"@id\":\"https:\/\/www.ingeneo.tech\/en\/industry-sectors\/#breadcrumb\",\"itemListElement\":[{\"@type\":\"ListItem\",\"position\":1,\"name\":\"Portada\",\"item\":\"https:\/\/www.ingeneo.tech\/en\/\"},{\"@type\":\"ListItem\",\"position\":2,\"name\":\"Industry Sectors\"}]},{\"@type\":\"WebSite\",\"@id\":\"https:\/\/www.ingeneo.tech\/en\/#website\",\"url\":\"https:\/\/www.ingeneo.tech\/en\/\",\"name\":\"Ingeneo - Ingenier\u00eda, Hornos industriales, Equipos de combusti\u00f3n, Recuperadores de calor en Valencia\",\"description\":\"Ingenier\u00eda, Hornos industriales, Equipos de combusti\u00f3n, Recuperadores de calor en Valencia\",\"potentialAction\":[{\"@type\":\"SearchAction\",\"target\":{\"@type\":\"EntryPoint\",\"urlTemplate\":\"https:\/\/www.ingeneo.tech\/en\/?s={search_term_string}\"},\"query-input\":\"required name=search_term_string\"}],\"inLanguage\":\"en-US\"}]}<\/script>\n<!-- \/ Yoast SEO plugin. -->","yoast_head_json":{"title":"Industry Sectors - Ingeneo - Ingenier\u00eda, Hornos industriales, Equipos de combusti\u00f3n, Recuperadores de calor en Valencia","robots":{"index":"index","follow":"follow","max-snippet":"max-snippet:-1","max-image-preview":"max-image-preview:large","max-video-preview":"max-video-preview:-1"},"canonical":"https:\/\/www.ingeneo.tech\/en\/industry-sectors\/","og_locale":"en_US","og_type":"article","og_title":"Industry Sectors - Ingeneo - Ingenier\u00eda, Hornos industriales, Equipos de combusti\u00f3n, Recuperadores de calor en Valencia","og_url":"https:\/\/www.ingeneo.tech\/en\/industry-sectors\/","og_site_name":"Ingeneo - Ingenier\u00eda, Hornos industriales, Equipos de combusti\u00f3n, Recuperadores de calor en Valencia","article_modified_time":"2020-01-20T21:13:39+00:00","og_image":[{"url":"https:\/\/www.ingeneo.tech\/wp-content\/uploads\/2019\/12\/FritasIco.jpg"}],"twitter_card":"summary_large_image","schema":{"@context":"https:\/\/schema.org","@graph":[{"@type":"WebPage","@id":"https:\/\/www.ingeneo.tech\/en\/industry-sectors\/","url":"https:\/\/www.ingeneo.tech\/en\/industry-sectors\/","name":"Industry Sectors - Ingeneo - Ingenier\u00eda, Hornos industriales, Equipos de combusti\u00f3n, Recuperadores de calor en Valencia","isPartOf":{"@id":"https:\/\/www.ingeneo.tech\/en\/#website"},"primaryImageOfPage":{"@id":"https:\/\/www.ingeneo.tech\/en\/industry-sectors\/#primaryimage"},"image":{"@id":"https:\/\/www.ingeneo.tech\/en\/industry-sectors\/#primaryimage"},"thumbnailUrl":"https:\/\/www.ingeneo.tech\/wp-content\/uploads\/2019\/12\/FritasIco.jpg","datePublished":"2019-11-10T19:36:53+00:00","dateModified":"2020-01-20T21:13:39+00:00","breadcrumb":{"@id":"https:\/\/www.ingeneo.tech\/en\/industry-sectors\/#breadcrumb"},"inLanguage":"en-US","potentialAction":[{"@type":"ReadAction","target":["https:\/\/www.ingeneo.tech\/en\/industry-sectors\/"]}]},{"@type":"ImageObject","inLanguage":"en-US","@id":"https:\/\/www.ingeneo.tech\/en\/industry-sectors\/#primaryimage","url":"https:\/\/www.ingeneo.tech\/wp-content\/uploads\/2019\/12\/FritasIco.jpg","contentUrl":"https:\/\/www.ingeneo.tech\/wp-content\/uploads\/2019\/12\/FritasIco.jpg"},{"@type":"BreadcrumbList","@id":"https:\/\/www.ingeneo.tech\/en\/industry-sectors\/#breadcrumb","itemListElement":[{"@type":"ListItem","position":1,"name":"Portada","item":"https:\/\/www.ingeneo.tech\/en\/"},{"@type":"ListItem","position":2,"name":"Industry Sectors"}]},{"@type":"WebSite","@id":"https:\/\/www.ingeneo.tech\/en\/#website","url":"https:\/\/www.ingeneo.tech\/en\/","name":"Ingeneo - Ingenier\u00eda, Hornos industriales, Equipos de combusti\u00f3n, Recuperadores de calor en Valencia","description":"Ingenier\u00eda, Hornos industriales, Equipos de combusti\u00f3n, Recuperadores de calor en Valencia","potentialAction":[{"@type":"SearchAction","target":{"@type":"EntryPoint","urlTemplate":"https:\/\/www.ingeneo.tech\/en\/?s={search_term_string}"},"query-input":"required name=search_term_string"}],"inLanguage":"en-US"}]}},"_links":{"self":[{"href":"https:\/\/www.ingeneo.tech\/en\/wp-json\/wp\/v2\/pages\/2131","targetHints":{"allow":["GET"]}}],"collection":[{"href":"https:\/\/www.ingeneo.tech\/en\/wp-json\/wp\/v2\/pages"}],"about":[{"href":"https:\/\/www.ingeneo.tech\/en\/wp-json\/wp\/v2\/types\/page"}],"author":[{"embeddable":true,"href":"https:\/\/www.ingeneo.tech\/en\/wp-json\/wp\/v2\/users\/1"}],"replies":[{"embeddable":true,"href":"https:\/\/www.ingeneo.tech\/en\/wp-json\/wp\/v2\/comments?post=2131"}],"version-history":[{"count":4,"href":"https:\/\/www.ingeneo.tech\/en\/wp-json\/wp\/v2\/pages\/2131\/revisions"}],"predecessor-version":[{"id":2381,"href":"https:\/\/www.ingeneo.tech\/en\/wp-json\/wp\/v2\/pages\/2131\/revisions\/2381"}],"wp:attachment":[{"href":"https:\/\/www.ingeneo.tech\/en\/wp-json\/wp\/v2\/media?parent=2131"}],"curies":[{"name":"wp","href":"https:\/\/api.w.org\/{rel}","templated":true}]}}