{"id":2098,"date":"2019-10-25T08:21:53","date_gmt":"2019-10-25T06:21:53","guid":{"rendered":"https:\/\/www.ingeneo.tech\/hornos-industriales\/"},"modified":"2020-09-08T11:51:17","modified_gmt":"2020-09-08T09:51:17","slug":"industrial-furnaces","status":"publish","type":"page","link":"https:\/\/www.ingeneo.tech\/en\/industrial-furnaces\/","title":{"rendered":"Industrial Furnaces"},"content":{"rendered":"<p>With a flexible and innovative business structure in the industrial furnace manufacturing sector, INGENEO is positioned as a company capable of supplying complete furnaces for the fusion of ceramic frits, sodium silicate, glass or biomass among others. The long experience obtained allows us design and build a range of kilns with the smallest specific consumption in the market.<\/p>\n<p>Our scope of supply covers from furnaces of laboratory or industrial tests until furnaces of big productions, so much in continuous as in discontinuous, reaching temperatures of work of until 1600\u00baC.<\/p>\n\n\n<div class=\"wp-block-columns is-layout-flex wp-container-core-columns-is-layout-9d6595d7 wp-block-columns-is-layout-flex\">\n<div class=\"wp-block-column is-vertically-aligned-center is-layout-flow wp-block-column-is-layout-flow\">\n<div class=\"wp-block-image\"><figure class=\"aligncenter size-large\"><a href=\"https:\/\/www.ingeneo.tech\/en\/frit-furnaces\/\"><img loading=\"lazy\" decoding=\"async\" width=\"1024\" height=\"698\" src=\"https:\/\/www.ingeneo.tech\/wp-content\/uploads\/2019\/11\/HORNO-DE-FRITA-1024x698.jpg\" alt=\"\" class=\"wp-image-2104\" srcset=\"https:\/\/www.ingeneo.tech\/wp-content\/uploads\/2019\/11\/HORNO-DE-FRITA-1024x698.jpg 1024w, https:\/\/www.ingeneo.tech\/wp-content\/uploads\/2019\/11\/HORNO-DE-FRITA-300x204.jpg 300w, https:\/\/www.ingeneo.tech\/wp-content\/uploads\/2019\/11\/HORNO-DE-FRITA-768x523.jpg 768w, https:\/\/www.ingeneo.tech\/wp-content\/uploads\/2019\/11\/HORNO-DE-FRITA.jpg 1199w\" sizes=\"auto, (max-width: 1024px) 100vw, 1024px\" \/><\/a><figcaption><a href=\"https:\/\/www.ingeneo.tech\/en\/frit-furnaces\/\">Frit Kilns<\/a><\/figcaption><\/figure><\/div>\n<\/div>\n\n\n\n<div class=\"wp-block-column is-vertically-aligned-center is-layout-flow wp-block-column-is-layout-flow\">\n<div class=\"wp-block-image\"><figure class=\"aligncenter size-large\"><a href=\"https:\/\/www.ingeneo.tech\/en\/sodium-silicate-furnace\/\"><img loading=\"lazy\" decoding=\"async\" width=\"1024\" height=\"641\" src=\"https:\/\/www.ingeneo.tech\/wp-content\/uploads\/2019\/11\/HORNO-DE-SILICATO-1024x641.jpg\" alt=\"\" class=\"wp-image-2107\" srcset=\"https:\/\/www.ingeneo.tech\/wp-content\/uploads\/2019\/11\/HORNO-DE-SILICATO-1024x641.jpg 1024w, https:\/\/www.ingeneo.tech\/wp-content\/uploads\/2019\/11\/HORNO-DE-SILICATO-300x188.jpg 300w, https:\/\/www.ingeneo.tech\/wp-content\/uploads\/2019\/11\/HORNO-DE-SILICATO-768x481.jpg 768w, https:\/\/www.ingeneo.tech\/wp-content\/uploads\/2019\/11\/HORNO-DE-SILICATO.jpg 1241w\" sizes=\"auto, (max-width: 1024px) 100vw, 1024px\" \/><\/a><figcaption><a href=\"https:\/\/www.ingeneo.tech\/en\/sodium-silicate-furnace\/\">Sodium Silicate Kilns<\/a><\/figcaption><\/figure><\/div>\n<\/div>\n<\/div>\n\n\n\n<div class=\"wp-block-columns is-layout-flex wp-container-core-columns-is-layout-9d6595d7 wp-block-columns-is-layout-flex\">\n<div class=\"wp-block-column is-vertically-aligned-center is-layout-flow wp-block-column-is-layout-flow\">\n<div class=\"wp-block-image\"><figure class=\"aligncenter size-large\"><a href=\"https:\/\/www.ingeneo.tech\/en\/glass-furnace\/\"><img loading=\"lazy\" decoding=\"async\" width=\"1024\" height=\"700\" src=\"https:\/\/www.ingeneo.tech\/wp-content\/uploads\/2019\/11\/HORNO-DE-VIDRIO-1024x700.jpg\" alt=\"\" class=\"wp-image-2110\" srcset=\"https:\/\/www.ingeneo.tech\/wp-content\/uploads\/2019\/11\/HORNO-DE-VIDRIO-1024x700.jpg 1024w, https:\/\/www.ingeneo.tech\/wp-content\/uploads\/2019\/11\/HORNO-DE-VIDRIO-300x205.jpg 300w, https:\/\/www.ingeneo.tech\/wp-content\/uploads\/2019\/11\/HORNO-DE-VIDRIO-768x525.jpg 768w, https:\/\/www.ingeneo.tech\/wp-content\/uploads\/2019\/11\/HORNO-DE-VIDRIO.jpg 1197w\" sizes=\"auto, (max-width: 1024px) 100vw, 1024px\" \/><\/a><figcaption><a href=\"https:\/\/www.ingeneo.tech\/en\/glass-furnace\/\">Glass Kilns<\/a><\/figcaption><\/figure><\/div>\n<\/div>\n\n\n\n<div class=\"wp-block-column is-vertically-aligned-center is-layout-flow wp-block-column-is-layout-flow\">\n<div class=\"wp-block-image\"><figure class=\"aligncenter size-large\"><a href=\"https:\/\/www.ingeneo.tech\/en\/biomass-furnaces\/\"><img loading=\"lazy\" decoding=\"async\" width=\"1024\" height=\"623\" src=\"https:\/\/www.ingeneo.tech\/wp-content\/uploads\/2019\/12\/HornosBiomasa-1024x623.jpeg\" alt=\"\" class=\"wp-image-2113\" srcset=\"https:\/\/www.ingeneo.tech\/wp-content\/uploads\/2019\/12\/HornosBiomasa-1024x623.jpeg 1024w, https:\/\/www.ingeneo.tech\/wp-content\/uploads\/2019\/12\/HornosBiomasa-300x183.jpeg 300w, https:\/\/www.ingeneo.tech\/wp-content\/uploads\/2019\/12\/HornosBiomasa-768x467.jpeg 768w, https:\/\/www.ingeneo.tech\/wp-content\/uploads\/2019\/12\/HornosBiomasa-100x60.jpeg 100w, https:\/\/www.ingeneo.tech\/wp-content\/uploads\/2019\/12\/HornosBiomasa.jpeg 1229w\" sizes=\"auto, (max-width: 1024px) 100vw, 1024px\" \/><\/a><figcaption><a href=\"https:\/\/www.ingeneo.tech\/en\/biomass-furnaces\/\">Biomass Kilns<\/a><\/figcaption><\/figure><\/div>\n<\/div>\n<\/div>\n","protected":false},"excerpt":{"rendered":"<p>With a flexible and innovative business structure in the industrial furnace manufacturing sector, INGENEO is positioned as a company capable of supplying complete furnaces for the fusion of ceramic frits, sodium silicate, glass or biomass among others. The long experience obtained allows us design and build a range of kilns with the smallest specific consumption<\/p>\n","protected":false},"author":1,"featured_media":2101,"parent":0,"menu_order":0,"comment_status":"closed","ping_status":"closed","template":"","meta":{"footnotes":""},"class_list":["post-2098","page","type-page","status-publish","has-post-thumbnail","hentry"],"yoast_head":"<!-- This site is optimized with the Yoast SEO plugin v22.4 - https:\/\/yoast.com\/wordpress\/plugins\/seo\/ -->\n<title>Industrial Furnaces - Ingeneo - Ingenier\u00eda, Hornos industriales, Equipos de combusti\u00f3n, Recuperadores de calor en Valencia<\/title>\n<meta name=\"robots\" content=\"index, follow, max-snippet:-1, max-image-preview:large, max-video-preview:-1\" \/>\n<link rel=\"canonical\" href=\"https:\/\/www.ingeneo.tech\/en\/industrial-furnaces\/\" \/>\n<meta property=\"og:locale\" content=\"en_US\" \/>\n<meta property=\"og:type\" content=\"article\" \/>\n<meta property=\"og:title\" content=\"Industrial Furnaces - Ingeneo - Ingenier\u00eda, Hornos industriales, Equipos de combusti\u00f3n, Recuperadores de calor en Valencia\" \/>\n<meta property=\"og:description\" content=\"With a flexible and innovative business structure in the industrial furnace manufacturing sector, INGENEO is positioned as a company capable of supplying complete furnaces for the fusion of ceramic frits, sodium silicate, glass or biomass among others. The long experience obtained allows us design and build a range of kilns with the smallest specific consumption\" \/>\n<meta property=\"og:url\" content=\"https:\/\/www.ingeneo.tech\/en\/industrial-furnaces\/\" \/>\n<meta property=\"og:site_name\" content=\"Ingeneo - Ingenier\u00eda, Hornos industriales, Equipos de combusti\u00f3n, Recuperadores de calor en Valencia\" \/>\n<meta property=\"article:modified_time\" content=\"2020-09-08T09:51:17+00:00\" \/>\n<meta property=\"og:image\" content=\"https:\/\/www.ingeneo.tech\/wp-content\/uploads\/2019\/10\/Ingeneo_Hornos_industriales.png\" \/>\n\t<meta property=\"og:image:width\" content=\"885\" \/>\n\t<meta property=\"og:image:height\" content=\"616\" \/>\n\t<meta property=\"og:image:type\" content=\"image\/png\" \/>\n<meta name=\"twitter:card\" content=\"summary_large_image\" \/>\n<script type=\"application\/ld+json\" class=\"yoast-schema-graph\">{\"@context\":\"https:\/\/schema.org\",\"@graph\":[{\"@type\":\"WebPage\",\"@id\":\"https:\/\/www.ingeneo.tech\/en\/industrial-furnaces\/\",\"url\":\"https:\/\/www.ingeneo.tech\/en\/industrial-furnaces\/\",\"name\":\"Industrial Furnaces - Ingeneo - Ingenier\u00eda, Hornos industriales, Equipos de combusti\u00f3n, Recuperadores de calor en Valencia\",\"isPartOf\":{\"@id\":\"https:\/\/www.ingeneo.tech\/en\/#website\"},\"primaryImageOfPage\":{\"@id\":\"https:\/\/www.ingeneo.tech\/en\/industrial-furnaces\/#primaryimage\"},\"image\":{\"@id\":\"https:\/\/www.ingeneo.tech\/en\/industrial-furnaces\/#primaryimage\"},\"thumbnailUrl\":\"https:\/\/www.ingeneo.tech\/wp-content\/uploads\/2019\/10\/Ingeneo_Hornos_industriales.png\",\"datePublished\":\"2019-10-25T06:21:53+00:00\",\"dateModified\":\"2020-09-08T09:51:17+00:00\",\"breadcrumb\":{\"@id\":\"https:\/\/www.ingeneo.tech\/en\/industrial-furnaces\/#breadcrumb\"},\"inLanguage\":\"en-US\",\"potentialAction\":[{\"@type\":\"ReadAction\",\"target\":[\"https:\/\/www.ingeneo.tech\/en\/industrial-furnaces\/\"]}]},{\"@type\":\"ImageObject\",\"inLanguage\":\"en-US\",\"@id\":\"https:\/\/www.ingeneo.tech\/en\/industrial-furnaces\/#primaryimage\",\"url\":\"https:\/\/www.ingeneo.tech\/wp-content\/uploads\/2019\/10\/Ingeneo_Hornos_industriales.png\",\"contentUrl\":\"https:\/\/www.ingeneo.tech\/wp-content\/uploads\/2019\/10\/Ingeneo_Hornos_industriales.png\",\"width\":885,\"height\":616},{\"@type\":\"BreadcrumbList\",\"@id\":\"https:\/\/www.ingeneo.tech\/en\/industrial-furnaces\/#breadcrumb\",\"itemListElement\":[{\"@type\":\"ListItem\",\"position\":1,\"name\":\"Portada\",\"item\":\"https:\/\/www.ingeneo.tech\/en\/\"},{\"@type\":\"ListItem\",\"position\":2,\"name\":\"Industrial Furnaces\"}]},{\"@type\":\"WebSite\",\"@id\":\"https:\/\/www.ingeneo.tech\/en\/#website\",\"url\":\"https:\/\/www.ingeneo.tech\/en\/\",\"name\":\"Ingeneo - Ingenier\u00eda, Hornos industriales, Equipos de combusti\u00f3n, Recuperadores de calor en Valencia\",\"description\":\"Ingenier\u00eda, Hornos industriales, Equipos de combusti\u00f3n, Recuperadores de calor en Valencia\",\"potentialAction\":[{\"@type\":\"SearchAction\",\"target\":{\"@type\":\"EntryPoint\",\"urlTemplate\":\"https:\/\/www.ingeneo.tech\/en\/?s={search_term_string}\"},\"query-input\":\"required name=search_term_string\"}],\"inLanguage\":\"en-US\"}]}<\/script>\n<!-- \/ Yoast SEO plugin. -->","yoast_head_json":{"title":"Industrial Furnaces - Ingeneo - Ingenier\u00eda, Hornos industriales, Equipos de combusti\u00f3n, Recuperadores de calor en Valencia","robots":{"index":"index","follow":"follow","max-snippet":"max-snippet:-1","max-image-preview":"max-image-preview:large","max-video-preview":"max-video-preview:-1"},"canonical":"https:\/\/www.ingeneo.tech\/en\/industrial-furnaces\/","og_locale":"en_US","og_type":"article","og_title":"Industrial Furnaces - Ingeneo - Ingenier\u00eda, Hornos industriales, Equipos de combusti\u00f3n, Recuperadores de calor en Valencia","og_description":"With a flexible and innovative business structure in the industrial furnace manufacturing sector, INGENEO is positioned as a company capable of supplying complete furnaces for the fusion of ceramic frits, sodium silicate, glass or biomass among others. The long experience obtained allows us design and build a range of kilns with the smallest specific consumption","og_url":"https:\/\/www.ingeneo.tech\/en\/industrial-furnaces\/","og_site_name":"Ingeneo - Ingenier\u00eda, Hornos industriales, Equipos de combusti\u00f3n, Recuperadores de calor en Valencia","article_modified_time":"2020-09-08T09:51:17+00:00","og_image":[{"width":885,"height":616,"url":"https:\/\/www.ingeneo.tech\/wp-content\/uploads\/2019\/10\/Ingeneo_Hornos_industriales.png","type":"image\/png"}],"twitter_card":"summary_large_image","schema":{"@context":"https:\/\/schema.org","@graph":[{"@type":"WebPage","@id":"https:\/\/www.ingeneo.tech\/en\/industrial-furnaces\/","url":"https:\/\/www.ingeneo.tech\/en\/industrial-furnaces\/","name":"Industrial Furnaces - Ingeneo - Ingenier\u00eda, Hornos industriales, Equipos de combusti\u00f3n, Recuperadores de calor en Valencia","isPartOf":{"@id":"https:\/\/www.ingeneo.tech\/en\/#website"},"primaryImageOfPage":{"@id":"https:\/\/www.ingeneo.tech\/en\/industrial-furnaces\/#primaryimage"},"image":{"@id":"https:\/\/www.ingeneo.tech\/en\/industrial-furnaces\/#primaryimage"},"thumbnailUrl":"https:\/\/www.ingeneo.tech\/wp-content\/uploads\/2019\/10\/Ingeneo_Hornos_industriales.png","datePublished":"2019-10-25T06:21:53+00:00","dateModified":"2020-09-08T09:51:17+00:00","breadcrumb":{"@id":"https:\/\/www.ingeneo.tech\/en\/industrial-furnaces\/#breadcrumb"},"inLanguage":"en-US","potentialAction":[{"@type":"ReadAction","target":["https:\/\/www.ingeneo.tech\/en\/industrial-furnaces\/"]}]},{"@type":"ImageObject","inLanguage":"en-US","@id":"https:\/\/www.ingeneo.tech\/en\/industrial-furnaces\/#primaryimage","url":"https:\/\/www.ingeneo.tech\/wp-content\/uploads\/2019\/10\/Ingeneo_Hornos_industriales.png","contentUrl":"https:\/\/www.ingeneo.tech\/wp-content\/uploads\/2019\/10\/Ingeneo_Hornos_industriales.png","width":885,"height":616},{"@type":"BreadcrumbList","@id":"https:\/\/www.ingeneo.tech\/en\/industrial-furnaces\/#breadcrumb","itemListElement":[{"@type":"ListItem","position":1,"name":"Portada","item":"https:\/\/www.ingeneo.tech\/en\/"},{"@type":"ListItem","position":2,"name":"Industrial Furnaces"}]},{"@type":"WebSite","@id":"https:\/\/www.ingeneo.tech\/en\/#website","url":"https:\/\/www.ingeneo.tech\/en\/","name":"Ingeneo - Ingenier\u00eda, Hornos industriales, Equipos de combusti\u00f3n, Recuperadores de calor en Valencia","description":"Ingenier\u00eda, Hornos industriales, Equipos de combusti\u00f3n, Recuperadores de calor en Valencia","potentialAction":[{"@type":"SearchAction","target":{"@type":"EntryPoint","urlTemplate":"https:\/\/www.ingeneo.tech\/en\/?s={search_term_string}"},"query-input":"required name=search_term_string"}],"inLanguage":"en-US"}]}},"_links":{"self":[{"href":"https:\/\/www.ingeneo.tech\/en\/wp-json\/wp\/v2\/pages\/2098","targetHints":{"allow":["GET"]}}],"collection":[{"href":"https:\/\/www.ingeneo.tech\/en\/wp-json\/wp\/v2\/pages"}],"about":[{"href":"https:\/\/www.ingeneo.tech\/en\/wp-json\/wp\/v2\/types\/page"}],"author":[{"embeddable":true,"href":"https:\/\/www.ingeneo.tech\/en\/wp-json\/wp\/v2\/users\/1"}],"replies":[{"embeddable":true,"href":"https:\/\/www.ingeneo.tech\/en\/wp-json\/wp\/v2\/comments?post=2098"}],"version-history":[{"count":8,"href":"https:\/\/www.ingeneo.tech\/en\/wp-json\/wp\/v2\/pages\/2098\/revisions"}],"predecessor-version":[{"id":2698,"href":"https:\/\/www.ingeneo.tech\/en\/wp-json\/wp\/v2\/pages\/2098\/revisions\/2698"}],"wp:featuredmedia":[{"embeddable":true,"href":"https:\/\/www.ingeneo.tech\/en\/wp-json\/wp\/v2\/media\/2101"}],"wp:attachment":[{"href":"https:\/\/www.ingeneo.tech\/en\/wp-json\/wp\/v2\/media?parent=2098"}],"curies":[{"name":"wp","href":"https:\/\/api.w.org\/{rel}","templated":true}]}}