{"id":2078,"date":"2016-12-22T16:43:59","date_gmt":"2016-12-22T16:43:59","guid":{"rendered":"https:\/\/www.ingeneo.tech\/empresa\/"},"modified":"2020-09-07T12:46:22","modified_gmt":"2020-09-07T10:46:22","slug":"company","status":"publish","type":"page","link":"https:\/\/www.ingeneo.tech\/en\/company\/","title":{"rendered":"Company"},"content":{"rendered":"<p>[vc_row][vc_column][vc_custom_heading text=&#8221;INGENEO IS AN ENGINEERING COMPANY DEDICATED TO THE SUPPLY AND DESIGN OF INDUSTRIAL EQUIPMENT&#8221; font_container=&#8221;tag:h3|font_size:28|text_align:center|line_height:1.5&#8243; use_theme_fonts=&#8221;yes&#8221; el_class=&#8221;uppercase spacing-5 light&#8221;][vc_column_text]Equipment related to thermal energy and its optimization as industrial furnaces, heat recuperators or steam generators, as well as equipment for the treatment and purification of gases, taking into account the environment as one of our main objectives.<\/p>\n<p>Our achievements are due to the ability to offer tailored solutions for any type of need, studying in each case all the conditions to offer a tailored response and, in turn, the most profitable and effective.<\/p>\n<p>We have a wide range of equipment models and technical solutions for the energy optimization of industrial processes. Our technology is present in different sectors such as ceramics, food, recycling, biomass, petrochemical, research etc &#8230;<\/p>\n<p>Safety first; all materials we use in our products are of the highest quality and each of its components comply with the regulations established for this type of machines in the European Community.[\/vc_column_text][\/vc_column][\/vc_row][vc_row css=&#8221;.vc_custom_1483349630076{padding-top: 30px !important;padding-bottom: 30px !important;}&#8221;][vc_column][vc_separator color=&#8221;custom&#8221; accent_color=&#8221;#cccccc&#8221;][\/vc_column][\/vc_row][vc_row full_width=&#8221;stretch_row&#8221; css=&#8221;.vc_custom_1575316287566{padding-bottom: 30px !important;}&#8221;][vc_column width=&#8221;1\/3&#8243;]<div class=\"hellen-element wpb_content_element hellen-element-iconbox \" id=\"iconbox-1\">\n<div class=\"hellen-iconbox type-icon iconbox-icon iconbox-dark\">\n    \n        <div class=\"icon-wrapper\">\n\n        <span class=\"icon\"><i class=\"fa fa-flag-checkered\"><\/i><\/span>\n    <\/div><!-- .icon-wrapper -->\n    \n        <div class=\"iconbox-text\">\n\n                <h3 class=\"iconbox-title\">\n\n            MISSION\n        <\/h3>\n        \n                <div class=\"iconbox-description\">\n\n            <p>Deepen and manage knowledge to provide the best possible solution to our customers&#8217; technical challenges, guaranteeing the integral quality of our work and thus ensuring the sustainability of INGENEO.<\/p>\n\n        <\/div>\n        \n    <\/div><!-- .iconbox-text -->\n        \n<\/div><!-- .hellen-iconbox --><\/div>[\/vc_column][vc_column width=&#8221;1\/3&#8243;]<div class=\"hellen-element wpb_content_element hellen-element-iconbox \" id=\"iconbox-2\">\n<div class=\"hellen-iconbox type-icon iconbox-icon iconbox-dark\">\n    \n        <div class=\"icon-wrapper\">\n\n        <span class=\"icon\"><i class=\"fa fa-eye\"><\/i><\/span>\n    <\/div><!-- .icon-wrapper -->\n    \n        <div class=\"iconbox-text\">\n\n                <h3 class=\"iconbox-title\">\n\n            VISION\n        <\/h3>\n        \n                <div class=\"iconbox-description\">\n\n            <p>INGENEO must be an organization recognized for the application of good technical, environmental, economic and social practices, capable of solving, together with its clients, the technical challenges that arise, eager for knowledge, talent development and continuous improvement as keys of a proven quality.<\/p>\n\n        <\/div>\n        \n    <\/div><!-- .iconbox-text -->\n        \n<\/div><!-- .hellen-iconbox --><\/div>[\/vc_column][vc_column width=&#8221;1\/3&#8243; css=&#8221;.vc_custom_1575316253762{padding-right: 10px !important;}&#8221;]<div class=\"hellen-element wpb_content_element hellen-element-iconbox \" id=\"iconbox-3\">\n<div class=\"hellen-iconbox type-icon iconbox-icon iconbox-dark\">\n    \n        <div class=\"icon-wrapper\">\n\n        <span class=\"icon\"><i class=\"fa fa-check-circle-o\"><\/i><\/span>\n    <\/div><!-- .icon-wrapper -->\n    \n        <div class=\"iconbox-text\">\n\n                <h3 class=\"iconbox-title\">\n\n            VALUES\n        <\/h3>\n        \n                <div class=\"iconbox-description\">\n\n            <ol>\n<li>Integrity<\/li>\n<li>Professionalism<\/li>\n<li>Customer orientation<\/li>\n<li>Continuous improvement<\/li>\n<li>Social and environmental responsibility<\/li>\n<li>Positive thinking<\/li>\n<\/ol>\n\n        <\/div>\n        \n    <\/div><!-- .iconbox-text -->\n        \n<\/div><!-- .hellen-iconbox --><\/div>[\/vc_column][\/vc_row][vc_row][vc_column]<div class=\"hellen-element wpb_content_element hellen-element-heading \" id=\"heading-1\"><div class=\"hellen-heading heading-center heading-lines-full\">\n    \n            \n    <div class=\"heading-container\">\n\n        <h1 class=\"heading-title\">WORK WITH US<\/h1>\n    <\/div>\n    \n    \n<\/div><!-- .hellen-heading --><\/div>[\/vc_column][\/vc_row][vc_row][vc_column][vc_wp_text]Our goal is to incorporate and retain talent, great professionals committed to the project and the values \u200b\u200bof Ingeneo. We believe in merit and effort as a basis for promotion and development, both professional and personal, of our tem members.<\/p>\n<p>We are possitive that a company, and even more an engineering one, is based on the people who form it, so we understand that we must ensure:<\/p>\n<ul>\n<li>Equality of opportunity and non-discrimination.<\/li>\n<li>Respect for the person, honesty and professional ethics.<\/li>\n<li>Confidentiality guarantee.<\/li>\n<\/ul>\n<p>If you think your profile and values \u200b\u200bfit with us, please send an email to HR@ingeneo.tech[\/vc_wp_text][\/vc_column][\/vc_row]<\/p>\n","protected":false},"excerpt":{"rendered":"<p>[vc_row][vc_column][vc_custom_heading text=&#8221;INGENEO IS AN ENGINEERING COMPANY DEDICATED TO THE SUPPLY AND DESIGN OF INDUSTRIAL EQUIPMENT&#8221; font_container=&#8221;tag:h3|font_size:28|text_align:center|line_height:1.5&#8243; use_theme_fonts=&#8221;yes&#8221; el_class=&#8221;uppercase spacing-5 light&#8221;][vc_column_text]Equipment related to thermal energy and its optimization as industrial furnaces, heat recuperators or steam generators, as well as equipment for the treatment and purification of gases, taking into account the environment as one of our<\/p>\n","protected":false},"author":1,"featured_media":0,"parent":0,"menu_order":0,"comment_status":"closed","ping_status":"closed","template":"","meta":{"footnotes":""},"class_list":["post-2078","page","type-page","status-publish","hentry"],"yoast_head":"<!-- This site is optimized with the Yoast SEO plugin v22.4 - https:\/\/yoast.com\/wordpress\/plugins\/seo\/ -->\n<title>Company - Ingeneo - Ingenier\u00eda, Hornos industriales, Equipos de combusti\u00f3n, Recuperadores de calor en Valencia<\/title>\n<meta name=\"robots\" content=\"index, follow, max-snippet:-1, max-image-preview:large, max-video-preview:-1\" \/>\n<link rel=\"canonical\" href=\"https:\/\/www.ingeneo.tech\/en\/company\/\" \/>\n<meta property=\"og:locale\" content=\"en_US\" \/>\n<meta property=\"og:type\" content=\"article\" \/>\n<meta property=\"og:title\" content=\"Company - Ingeneo - Ingenier\u00eda, Hornos industriales, Equipos de combusti\u00f3n, Recuperadores de calor en Valencia\" \/>\n<meta property=\"og:description\" content=\"[vc_row][vc_column][vc_custom_heading text=&#8221;INGENEO IS AN ENGINEERING COMPANY DEDICATED TO THE SUPPLY AND DESIGN OF INDUSTRIAL EQUIPMENT&#8221; font_container=&#8221;tag:h3|font_size:28|text_align:center|line_height:1.5&#8243; use_theme_fonts=&#8221;yes&#8221; el_class=&#8221;uppercase spacing-5 light&#8221;][vc_column_text]Equipment related to thermal energy and its optimization as industrial furnaces, heat recuperators or steam generators, as well as equipment for the treatment and purification of gases, taking into account the environment as one of our\" \/>\n<meta property=\"og:url\" content=\"https:\/\/www.ingeneo.tech\/en\/company\/\" \/>\n<meta property=\"og:site_name\" content=\"Ingeneo - Ingenier\u00eda, Hornos industriales, Equipos de combusti\u00f3n, Recuperadores de calor en Valencia\" \/>\n<meta property=\"article:modified_time\" content=\"2020-09-07T10:46:22+00:00\" \/>\n<meta name=\"twitter:card\" content=\"summary_large_image\" \/>\n<meta name=\"twitter:label1\" content=\"Est. reading time\" \/>\n\t<meta name=\"twitter:data1\" content=\"2 minutes\" \/>\n<script type=\"application\/ld+json\" class=\"yoast-schema-graph\">{\"@context\":\"https:\/\/schema.org\",\"@graph\":[{\"@type\":\"WebPage\",\"@id\":\"https:\/\/www.ingeneo.tech\/en\/company\/\",\"url\":\"https:\/\/www.ingeneo.tech\/en\/company\/\",\"name\":\"Company - Ingeneo - Ingenier\u00eda, Hornos industriales, Equipos de combusti\u00f3n, Recuperadores de calor en Valencia\",\"isPartOf\":{\"@id\":\"https:\/\/www.ingeneo.tech\/en\/#website\"},\"datePublished\":\"2016-12-22T16:43:59+00:00\",\"dateModified\":\"2020-09-07T10:46:22+00:00\",\"breadcrumb\":{\"@id\":\"https:\/\/www.ingeneo.tech\/en\/company\/#breadcrumb\"},\"inLanguage\":\"en-US\",\"potentialAction\":[{\"@type\":\"ReadAction\",\"target\":[\"https:\/\/www.ingeneo.tech\/en\/company\/\"]}]},{\"@type\":\"BreadcrumbList\",\"@id\":\"https:\/\/www.ingeneo.tech\/en\/company\/#breadcrumb\",\"itemListElement\":[{\"@type\":\"ListItem\",\"position\":1,\"name\":\"Portada\",\"item\":\"https:\/\/www.ingeneo.tech\/en\/\"},{\"@type\":\"ListItem\",\"position\":2,\"name\":\"Company\"}]},{\"@type\":\"WebSite\",\"@id\":\"https:\/\/www.ingeneo.tech\/en\/#website\",\"url\":\"https:\/\/www.ingeneo.tech\/en\/\",\"name\":\"Ingeneo - Ingenier\u00eda, Hornos industriales, Equipos de combusti\u00f3n, Recuperadores de calor en Valencia\",\"description\":\"Ingenier\u00eda, Hornos industriales, Equipos de combusti\u00f3n, Recuperadores de calor en Valencia\",\"potentialAction\":[{\"@type\":\"SearchAction\",\"target\":{\"@type\":\"EntryPoint\",\"urlTemplate\":\"https:\/\/www.ingeneo.tech\/en\/?s={search_term_string}\"},\"query-input\":\"required name=search_term_string\"}],\"inLanguage\":\"en-US\"}]}<\/script>\n<!-- \/ Yoast SEO plugin. -->","yoast_head_json":{"title":"Company - Ingeneo - Ingenier\u00eda, Hornos industriales, Equipos de combusti\u00f3n, Recuperadores de calor en Valencia","robots":{"index":"index","follow":"follow","max-snippet":"max-snippet:-1","max-image-preview":"max-image-preview:large","max-video-preview":"max-video-preview:-1"},"canonical":"https:\/\/www.ingeneo.tech\/en\/company\/","og_locale":"en_US","og_type":"article","og_title":"Company - Ingeneo - Ingenier\u00eda, Hornos industriales, Equipos de combusti\u00f3n, Recuperadores de calor en Valencia","og_description":"[vc_row][vc_column][vc_custom_heading text=&#8221;INGENEO IS AN ENGINEERING COMPANY DEDICATED TO THE SUPPLY AND DESIGN OF INDUSTRIAL EQUIPMENT&#8221; font_container=&#8221;tag:h3|font_size:28|text_align:center|line_height:1.5&#8243; use_theme_fonts=&#8221;yes&#8221; el_class=&#8221;uppercase spacing-5 light&#8221;][vc_column_text]Equipment related to thermal energy and its optimization as industrial furnaces, heat recuperators or steam generators, as well as equipment for the treatment and purification of gases, taking into account the environment as one of our","og_url":"https:\/\/www.ingeneo.tech\/en\/company\/","og_site_name":"Ingeneo - Ingenier\u00eda, Hornos industriales, Equipos de combusti\u00f3n, Recuperadores de calor en Valencia","article_modified_time":"2020-09-07T10:46:22+00:00","twitter_card":"summary_large_image","twitter_misc":{"Est. reading time":"2 minutes"},"schema":{"@context":"https:\/\/schema.org","@graph":[{"@type":"WebPage","@id":"https:\/\/www.ingeneo.tech\/en\/company\/","url":"https:\/\/www.ingeneo.tech\/en\/company\/","name":"Company - Ingeneo - Ingenier\u00eda, Hornos industriales, Equipos de combusti\u00f3n, Recuperadores de calor en Valencia","isPartOf":{"@id":"https:\/\/www.ingeneo.tech\/en\/#website"},"datePublished":"2016-12-22T16:43:59+00:00","dateModified":"2020-09-07T10:46:22+00:00","breadcrumb":{"@id":"https:\/\/www.ingeneo.tech\/en\/company\/#breadcrumb"},"inLanguage":"en-US","potentialAction":[{"@type":"ReadAction","target":["https:\/\/www.ingeneo.tech\/en\/company\/"]}]},{"@type":"BreadcrumbList","@id":"https:\/\/www.ingeneo.tech\/en\/company\/#breadcrumb","itemListElement":[{"@type":"ListItem","position":1,"name":"Portada","item":"https:\/\/www.ingeneo.tech\/en\/"},{"@type":"ListItem","position":2,"name":"Company"}]},{"@type":"WebSite","@id":"https:\/\/www.ingeneo.tech\/en\/#website","url":"https:\/\/www.ingeneo.tech\/en\/","name":"Ingeneo - Ingenier\u00eda, Hornos industriales, Equipos de combusti\u00f3n, Recuperadores de calor en Valencia","description":"Ingenier\u00eda, Hornos industriales, Equipos de combusti\u00f3n, Recuperadores de calor en Valencia","potentialAction":[{"@type":"SearchAction","target":{"@type":"EntryPoint","urlTemplate":"https:\/\/www.ingeneo.tech\/en\/?s={search_term_string}"},"query-input":"required name=search_term_string"}],"inLanguage":"en-US"}]}},"_links":{"self":[{"href":"https:\/\/www.ingeneo.tech\/en\/wp-json\/wp\/v2\/pages\/2078","targetHints":{"allow":["GET"]}}],"collection":[{"href":"https:\/\/www.ingeneo.tech\/en\/wp-json\/wp\/v2\/pages"}],"about":[{"href":"https:\/\/www.ingeneo.tech\/en\/wp-json\/wp\/v2\/types\/page"}],"author":[{"embeddable":true,"href":"https:\/\/www.ingeneo.tech\/en\/wp-json\/wp\/v2\/users\/1"}],"replies":[{"embeddable":true,"href":"https:\/\/www.ingeneo.tech\/en\/wp-json\/wp\/v2\/comments?post=2078"}],"version-history":[{"count":7,"href":"https:\/\/www.ingeneo.tech\/en\/wp-json\/wp\/v2\/pages\/2078\/revisions"}],"predecessor-version":[{"id":2085,"href":"https:\/\/www.ingeneo.tech\/en\/wp-json\/wp\/v2\/pages\/2078\/revisions\/2085"}],"wp:attachment":[{"href":"https:\/\/www.ingeneo.tech\/en\/wp-json\/wp\/v2\/media?parent=2078"}],"curies":[{"name":"wp","href":"https:\/\/api.w.org\/{rel}","templated":true}]}}